{"id":653,"date":"2022-05-09T16:11:34","date_gmt":"2022-05-09T15:11:34","guid":{"rendered":"https:\/\/arvicacao.com\/politica-sulla-privacy-2"},"modified":"2024-04-23T14:11:52","modified_gmt":"2024-04-23T13:11:52","slug":"politica-sulla-privacy-2","status":"publish","type":"page","link":"https:\/\/arvicacao.com\/it\/politica-sulla-privacy-2","title":{"rendered":"Politica sulla privacy"},"content":{"rendered":"\n<h2>1. INFORMAZIONI SULL&#8217;UTENTE<\/h2>\n<p><br>ARVICACAO S.L., di seguito RESPONSABILE, \u00e8 il responsabile del trattamento dei dati personali dell&#8217;Utente e informa che tali dati saranno trattati in conformit\u00e0 alle disposizioni del Regolamento (UE) 2016\/679 del 27 aprile (GDPR) e della Legge Organica 3\/2018 del 5 dicembre (LOPDGDD), per cui si forniscono le seguenti informazioni sul trattamento:<\/p>\n<p><br>Finalit\u00e0 del trattamento: mantenere un rapporto commerciale con l&#8217;Utente. Le operazioni previste per lo svolgimento del trattamento sono:<\/p>\n<ul>\n<li>Invio di comunicazioni pubblicitarie commerciali tramite e-mail, fax, SMS, MMS, comunit\u00e0 sociali o qualsiasi altro mezzo elettronico o fisico, presente o futuro, che consenta di effettuare comunicazioni commerciali. Queste comunicazioni saranno effettuate dal RESPONSABILE e saranno relative ai suoi prodotti e servizi, o a quelli dei suoi partner o fornitori con cui ha raggiunto un accordo promozionale. In questo caso, i terzi non avranno mai accesso ai dati personali.<\/li>\n<li>Condurre studi statistici.<\/li>\n<li>Per evadere ordini, richieste o qualsiasi tipo di richiesta fatta dall&#8217;utente attraverso una qualsiasi delle forme di contatto messe a sua disposizione.<\/li>\n<li>Inviare la newsletter del sito web.<\/li>\n<\/ul>\n<p> <\/p>\n<p>Base giuridica del trattamento: consenso dell&#8217;interessato.<\/p>\n<p><br>Criteri di conservazione dei dati: i dati saranno conservati per un periodo di tempo non superiore a quello necessario al mantenimento delle finalit\u00e0 del trattamento e, quando non saranno pi\u00f9 necessari per tali finalit\u00e0, saranno cancellati con misure appropriate.<br>misure di sicurezza adeguate per garantire la pseudonimizzazione dei dati o la loro totale distruzione.<\/p>\n<p><br>Comunicazione dei dati: i dati non saranno comunicati a terzi, a meno che non siano obbligati per legge.<\/p>\n<ul>\n<li>Diritti dell&#8217;Utente:<\/li>\n<li>Diritto di ritirare il consenso in qualsiasi momento.<\/li>\n<li>Il diritto di accesso, rettifica, portabilit\u00e0 e cancellazione dei vostri dati e il diritto di limitare o opporsi al loro trattamento.<\/li>\n<li>Il diritto di proporre reclamo all&#8217;autorit\u00e0 di controllo (www.aepd.es) qualora ritenga che il trattamento non sia conforme alla normativa vigente.<\/li>\n<\/ul>\n<p><br>Informazioni di contatto per l&#8217;esercizio dei diritti:<\/p>\n<p><br>ARVICACAO S.L. Cl Triunfo N\u00ba2 2\u00ba Vigo 36202, Pontevedra, Espa\u00f1a. Email: info@arvicacao.com<\/p>\n<p> <\/p>\n<h2><br>2. NATURA OBBLIGATORIA O FACOLTATIVA DELLE INFORMAZIONI FORNITE DALL&#8217;UTENTE<\/h2>\n<p><br>Gli utenti, selezionando le caselle corrispondenti e inserendo i dati nei campi contrassegnati da un asterisco (*) nel modulo di contatto o presentati nei moduli di download, accettano espressamente e liberamente e inequivocabilmente che i loro dati sono necessari al fornitore per gestire la loro richiesta, mentre l&#8217;inserimento dei dati nei campi rimanenti \u00e8 volontario. L&#8217;Utente garantisce che i dati personali forniti al RESPONSABILE sono veritieri ed \u00e8 responsabile di comunicare qualsiasi modifica degli stessi.<\/p>\n<p><br>Il RESPONSABILE informa e garantisce espressamente agli utenti che i loro dati personali non saranno trasferiti in nessun caso a terzi, e che ogni volta che verr\u00e0 effettuato un qualsiasi tipo di trasferimento di dati personali, verr\u00e0 richiesto preventivamente il consenso espresso, informato e inequivocabile degli utenti. Tutti i dati richiesti attraverso il sito web sono obbligatori, in quanto necessari per la fornitura di un servizio ottimale all&#8217;Utente. Se non vengono forniti tutti i dati, non \u00e8 possibile garantire che le informazioni e i servizi forniti siano completamente adeguati alle vostre esigenze.<\/p>\n<p> <\/p>\n<h2>3. MISURE DI SICUREZZA<\/h2>\n<p><br>Che in conformit\u00e0 alle disposizioni della normativa vigente in materia di protezione dei dati personali, il RESPONSABILE rispetta tutte le disposizioni della normativa GDPR per il trattamento dei dati personali sotto la sua responsabilit\u00e0, e manifestamente i principi descritti nell&#8217;articolo 5 del GDPR, per cui essi sono trattati in modo lecito, equo e trasparente nei confronti dell&#8217;interessato e sono adeguati, pertinenti e limitati a quanto necessario in relazione alle finalit\u00e0 per le quali sono trattati.<\/p>\n<p><br>Il RESPONSABILE garantisce di aver implementato politiche tecniche e organizzative adeguate per attuare le misure di sicurezza previste dal GDPR per proteggere i diritti e le libert\u00e0 degli Utenti e di aver comunicato agli Utenti informazioni adeguate per consentire loro di esercitare tali diritti e libert\u00e0.<\/p>\n\n","protected":false},"excerpt":{"rendered":"","protected":false},"author":1,"featured_media":0,"parent":0,"menu_order":0,"comment_status":"closed","ping_status":"closed","template":"","meta":{"_joinchat":[],"footnotes":""},"class_list":["post-653","page","type-page","status-publish","hentry"],"yoast_head":"<!-- This site is optimized with the Yoast SEO plugin v22.5 - https:\/\/yoast.com\/wordpress\/plugins\/seo\/ -->\n<title>Politica sulla privacy - Arvicacao<\/title>\n<meta name=\"robots\" content=\"noindex, nofollow\" \/>\n<meta property=\"og:locale\" content=\"it_IT\" \/>\n<meta property=\"og:type\" content=\"article\" \/>\n<meta property=\"og:title\" content=\"Politica sulla privacy - Arvicacao\" \/>\n<meta property=\"og:url\" content=\"https:\/\/arvicacao.com\/it\/politica-sulla-privacy-2\" \/>\n<meta property=\"og:site_name\" content=\"Arvicacao\" \/>\n<meta property=\"article:publisher\" content=\"https:\/\/www.facebook.com\/Arvichocolate\" \/>\n<meta property=\"article:modified_time\" content=\"2024-04-23T13:11:52+00:00\" \/>\n<meta name=\"twitter:card\" content=\"summary_large_image\" \/>\n<meta name=\"twitter:label1\" content=\"Tempo di lettura stimato\" \/>\n\t<meta name=\"twitter:data1\" content=\"3 minuti\" \/>\n<script type=\"application\/ld+json\" class=\"yoast-schema-graph\">{\"@context\":\"https:\/\/schema.org\",\"@graph\":[{\"@type\":\"WebPage\",\"@id\":\"https:\/\/arvicacao.com\/it\/politica-sulla-privacy-2\",\"url\":\"https:\/\/arvicacao.com\/it\/politica-sulla-privacy-2\",\"name\":\"Politica sulla privacy - Arvicacao\",\"isPartOf\":{\"@id\":\"https:\/\/arvicacao.com\/#website\"},\"datePublished\":\"2022-05-09T15:11:34+00:00\",\"dateModified\":\"2024-04-23T13:11:52+00:00\",\"breadcrumb\":{\"@id\":\"https:\/\/arvicacao.com\/it\/politica-sulla-privacy-2#breadcrumb\"},\"inLanguage\":\"it-IT\",\"potentialAction\":[{\"@type\":\"ReadAction\",\"target\":[\"https:\/\/arvicacao.com\/it\/politica-sulla-privacy-2\"]}]},{\"@type\":\"BreadcrumbList\",\"@id\":\"https:\/\/arvicacao.com\/it\/politica-sulla-privacy-2#breadcrumb\",\"itemListElement\":[{\"@type\":\"ListItem\",\"position\":1,\"name\":\"Portada\",\"item\":\"https:\/\/arvicacao.com\/it\"},{\"@type\":\"ListItem\",\"position\":2,\"name\":\"Politica sulla privacy\"}]},{\"@type\":\"WebSite\",\"@id\":\"https:\/\/arvicacao.com\/#website\",\"url\":\"https:\/\/arvicacao.com\/\",\"name\":\"Arvicacao\",\"description\":\".\",\"publisher\":{\"@id\":\"https:\/\/arvicacao.com\/#organization\"},\"potentialAction\":[{\"@type\":\"SearchAction\",\"target\":{\"@type\":\"EntryPoint\",\"urlTemplate\":\"https:\/\/arvicacao.com\/?s={search_term_string}\"},\"query-input\":\"required name=search_term_string\"}],\"inLanguage\":\"it-IT\"},{\"@type\":\"Organization\",\"@id\":\"https:\/\/arvicacao.com\/#organization\",\"name\":\"Arvicacao\",\"url\":\"https:\/\/arvicacao.com\/\",\"logo\":{\"@type\":\"ImageObject\",\"inLanguage\":\"it-IT\",\"@id\":\"https:\/\/arvicacao.com\/#\/schema\/logo\/image\/\",\"url\":\"https:\/\/arvicacao.com\/wp-content\/uploads\/2021\/09\/arvicacao-chocolate-logo.png\",\"contentUrl\":\"https:\/\/arvicacao.com\/wp-content\/uploads\/2021\/09\/arvicacao-chocolate-logo.png\",\"width\":500,\"height\":500,\"caption\":\"Arvicacao\"},\"image\":{\"@id\":\"https:\/\/arvicacao.com\/#\/schema\/logo\/image\/\"},\"sameAs\":[\"https:\/\/www.facebook.com\/Arvichocolate\",\"https:\/\/www.instagram.com\/arvicacao\",\"https:\/\/es.linkedin.com\/company\/arvicacao\"]}]}<\/script>\n<!-- \/ Yoast SEO plugin. -->","yoast_head_json":{"title":"Politica sulla privacy - Arvicacao","robots":{"index":"noindex","follow":"nofollow"},"og_locale":"it_IT","og_type":"article","og_title":"Politica sulla privacy - Arvicacao","og_url":"https:\/\/arvicacao.com\/it\/politica-sulla-privacy-2","og_site_name":"Arvicacao","article_publisher":"https:\/\/www.facebook.com\/Arvichocolate","article_modified_time":"2024-04-23T13:11:52+00:00","twitter_card":"summary_large_image","twitter_misc":{"Tempo di lettura stimato":"3 minuti"},"schema":{"@context":"https:\/\/schema.org","@graph":[{"@type":"WebPage","@id":"https:\/\/arvicacao.com\/it\/politica-sulla-privacy-2","url":"https:\/\/arvicacao.com\/it\/politica-sulla-privacy-2","name":"Politica sulla privacy - Arvicacao","isPartOf":{"@id":"https:\/\/arvicacao.com\/#website"},"datePublished":"2022-05-09T15:11:34+00:00","dateModified":"2024-04-23T13:11:52+00:00","breadcrumb":{"@id":"https:\/\/arvicacao.com\/it\/politica-sulla-privacy-2#breadcrumb"},"inLanguage":"it-IT","potentialAction":[{"@type":"ReadAction","target":["https:\/\/arvicacao.com\/it\/politica-sulla-privacy-2"]}]},{"@type":"BreadcrumbList","@id":"https:\/\/arvicacao.com\/it\/politica-sulla-privacy-2#breadcrumb","itemListElement":[{"@type":"ListItem","position":1,"name":"Portada","item":"https:\/\/arvicacao.com\/it"},{"@type":"ListItem","position":2,"name":"Politica sulla privacy"}]},{"@type":"WebSite","@id":"https:\/\/arvicacao.com\/#website","url":"https:\/\/arvicacao.com\/","name":"Arvicacao","description":".","publisher":{"@id":"https:\/\/arvicacao.com\/#organization"},"potentialAction":[{"@type":"SearchAction","target":{"@type":"EntryPoint","urlTemplate":"https:\/\/arvicacao.com\/?s={search_term_string}"},"query-input":"required name=search_term_string"}],"inLanguage":"it-IT"},{"@type":"Organization","@id":"https:\/\/arvicacao.com\/#organization","name":"Arvicacao","url":"https:\/\/arvicacao.com\/","logo":{"@type":"ImageObject","inLanguage":"it-IT","@id":"https:\/\/arvicacao.com\/#\/schema\/logo\/image\/","url":"https:\/\/arvicacao.com\/wp-content\/uploads\/2021\/09\/arvicacao-chocolate-logo.png","contentUrl":"https:\/\/arvicacao.com\/wp-content\/uploads\/2021\/09\/arvicacao-chocolate-logo.png","width":500,"height":500,"caption":"Arvicacao"},"image":{"@id":"https:\/\/arvicacao.com\/#\/schema\/logo\/image\/"},"sameAs":["https:\/\/www.facebook.com\/Arvichocolate","https:\/\/www.instagram.com\/arvicacao","https:\/\/es.linkedin.com\/company\/arvicacao"]}]}},"_links":{"self":[{"href":"https:\/\/arvicacao.com\/it\/wp-json\/wp\/v2\/pages\/653","targetHints":{"allow":["GET"]}}],"collection":[{"href":"https:\/\/arvicacao.com\/it\/wp-json\/wp\/v2\/pages"}],"about":[{"href":"https:\/\/arvicacao.com\/it\/wp-json\/wp\/v2\/types\/page"}],"author":[{"embeddable":true,"href":"https:\/\/arvicacao.com\/it\/wp-json\/wp\/v2\/users\/1"}],"replies":[{"embeddable":true,"href":"https:\/\/arvicacao.com\/it\/wp-json\/wp\/v2\/comments?post=653"}],"version-history":[{"count":2,"href":"https:\/\/arvicacao.com\/it\/wp-json\/wp\/v2\/pages\/653\/revisions"}],"predecessor-version":[{"id":928,"href":"https:\/\/arvicacao.com\/it\/wp-json\/wp\/v2\/pages\/653\/revisions\/928"}],"wp:attachment":[{"href":"https:\/\/arvicacao.com\/it\/wp-json\/wp\/v2\/media?parent=653"}],"curies":[{"name":"wp","href":"https:\/\/api.w.org\/{rel}","templated":true}]}}