{"id":648,"date":"2022-05-09T15:42:23","date_gmt":"2022-05-09T14:42:23","guid":{"rendered":"https:\/\/arvicacao.com\/condizioni-di-acquisto"},"modified":"2023-09-01T10:05:30","modified_gmt":"2023-09-01T09:05:30","slug":"condizioni-di-acquisto","status":"publish","type":"page","link":"https:\/\/arvicacao.com\/it\/condizioni-di-acquisto","title":{"rendered":"Condizioni di acquisto"},"content":{"rendered":"\n<h2>E-COMMERCE (PRODOTTI). Termini e condizioni generali<\/h2>\n<p>Il presente documento contrattuale disciplina la contrattazione di prodotti e servizi attraverso il sito web di Arvicacao S.L., di seguito denominato FORNITORE.<\/p>\n<p>L&#8217;accettazione del presente documento implica che l&#8217;UTENTE:<\/p>\n<p>&#8211; Avete letto, capito e compreso quanto sopra.<br>&#8211; \u00c8 una persona con capacit\u00e0 contrattuale sufficiente.<br>&#8211; Si assume tutti gli obblighi qui previsti.<\/p>\n<p>Le presenti condizioni sono valide per un periodo di tempo indefinito e sono applicabili a tutti i contratti stipulati attraverso il sito web del FORNITORE.<\/p>\n<p>Il FORNITORE informa che il commerciante \u00e8 responsabile ed \u00e8 a conoscenza della legislazione vigente nei paesi in cui invia i prodotti e si riserva il diritto di modificare unilateralmente le condizioni, senza che ci\u00f2 influisca sulla merce o sulle promozioni acquistate prima della modifica.<\/p>\n<p><strong>Identit\u00e0 delle parti contraenti<\/strong><\/p>\n<p>Da un lato, il fornitore dei beni contrattati dall&#8217;UTENTE \u00e8 <strong>ARVICACAO S.L.<\/strong>, con sede legale: <strong>Cl Triunfo N\u00ba2<\/strong>,<strong>2\u00ba<\/strong><strong>VIgo 36202, Pontevedra, Spagna<\/strong>,<strong>NIF ESB27851922<\/strong> <strong>e con numero di telefono del servizio clienti +34 630 93 31 17.<\/strong><\/p>\n<p>D&#8217;altra parte, l&#8217;UTENTE, registrato sul sito web per mezzo di un nome utente e di una password, di cui ha la piena responsabilit\u00e0 di utilizzo e custodia, \u00e8 responsabile della veridicit\u00e0 dei dati personali forniti al FORNITORE.<\/p>\n<p><strong>Oggetto del contratto<\/strong><\/p>\n<p>Lo scopo del presente contratto \u00e8 quello di regolare il rapporto contrattuale di vendita che si instaura tra il FORNITORE e l&#8217;UTENTE nel momento in cui l&#8217;UTENTE accetta la casella corrispondente durante il processo di contrattazione online.<\/p>\n<p>Il rapporto contrattuale di compravendita prevede la consegna, in cambio di un prezzo specifico e pubblicamente esposto sul sito web, di un determinato prodotto.<\/p>\n<p><strong>Procedura di reclutamento<\/strong><\/p>\n<p>L&#8217;UTENTE, per accedere ai servizi o ai prodotti offerti dal FORNITORE, deve registrarsi attraverso il sito web creando un account utente. Pertanto, l&#8217;UTENTE deve fornire liberamente e volontariamente i dati personali che gli verranno richiesti, che saranno trattati in conformit\u00e0 alle disposizioni del Regolamento (UE) 2016\/679 del 27 aprile (GDPR) e della Legge Organica 3\/2018 del 5 dicembre (LOPDGDD), e dettagliati nell&#8217;Avviso Legale e nell&#8217;Informativa sulla Privacy di questo sito web.<\/p>\n<p>L&#8217;UTENTE sceglier\u00e0 un nome utente e una password, impegnandosi a farne un uso diligente e a non renderli disponibili a terzi, nonch\u00e9 a comunicare al FORNITORE lo smarrimento o il furto degli stessi o l&#8217;eventuale accesso da parte di terzi non autorizzati, affinch\u00e9 il FORNITORE possa procedere al loro blocco immediato.<\/p>\n<p>Una volta creato l&#8217;account utente, vi informiamo che, in conformit\u00e0 con i requisiti dell&#8217;articolo 27 della Legge 34\/2002 sui Servizi della Societ\u00e0 dell&#8217;Informazione e del Commercio Elettronico (LSSICE), la procedura di contrattazione seguir\u00e0 le seguenti fasi:<\/p>\n<p>1. Condizioni generali.<br>2. Spedizione degli ordini.<br>3. Diritto di recesso.<br>4. Reclami.<br>5. Forza maggiore.<br>6. Concorso.<br>7. Generalit\u00e0 dell&#8217;offerta.<br>8. Prezzo e periodo di validit\u00e0 dell&#8217;offerta.<br>9. Costi di trasporto.<br>10. Modalit\u00e0 di pagamento, costi e sconti.<br>11. Processo di acquisto .<br>12. Garanzie applicabili ..<br>13. Minori.<\/p>\n<p><strong>1. CLAUSOLE GENERALI DI CONTRATTO<\/strong><\/p>\n<p>Se non espressamente stipulato per iscritto, l&#8217;invio di un ordine al PRESTATORE implica l&#8217;accettazione da parte dell&#8217;UTENTE delle presenti condizioni legali. Nessuna pattuizione fatta dall&#8217;UTENTE pu\u00f2 differire da quelle del PRESTATORE se non \u00e8 stata espressamente accettata preventivamente e per iscritto dal PRESTATORE.<\/p>\n<p><strong>2. SPEDIZIONE DEGLI ORDINI<\/strong><\/p>\n<p>Il FORNITORE non invier\u00e0 alcun ordine finch\u00e9 non avr\u00e0 verificato l&#8217;avvenuto pagamento.<\/p>\n<p>Le spedizioni saranno di norma effettuate tramite un&#8217;agenzia di trasporto in base alla destinazione liberamente designata dall&#8217;UTENTE.<\/p>\n<p>Le date o termini di consegna si intendono indicativi, il ritardo non costituisce inadempimento essenziale. Gli ordini dopo le 12:00 nei giorni lavorativi e gli ordini nei giorni festivi verranno elaborati il \u200b\u200bgiorno lavorativo successivo.<\/p>\n<p>Forniremo il numero di tracciamento.<\/p>\n<p>Spedizioni nella Penisola 48\/72h<\/p>\n<p>Il FORNITORE non si assume alcuna responsabilit\u00e0 quando la consegna del prodotto non ha luogo, perch\u00e9 i dati forniti dall&#8217;UTENTE sono falsi, inesatti o incompleti.<\/p>\n<p>La consegna si considera effettuata nel momento in cui il vettore ha messo i prodotti a disposizione dell&#8217;UTENTE e l&#8217;UTENTE, o suo delegato, ha firmato il documento di ricevuta di consegna.<\/p>\n<p>Spetta all&#8217;UTENTE verificare i prodotti al momento del ricevimento ed esporre tutte le eccezioni e reclami che possono essere giustificati nel documento di ricevuta di consegna.<\/p>\n<p><strong>3. DIRITTO DI RECESSO<\/strong><\/p>\n<p>Se al momento della consegna \u00e8 visibile e chiaro, senza la necessit\u00e0 di manipolare l&#8217;imballo di spedizione o il prodotto stesso, che un prodotto presenta difetti causati da danni da trasporto o si apprezza, allo stesso modo, un errore nella merce ricevuta , il cliente dovr\u00e0 comunicarlo entro 24 ore dal ricevimento dell&#8217;ordine.<\/p>\n<p><strong>4. RECLAMI<\/strong><\/p>\n<p>Qualsiasi reclamo che l&#8217;UTENTE ritenga opportuno sar\u00e0 affrontato il prima possibile e potr\u00e0 essere presentato ai seguenti indirizzi di contatto:<\/p>\n<p>Cartolina: Cl Triunfo N\u00ba2 2\u00ba Vigo 36202, Pontevedra, Espa\u00f1a<br>Telefono: +34 630 93 31 17<br>Email: info@arvicacao.com<br><strong>Risoluzione delle <a href=\"https:\/\/ec.europa.eu\/consumers\/odr\/main\/?event=main.home.howitworks\" target=\"_blank\" rel=\"noopener\">controversie online<\/a><\/strong><\/p>\n<p>Ai sensi dell&#8217;articolo 14.1 del Regolamento (UE) 524\/2013, la Commissione Europea fornisce una piattaforma di accesso gratuito per la risoluzione dei conflitti online tra l&#8217;UTENTE e il FORNITORE, senza la necessit\u00e0 di ricorrere alle corti di giustizia, attraverso l&#8217;intervento di un soggetto terzo, denominato Organo di Risoluzione delle Controversie, che funge da intermediario tra i due. Questo organismo \u00e8 neutrale e dialogher\u00e0 con entrambe le parti per raggiungere un accordo, potendo finalmente suggerire e\/o imporre una soluzione al conflitto.<\/p>\n<p>Link alla piattaforma ODR: <a href=\"http:\/\/ec.europa.eu\/consumers\/odr\/\" target=\"_blank\" rel=\"noopener\">http:\/\/ec.europa.eu\/consumers\/odr\/<\/a><\/p>\n<p><strong>5. FORZA MAGGIORE<\/strong><\/p>\n<p>Le parti non si assumeranno alcuna responsabilit\u00e0 per eventuali vizi dovuti a causa maggiore. L&#8217;adempimento dell&#8217;obbligazione sar\u00e0 ritardato fino alla cessazione del caso di forza maggiore.<\/p>\n<p><strong>6. CONCORRENZA<\/strong><\/p>\n<p>L&#8217;UTENTE non pu\u00f2 cedere, trasferire o trasmettere i diritti, le responsabilit\u00e0 e gli obblighi contratti nella vendita.<\/p>\n<p>Se una qualsiasi clausola di queste condizioni \u00e8 considerata nulla o impossibile da rispettare, la validit\u00e0, legalit\u00e0 e conformit\u00e0 del resto non saranno in alcun modo pregiudicate, n\u00e9 saranno modificate in alcun modo.<\/p>\n<p>L&#8217;UTENTE dichiara di aver letto, conosciuto ed accettato integralmente le presenti Condizioni Generali.<\/p>\n<p><strong>7. INFORMAZIONI GENERALI SULL&#8217;OFFERTA<\/strong><\/p>\n<p>Tutte le vendite e le consegne effettuate dal FORNITORE si intendono soggette alle presenti Condizioni Generali.<\/p>\n<p>Nessuna modifica, alterazione o accordo contrario alla Proposta Commerciale del PRESTATORE qui stipulata avr\u00e0 effetto, se non espressamente pattuito per iscritto e firmato dal PRESTATORE, in tal caso prevarranno questi particolari accordi.<\/p>\n<p>Dati i continui progressi tecnici e miglioramenti dei prodotti, il FORNITORE si riserva il diritto di modificare le sue specifiche relative alle informazioni fornite nella sua pubblicit\u00e0, fino a quando non influisce sul valore dei prodotti offerti. Tali modifiche saranno valide anche nel caso in cui, per qualsiasi ragione, venga pregiudicata la possibilit\u00e0 di fornire i prodotti offerti.<\/p>\n<p><strong>8. PREZZO E TERMINE DI VALIDITA&#8217; DELL&#8217;OFFERTA<\/strong><\/p>\n<p>I prezzi indicati per ciascun prodotto sono comprensivi di Imposta sul Valore Aggiunto (IVA) o di altre imposte eventualmente applicabili. Questi prezzi, se non espressamente indicato diversamente, non includono la spedizione, la movimentazione, l&#8217;imballaggio, l&#8217;assicurazione sulla spedizione o qualsiasi altro servizio aggiuntivo collegato al prodotto o servizio acquistato.<\/p>\n<p>I prezzi applicabili a ciascun prodotto sono quelli pubblicati sul sito e saranno espressi nella valuta EURO. L&#8217;UTENTE presuppone che la valutazione economica di alcuni prodotti possa variare in tempo reale.<\/p>\n<p>Prima di effettuare l&#8217;acquisto puoi verificare online tutti i dettagli del preventivo: articoli, quantit\u00e0, prezzo, disponibilit\u00e0, spese di trasporto, oneri, sconti, tasse e il totale dell&#8217;acquisto. I prezzi possono cambiare ogni giorno fino a quando l&#8217;ordine non viene effettuato.<\/p>\n<p>Qualsiasi pagamento effettuato al FORNITORE comporta l&#8217;emissione di una fattura a nome dell&#8217;UTENTE registrato o della ragione sociale che quest&#8217;ultimo ha comunicato al momento dell&#8217;effettuazione dell&#8217;ordine. Tale fattura verr\u00e0 inviata unitamente al prodotto acquistato all&#8217;indirizzo e-mail fornito dall&#8217;UTENTE.<\/p>\n<p>Per qualsiasi informazione sull&#8217;ordine, l&#8217;UTENTE pu\u00f2 contattare il numero di telefono del servizio clienti del FORNITORE 987 66 00 05 o via e-mail all&#8217;indirizzo info@arvicacao.com<\/p>\n<p><strong>9. SPESE DI TRASPORTO<\/strong><\/p>\n<p>Spedizione in Spagna (Penisola)<\/p>\n<p>Le spedizioni saranno di \u20ac 7,00.<\/p>\n<p><strong>10. FORME DI PAGAMENTO, TARIFFE E SCONTI<\/strong><\/p>\n<p>Pagamento con carta<\/p>\n<p>I pagamenti possono essere effettuati con carta di credito o di debito, Visa e Master Card.<\/p>\n<ul>\n<li>Garantiamo che ogni transazione effettuata presso Chocolates Santocildes \u00e8 sicura al 100%. Tutte le operazioni che comportano la trasmissione di dati personali o bancari sono effettuate in un ambiente sicuro. Chocolates Santocildes utilizza un server basato sulla tecnologia di sicurezza standard SSL (Secure Socket Layer). Tutte le informazioni che ci trasmettete viaggiano criptate attraverso la rete.<\/li>\n<li>Inoltre, i dati della carta di credito non vengono registrati in alcun database, ma vengono trasmessi direttamente al POS (Point of Sale Terminal) della banca.<\/li>\n<li>Inoltre, desideriamo informarvi che, per garantire una maggiore sicurezza ai titolari di carte di credito, abbiamo incorporato il sistema di pagamento sicuro denominato CES (Comercio Electr\u00f3nico Seguro) nel nostro gateway di pagamento. In questo modo, se siete titolari di una carta &#8220;protetta&#8221;, potete sempre effettuare pagamenti con carta VISA o MASTERCARD nel nostro negozio.<\/li>\n<li>Nel caso in cui la vostra carta non faccia parte di questo sistema di pagamento, Chocolates Santocildes accetter\u00e0 il pagamento con carta di credito VISA o MASTERCARD solo per i clienti con una comprovata esperienza e affidabilit\u00e0.<\/li>\n<li>In entrambi i casi, quando si paga con VISA o MASTERCARD, verranno sempre richieste le seguenti informazioni: il numero della carta, la data di scadenza e un Codice di Convalida che coincide con le ultime 3 cifre del numero stampato in corsivo sul retro della VISA o MASTERCARD, offrendo cos\u00ec maggiori garanzie sulla sicurezza della transazione.<\/li>\n<li>Importante : La frode con carta di credito \u00e8 un reato e Chocolates Santocildes perseguir\u00e0 chiunque effettui una transazione fraudolenta nel nostro negozio online.<\/li>\n<\/ul>\n<p>Pagamento con PayPal<\/p>\n<p>PayPal consente di pagare gli acquisti con carta di debito, carta di credito o conto corrente.<\/p>\n<p>PayPal \u00e8 sicuro: PayPal archivia in modo sicuro le vostre informazioni finanziarie e le protegge con sistemi di sicurezza e di prevenzione delle frodi leader del mercato. Inoltre, i vostri dati finanziari non vengono mai condivisi con il venditore.<\/p>\n<p>PayPal \u00e8 facile e veloce: non \u00e8 necessario inserire i dati della carta o del conto corrente per pagare. Avrete bisogno solo del vostro indirizzo e-mail e di una password.<\/p>\n<p><strong>11. PROCESSO DI ACQUISTO<\/strong><\/p>\n<p><strong>Paniere (simulazione di bilancio)<\/strong><\/p>\n<p>\u00c8 possibile aggiungere al carrello qualsiasi prodotto del nostro catalogo. Qui vengono annotati solo gli articoli, la quantit\u00e0, il prezzo e l&#8217;importo totale. Una volta salvato il carrello, le tasse, gli oneri e gli sconti saranno calcolati in base ai dati di pagamento e di spedizione inseriti.<\/p>\n<p>I cestini non hanno alcun legame amministrativo, sono solo una sezione in cui \u00e8 possibile simulare un bilancio senza alcun impegno da entrambe le parti.<\/p>\n<p>Dal carrello \u00e8 possibile effettuare un ordine seguendo i passaggi sotto indicati per la sua corretta formalizzazione:<\/p>\n<p>1. &#8211; Verifica dei dati di fatturazione.<br>2. &#8211; Verifica dell&#8217;indirizzo di spedizione.<br>3. &#8211; Selezione del metodo di pagamento.<br>4. &#8211; Effettuare l&#8217;ordine (acquisto).<\/p>\n<p>Una volta elaborato l&#8217;ordine, il sistema invia immediatamente un&#8217;e-mail al dipartimento di gestione del FORNITORE.<\/p>\n<p><strong>Ordini (richieste di acquisto)<\/strong><\/p>\n<p>Forniremo il numero di tracciamento.<\/p>\n<p>Vi forniremo un link per seguire il vostro ordine online.<\/p>\n<p><strong>12. LEGGE APPLICABILE E GIURISDIZIONE<\/strong><\/p>\n<p>I presenti termini e condizioni saranno disciplinati o interpretati in conformit\u00e0 alla legge spagnola per tutto quanto non espressamente previsto. Il FORNITORE e l&#8217;UTENTE concordano di sottoporre qualsiasi controversia che possa sorgere dalla fornitura dei prodotti o dei servizi oggetto delle presenti Condizioni ai tribunali del domicilio dell&#8217;UTENTE.<\/p>\n<p>Nel caso in cui l&#8217;UTENTE sia domiciliato fuori dalla Spagna, il FORNITORE e l&#8217;UTENTE rinunciano espressamente al diritto di adire qualsiasi altro foro, sottoponendosi alle Corti e ai Tribunali pi\u00f9 vicini alla citt\u00e0 di Vigo, Pontevedra (Spagna).<\/p>\n\n","protected":false},"excerpt":{"rendered":"","protected":false},"author":1,"featured_media":0,"parent":0,"menu_order":0,"comment_status":"closed","ping_status":"closed","template":"","meta":{"_joinchat":[],"footnotes":""},"class_list":["post-648","page","type-page","status-publish","hentry"],"yoast_head":"<!-- This site is optimized with the Yoast SEO plugin v22.5 - https:\/\/yoast.com\/wordpress\/plugins\/seo\/ -->\n<title>Condizioni di acquisto - Arvicacao<\/title>\n<meta name=\"robots\" content=\"index, follow, max-snippet:-1, max-image-preview:large, max-video-preview:-1\" \/>\n<link rel=\"canonical\" href=\"https:\/\/arvicacao.com\/it\/condizioni-di-acquisto\" \/>\n<meta property=\"og:locale\" content=\"it_IT\" \/>\n<meta property=\"og:type\" content=\"article\" \/>\n<meta property=\"og:title\" content=\"Condizioni di acquisto - Arvicacao\" \/>\n<meta property=\"og:url\" content=\"https:\/\/arvicacao.com\/it\/condizioni-di-acquisto\" \/>\n<meta property=\"og:site_name\" content=\"Arvicacao\" \/>\n<meta property=\"article:publisher\" content=\"https:\/\/www.facebook.com\/Arvichocolate\" \/>\n<meta property=\"article:modified_time\" content=\"2023-09-01T09:05:30+00:00\" \/>\n<meta name=\"twitter:card\" content=\"summary_large_image\" \/>\n<meta name=\"twitter:label1\" content=\"Tempo di lettura stimato\" \/>\n\t<meta name=\"twitter:data1\" content=\"9 minuti\" \/>\n<script type=\"application\/ld+json\" class=\"yoast-schema-graph\">{\"@context\":\"https:\/\/schema.org\",\"@graph\":[{\"@type\":\"WebPage\",\"@id\":\"https:\/\/arvicacao.com\/it\/condizioni-di-acquisto\",\"url\":\"https:\/\/arvicacao.com\/it\/condizioni-di-acquisto\",\"name\":\"Condizioni di acquisto - Arvicacao\",\"isPartOf\":{\"@id\":\"https:\/\/arvicacao.com\/#website\"},\"datePublished\":\"2022-05-09T14:42:23+00:00\",\"dateModified\":\"2023-09-01T09:05:30+00:00\",\"breadcrumb\":{\"@id\":\"https:\/\/arvicacao.com\/it\/condizioni-di-acquisto#breadcrumb\"},\"inLanguage\":\"it-IT\",\"potentialAction\":[{\"@type\":\"ReadAction\",\"target\":[\"https:\/\/arvicacao.com\/it\/condizioni-di-acquisto\"]}]},{\"@type\":\"BreadcrumbList\",\"@id\":\"https:\/\/arvicacao.com\/it\/condizioni-di-acquisto#breadcrumb\",\"itemListElement\":[{\"@type\":\"ListItem\",\"position\":1,\"name\":\"Portada\",\"item\":\"https:\/\/arvicacao.com\/it\"},{\"@type\":\"ListItem\",\"position\":2,\"name\":\"Condizioni di acquisto\"}]},{\"@type\":\"WebSite\",\"@id\":\"https:\/\/arvicacao.com\/#website\",\"url\":\"https:\/\/arvicacao.com\/\",\"name\":\"Arvicacao\",\"description\":\".\",\"publisher\":{\"@id\":\"https:\/\/arvicacao.com\/#organization\"},\"potentialAction\":[{\"@type\":\"SearchAction\",\"target\":{\"@type\":\"EntryPoint\",\"urlTemplate\":\"https:\/\/arvicacao.com\/?s={search_term_string}\"},\"query-input\":\"required name=search_term_string\"}],\"inLanguage\":\"it-IT\"},{\"@type\":\"Organization\",\"@id\":\"https:\/\/arvicacao.com\/#organization\",\"name\":\"Arvicacao\",\"url\":\"https:\/\/arvicacao.com\/\",\"logo\":{\"@type\":\"ImageObject\",\"inLanguage\":\"it-IT\",\"@id\":\"https:\/\/arvicacao.com\/#\/schema\/logo\/image\/\",\"url\":\"https:\/\/arvicacao.com\/wp-content\/uploads\/2021\/09\/arvicacao-chocolate-logo.png\",\"contentUrl\":\"https:\/\/arvicacao.com\/wp-content\/uploads\/2021\/09\/arvicacao-chocolate-logo.png\",\"width\":500,\"height\":500,\"caption\":\"Arvicacao\"},\"image\":{\"@id\":\"https:\/\/arvicacao.com\/#\/schema\/logo\/image\/\"},\"sameAs\":[\"https:\/\/www.facebook.com\/Arvichocolate\",\"https:\/\/www.instagram.com\/arvicacao\",\"https:\/\/es.linkedin.com\/company\/arvicacao\"]}]}<\/script>\n<!-- \/ Yoast SEO plugin. -->","yoast_head_json":{"title":"Condizioni di acquisto - Arvicacao","robots":{"index":"index","follow":"follow","max-snippet":"max-snippet:-1","max-image-preview":"max-image-preview:large","max-video-preview":"max-video-preview:-1"},"canonical":"https:\/\/arvicacao.com\/it\/condizioni-di-acquisto","og_locale":"it_IT","og_type":"article","og_title":"Condizioni di acquisto - Arvicacao","og_url":"https:\/\/arvicacao.com\/it\/condizioni-di-acquisto","og_site_name":"Arvicacao","article_publisher":"https:\/\/www.facebook.com\/Arvichocolate","article_modified_time":"2023-09-01T09:05:30+00:00","twitter_card":"summary_large_image","twitter_misc":{"Tempo di lettura stimato":"9 minuti"},"schema":{"@context":"https:\/\/schema.org","@graph":[{"@type":"WebPage","@id":"https:\/\/arvicacao.com\/it\/condizioni-di-acquisto","url":"https:\/\/arvicacao.com\/it\/condizioni-di-acquisto","name":"Condizioni di acquisto - Arvicacao","isPartOf":{"@id":"https:\/\/arvicacao.com\/#website"},"datePublished":"2022-05-09T14:42:23+00:00","dateModified":"2023-09-01T09:05:30+00:00","breadcrumb":{"@id":"https:\/\/arvicacao.com\/it\/condizioni-di-acquisto#breadcrumb"},"inLanguage":"it-IT","potentialAction":[{"@type":"ReadAction","target":["https:\/\/arvicacao.com\/it\/condizioni-di-acquisto"]}]},{"@type":"BreadcrumbList","@id":"https:\/\/arvicacao.com\/it\/condizioni-di-acquisto#breadcrumb","itemListElement":[{"@type":"ListItem","position":1,"name":"Portada","item":"https:\/\/arvicacao.com\/it"},{"@type":"ListItem","position":2,"name":"Condizioni di acquisto"}]},{"@type":"WebSite","@id":"https:\/\/arvicacao.com\/#website","url":"https:\/\/arvicacao.com\/","name":"Arvicacao","description":".","publisher":{"@id":"https:\/\/arvicacao.com\/#organization"},"potentialAction":[{"@type":"SearchAction","target":{"@type":"EntryPoint","urlTemplate":"https:\/\/arvicacao.com\/?s={search_term_string}"},"query-input":"required name=search_term_string"}],"inLanguage":"it-IT"},{"@type":"Organization","@id":"https:\/\/arvicacao.com\/#organization","name":"Arvicacao","url":"https:\/\/arvicacao.com\/","logo":{"@type":"ImageObject","inLanguage":"it-IT","@id":"https:\/\/arvicacao.com\/#\/schema\/logo\/image\/","url":"https:\/\/arvicacao.com\/wp-content\/uploads\/2021\/09\/arvicacao-chocolate-logo.png","contentUrl":"https:\/\/arvicacao.com\/wp-content\/uploads\/2021\/09\/arvicacao-chocolate-logo.png","width":500,"height":500,"caption":"Arvicacao"},"image":{"@id":"https:\/\/arvicacao.com\/#\/schema\/logo\/image\/"},"sameAs":["https:\/\/www.facebook.com\/Arvichocolate","https:\/\/www.instagram.com\/arvicacao","https:\/\/es.linkedin.com\/company\/arvicacao"]}]}},"_links":{"self":[{"href":"https:\/\/arvicacao.com\/it\/wp-json\/wp\/v2\/pages\/648","targetHints":{"allow":["GET"]}}],"collection":[{"href":"https:\/\/arvicacao.com\/it\/wp-json\/wp\/v2\/pages"}],"about":[{"href":"https:\/\/arvicacao.com\/it\/wp-json\/wp\/v2\/types\/page"}],"author":[{"embeddable":true,"href":"https:\/\/arvicacao.com\/it\/wp-json\/wp\/v2\/users\/1"}],"replies":[{"embeddable":true,"href":"https:\/\/arvicacao.com\/it\/wp-json\/wp\/v2\/comments?post=648"}],"version-history":[{"count":2,"href":"https:\/\/arvicacao.com\/it\/wp-json\/wp\/v2\/pages\/648\/revisions"}],"predecessor-version":[{"id":935,"href":"https:\/\/arvicacao.com\/it\/wp-json\/wp\/v2\/pages\/648\/revisions\/935"}],"wp:attachment":[{"href":"https:\/\/arvicacao.com\/it\/wp-json\/wp\/v2\/media?parent=648"}],"curies":[{"name":"wp","href":"https:\/\/api.w.org\/{rel}","templated":true}]}}