{"id":647,"date":"2022-05-09T16:00:53","date_gmt":"2022-05-09T15:00:53","guid":{"rendered":"https:\/\/arvicacao.com\/avviso-legale-2"},"modified":"2024-04-23T14:09:05","modified_gmt":"2024-04-23T13:09:05","slug":"avviso-legale-2","status":"publish","type":"page","link":"https:\/\/arvicacao.com\/it\/avviso-legale-2","title":{"rendered":"Avviso legale"},"content":{"rendered":"\n<h2><strong>LEGGE SUI SERVIZI DELLA SOCIET\u00c0 DELL&#8217;INFORMAZIONE (LSSI)<\/strong><\/h2>\n<p><strong>ARVICACAO S.L.<\/strong> responsabile del sito web, di seguito RESPONSABILE, mette a disposizione degli utenti il presente documento, con il quale intende adempiere agli obblighi previsti dalla Legge 34\/2002, dell&#8217;11 luglio, sui Servizi della Societ\u00e0 dell&#8217;Informazione e del Commercio Elettronico (LSSICE), BOE n. 166, nonch\u00e9 informare tutti gli utenti del sito web in merito alle condizioni di utilizzo.<\/p>\n<p><br>Chiunque acceda a questo sito web assume il ruolo di utente, impegnandosi all&#8217;osservanza e al rigoroso rispetto delle disposizioni del presente documento, nonch\u00e9 di qualsiasi altra disposizione di legge applicabile.<br><strong>ARVICACAO S.L.<\/strong> si riserva il diritto di modificare qualsiasi tipo di informazione che possa apparire sul sito web, senza alcun obbligo di preavviso o di informazione agli utenti, intendendo come sufficiente la pubblicazione sul sito web di <strong>ARVICACAO S.L..<\/strong><\/p>\n<p> <\/p>\n<h3><br>1. DATI DI IDENTIFICAZIONE<\/h3>\n<p><br>Nome di dominio: <a href=\"https:\/\/arvicacao.com\/it\">https:\/\/arvicacao.com\/<\/a><br>Nome commerciale: ARVICACAO<br>Nome della societ\u00e0: ARVICACAO S.L.<br>NIF: ESB27851922<br>Sede legale: Cl Triunfo N\u00ba2, 2\u00ba Vigo 36202, Pontevedra, Espa\u00f1a<br>Telefono: +34 630 933 117<br>e-mail: info@arvicacao.com<br><br><\/p>\n<p> <\/p>\n<p><br>2. DIRITTI DI PROPRIET\u00c0 INTELLETTUALE E INDUSTRIALE<\/p>\n<p><br>Il sito web, compresi, a titolo esemplificativo e non esaustivo, la programmazione, la redazione, la compilazione e gli altri elementi necessari al suo funzionamento, i disegni, i loghi, i testi e\/o la grafica, sono di propriet\u00e0 della PARTE RESPONSABILE o, se del caso, dispone di una licenza o di un&#8217;autorizzazione espressa da parte degli autori. Tutti i contenuti del sito sono debitamente protetti dalle norme sulla propriet\u00e0 intellettuale e industriale, nonch\u00e9 registrati nei corrispondenti registri pubblici.<\/p>\n<p><br>Indipendentemente dallo scopo per cui sono stati concepiti, la riproduzione totale o parziale, l&#8217;uso, lo sfruttamento, la distribuzione e la commercializzazione richiedono in ogni caso la preventiva autorizzazione scritta da parte di<br>parte del RESPONSABILE. Qualsiasi utilizzo non autorizzato \u00e8 considerato una grave violazione dei diritti di propriet\u00e0 intellettuale o industriale dell&#8217;autore.<\/p>\n<p><br>I disegni, i loghi, i testi e\/o la grafica che non appartengono al RESPONSABILE e che possono apparire sul sito web appartengono ai rispettivi proprietari, che sono essi stessi responsabili di ogni possibile controversia che possa sorgere in relazione ad essi. Il RESPONSABILE autorizza espressamente i terzi a reindirizzare direttamente ai contenuti specifici del sito, e in ogni caso a reindirizzare al sito principale di .<\/p>\n<p><br>Il RESPONSABILE riconosce i corrispondenti diritti di propriet\u00e0 intellettuale e industriale a favore dei loro proprietari, e la loro semplice menzione o apparizione sul sito web non implica l&#8217;esistenza di alcun diritto o responsabilit\u00e0 su di essi, n\u00e9 alcun avallo, sponsorizzazione o raccomandazione da parte dello stesso.<\/p>\n<p>Per esprimere commenti su eventuali violazioni dei diritti di propriet\u00e0 intellettuale o industriale, nonch\u00e9 su qualsiasi contenuto del sito web, \u00e8 possibile inviare un&#8217;e-mail a info@arvicacaco.com.<\/p>\n<p> <\/p>\n<h2>3. ESENZIONE DI RESPONSABILIT\u00c0<\/h2>\n<p><br>Il RESPONSABILE declina ogni responsabilit\u00e0 per le informazioni pubblicate sul proprio sito web, a condizione che tali informazioni siano state manipolate o introdotte da terzi esterni allo stesso.<\/p>\n<p> <\/p>\n<p><br><strong>Utilizzo dei cookie<\/strong><\/p>\n<p>Questo sito web pu\u00f2 utilizzare cookie tecnici (piccoli file informativi che il server invia al computer di chi accede alla pagina) per svolgere alcune funzioni ritenute essenziali per il corretto funzionamento e la visualizzazione del sito. I cookie utilizzati sono comunque di natura temporanea, al solo scopo di rendere pi\u00f9 efficiente la navigazione, e scompaiono al termine della sessione dell&#8217;utente. In nessun caso questi cookie forniscono di per s\u00e9 dati personali e non saranno utilizzati per raccogliere tali dati.<\/p>\n<p><br>Attraverso l&#8217;uso dei cookie \u00e8 anche possibile che il server in cui si trova il sito web riconosca il browser utilizzato dall&#8217;utente per facilitare la navigazione, consentendo,<br>ad esempio, l&#8217;accesso da parte degli utenti precedentemente registrati ad aree, servizi, promozioni o concorsi riservati esclusivamente a loro, senza doversi registrare ad ogni visita.<\/p>\n<p><br>Possono anche essere utilizzati per misurare l&#8217;audience, i parametri di traffico, controllare l&#8217;andamento e il numero delle iscrizioni, ecc. Questo sito web non installer\u00e0 cookie dispensabili senza il preventivo consenso dell&#8217;utente.<\/p>\n<p><br>L&#8217;utente ha la possibilit\u00e0 di configurare il proprio browser in modo da essere avvisato della ricezione dei cookie e di impedirne l&#8217;installazione sul proprio dispositivo. Per ulteriori informazioni, consultare le istruzioni del browser.<\/p>\n<p> <\/p>\n<p> <\/p>\n<p><strong>Politica di collegamento<\/strong><\/p>\n<p><br>Dal sito web, potreste essere reindirizzati a contenuti di siti web di terzi. Poich\u00e9 il RESPONSABILE non pu\u00f2 sempre controllare i contenuti pubblicati da terzi sui rispettivi siti web, il RESPONSABILE non si assume alcuna responsabilit\u00e0 per tali contenuti. In ogni caso, rimuover\u00e0 immediatamente qualsiasi contenuto che possa contravvenire alla legislazione nazionale o internazionale, al buon costume o all&#8217;ordine pubblico, eliminando immediatamente il reindirizzamento a tale sito e informando le autorit\u00e0 competenti del contenuto in questione.<\/p>\n<p><br>Il RESPONSABILE non \u00e8 responsabile delle informazioni e dei contenuti memorizzati, inclusi, ma non limitati a, forum, chat, generatori di blog, commenti, social network o qualsiasi altro mezzo che permetta a terzi di pubblicare contenuti in modo indipendente sul sito web del RESPONSABILE. Tuttavia, in conformit\u00e0 con le disposizioni degli articoli 11 e 16 della LSSICE, si mette a disposizione di tutti gli utenti, delle autorit\u00e0 e delle forze di sicurezza, collaborando attivamente alla rimozione o, se del caso, al blocco di tutti i contenuti che possono pregiudicare o contravvenire alla legislazione nazionale o internazionale, ai diritti di terzi o al buon costume e all&#8217;ordine pubblico. Nel caso in cui l&#8217;utente ritenga che sul sito web siano presenti contenuti suscettibili di questa classificazione, \u00e8 pregato di comunicarlo immediatamente all&#8217;amministratore del sito.<\/p>\n<p><br>Questo sito web \u00e8 stato esaminato e testato per garantirne il corretto funzionamento. In linea di principio, il corretto funzionamento pu\u00f2 essere garantito 365 giorni all&#8217;anno, 24 ore al giorno. Tuttavia, il RESPONSABILE non esclude la possibilit\u00e0 di alcuni errori di programmazione o il verificarsi di cause di forza maggiore, catastrofi naturali, scioperi o circostanze simili che rendano impossibile l&#8217;accesso al sito web.<\/p>\n<p> <\/p>\n<p> <\/p>\n<p><strong>Indirizzi IP<\/strong><\/p>\n<p><br>I server del sito web possono rilevare automaticamente l&#8217;indirizzo IP e il nome di dominio utilizzati dall&#8217;utente. L&#8217;indirizzo IP \u00e8 un numero assegnato automaticamente a un computer quando si connette a Internet. Tutte queste informazioni vengono registrate in un file di attivit\u00e0 del server debitamente registrato che consente la successiva elaborazione dei dati per ottenere misurazioni puramente statistiche che permettono di conoscere il numero di impressioni di pagina, il numero di visite effettuate ai server web, l&#8217;ordine delle visite, il punto di accesso, ecc.<\/p>\n<p> <\/p>\n<h2><br>4. POLITICHE DI SPEDIZIONE E RESTITUZIONE<\/h2>\n<p><br>Per la risoluzione di tutte le controversie o questioni relative al presente sito web o alle attivit\u00e0 in esso svolte, si applicher\u00e0 la legislazione spagnola, alla quale le parti si sottomettono espressamente, e le Corti e i Tribunali pi\u00f9 vicini a VIGO saranno competenti per la risoluzione di tutte le controversie derivanti o connesse al suo utilizzo.<\/p>\n<p> <\/p>\n<p><strong>SPEDIZIONI<\/strong><\/p>\n<p> <\/p>\n<p>I vostri acquisti saranno spediti all&#8217;indirizzo di consegna che avete inserito al momento della creazione del vostro account, quindi \u00e8 importante che facciate attenzione quando compilate questi dati. Spediamo in tutte le destinazioni della Spagna continentale. Non effettuiamo consegne alle caselle postali.<br><br><strong>Quanto tempo ci vorr\u00e0 per l&#8217;arrivo del mio ordine?<\/strong><\/p>\n<p> <\/p>\n<p>Il trasporto viene effettuato da una societ\u00e0 di trasporti che effettuer\u00e0 il servizio door to door entro 48\/72 ore dalla nostra conferma di spedizione.<strong>.<\/strong> Una volta che l&#8217;ordine lascia il nostro magazzino, riceverete un&#8217;e-mail di notifica dell&#8217;accettazione e della spedizione dell&#8217;ordine.<\/p>\n<p> <\/p>\n<p>Si prega di notare che le festivit\u00e0 locali possono influire sulla consegna degli ordini.<\/p>\n<p> <\/p>\n<p>Potrete seguire lo stato dei vostri ordini attraverso &#8220;I miei ordini&#8221; nell&#8217;area &#8220;Il mio account&#8221; del nostro sito web.<br><br><\/p>\n<p> <\/p>\n<p><strong> <\/strong><\/p>\n<p><strong>Come ricever\u00f2 il mio ordine?<\/strong><\/p>\n<p> <\/p>\n<p>Quando l&#8217;ordine viene consegnato, \u00e8 necessario verificare che tutto sia conforme all&#8217;ordine. Se c&#8217;\u00e8 qualche discrepanza o problema con l&#8217;ordine, si prega di indicarlo sulla bolla di consegna del corriere, e dovrete contattarci.<\/p>\n<p> <\/p>\n<p><strong>RESTITUZIONI<\/strong><\/p>\n<p><strong> <\/strong><\/p>\n<p><strong>Come posso restituire il mio ordine?<\/strong><\/p>\n<p><br>Avete 7 giorni di tempo dal ricevimento per restituire il vostro ordine, a condizione che non si tratti di un prodotto fresco o deperibile. Non si accettano restituzioni di prodotti che non sono stati consegnati nella loro confezione originale o con il sigillo rotto, a meno che non si tratti di prodotti difettosi.<br><br>Quando si riceve un ordine, si trover\u00e0 in allegato un modulo da compilare nel caso in cui si voglia effettuare un reso e inserirlo nell&#8217;ordine di reso. Le spese sono a vostro carico e l&#8217;indirizzo di consegna \u00e8:<\/p>\n<p> <\/p>\n<p><strong>ARVICACAO S.L.<\/strong><\/p>\n<p><strong>Cl Triunfo N\u00ba2, 2\u00ba Vigo 36202, Pontevedra, Espa\u00f1a<\/strong><\/p>\n<p><strong>NIF ESB27851922<\/strong> e con un numero di telefono del servizio clienti <strong>+34 630 933 117.<\/strong><\/p>\n<p><br>Controlleremo i prodotti restituiti per verificare che arrivino in buone condizioni prima di procedere al rimborso degli importi, essendo le spese di spedizione non rimborsabili. Se avete inviato il vostro ordine a qualcun altro e questi vuole restituirlo, vi rimborseremo l&#8217;importo con lo stesso metodo di pagamento e lo stesso conto da cui \u00e8 stato inviato. Procederemo alla restituzione entro 30 giorni di calendario dal ricevimento dell&#8217;ordine di restituzione.<\/p>\n<p><br>Non sono consentiti resi o cambi su articoli acquistati online nei nostri negozi fisici.<\/p>\n<p><br><strong>Cosa posso fare se ricevo un ordine sbagliato o difettoso?<\/strong><\/p>\n<p> <\/p>\n<p>In questo caso, vi preghiamo di contattarci entro 24 ore dalla ricezione dell&#8217;ordine via e-mail, indicando l&#8217;errore o il difetto insieme ai vostri dati personali. Procederemo alla restituzione o alla sostituzione (se applicabile) nel pi\u00f9 breve tempo possibile, entro 30 giorni dalla ricezione dell&#8217;e-mail di conferma.<br><br>Gli importi pagati per i prodotti restituiti a causa di un difetto o di un vizio, quando questo esiste realmente, saranno interamente rimborsati con le stesse modalit\u00e0 con cui \u00e8 stato effettuato il pagamento, compresi i costi di consegna precedentemente pagati e i costi derivanti dalla spedizione di ritorno. Se l&#8217;errore \u00e8 dovuto al trasporto, o l&#8217;imballaggio non arriva in buone condizioni, \u00e8 necessario indicarlo sulla bolla di consegna che il corriere vi far\u00e0 firmare.<\/p>\n<p> <\/p>\n<p> <\/p>\n<h2><br>5. LEGGE APPLICABILE E GIURISDIZIONE<\/h2>\n<p><br>Per la risoluzione di tutte le controversie o questioni relative al presente sito web o alle attivit\u00e0 in esso svolte, si applicher\u00e0 la legislazione spagnola, alla quale le parti si sottomettono espressamente, e le Corti e i Tribunali pi\u00f9 vicini a VIGO saranno competenti per la risoluzione di tutte le controversie derivanti o connesse al suo utilizzo.<\/p>\n\n","protected":false},"excerpt":{"rendered":"","protected":false},"author":1,"featured_media":0,"parent":0,"menu_order":0,"comment_status":"closed","ping_status":"closed","template":"","meta":{"_joinchat":[],"footnotes":""},"class_list":["post-647","page","type-page","status-publish","hentry"],"yoast_head":"<!-- This site is optimized with the Yoast SEO plugin v22.5 - https:\/\/yoast.com\/wordpress\/plugins\/seo\/ -->\n<title>Avviso legale - Arvicacao<\/title>\n<meta name=\"robots\" content=\"index, follow, max-snippet:-1, max-image-preview:large, max-video-preview:-1\" \/>\n<link rel=\"canonical\" href=\"https:\/\/arvicacao.com\/it\/avviso-legale-2\" \/>\n<meta property=\"og:locale\" content=\"it_IT\" \/>\n<meta property=\"og:type\" content=\"article\" \/>\n<meta property=\"og:title\" content=\"Avviso legale - Arvicacao\" \/>\n<meta property=\"og:url\" content=\"https:\/\/arvicacao.com\/it\/avviso-legale-2\" \/>\n<meta property=\"og:site_name\" content=\"Arvicacao\" \/>\n<meta property=\"article:publisher\" content=\"https:\/\/www.facebook.com\/Arvichocolate\" \/>\n<meta property=\"article:modified_time\" content=\"2024-04-23T13:09:05+00:00\" \/>\n<meta name=\"twitter:card\" content=\"summary_large_image\" \/>\n<meta name=\"twitter:label1\" content=\"Tempo di lettura stimato\" \/>\n\t<meta name=\"twitter:data1\" content=\"8 minuti\" \/>\n<script type=\"application\/ld+json\" class=\"yoast-schema-graph\">{\"@context\":\"https:\/\/schema.org\",\"@graph\":[{\"@type\":\"WebPage\",\"@id\":\"https:\/\/arvicacao.com\/it\/avviso-legale-2\",\"url\":\"https:\/\/arvicacao.com\/it\/avviso-legale-2\",\"name\":\"Avviso legale - Arvicacao\",\"isPartOf\":{\"@id\":\"https:\/\/arvicacao.com\/#website\"},\"datePublished\":\"2022-05-09T15:00:53+00:00\",\"dateModified\":\"2024-04-23T13:09:05+00:00\",\"breadcrumb\":{\"@id\":\"https:\/\/arvicacao.com\/it\/avviso-legale-2#breadcrumb\"},\"inLanguage\":\"it-IT\",\"potentialAction\":[{\"@type\":\"ReadAction\",\"target\":[\"https:\/\/arvicacao.com\/it\/avviso-legale-2\"]}]},{\"@type\":\"BreadcrumbList\",\"@id\":\"https:\/\/arvicacao.com\/it\/avviso-legale-2#breadcrumb\",\"itemListElement\":[{\"@type\":\"ListItem\",\"position\":1,\"name\":\"Portada\",\"item\":\"https:\/\/arvicacao.com\/it\"},{\"@type\":\"ListItem\",\"position\":2,\"name\":\"Avviso legale\"}]},{\"@type\":\"WebSite\",\"@id\":\"https:\/\/arvicacao.com\/#website\",\"url\":\"https:\/\/arvicacao.com\/\",\"name\":\"Arvicacao\",\"description\":\".\",\"publisher\":{\"@id\":\"https:\/\/arvicacao.com\/#organization\"},\"potentialAction\":[{\"@type\":\"SearchAction\",\"target\":{\"@type\":\"EntryPoint\",\"urlTemplate\":\"https:\/\/arvicacao.com\/?s={search_term_string}\"},\"query-input\":\"required name=search_term_string\"}],\"inLanguage\":\"it-IT\"},{\"@type\":\"Organization\",\"@id\":\"https:\/\/arvicacao.com\/#organization\",\"name\":\"Arvicacao\",\"url\":\"https:\/\/arvicacao.com\/\",\"logo\":{\"@type\":\"ImageObject\",\"inLanguage\":\"it-IT\",\"@id\":\"https:\/\/arvicacao.com\/#\/schema\/logo\/image\/\",\"url\":\"https:\/\/arvicacao.com\/wp-content\/uploads\/2021\/09\/arvicacao-chocolate-logo.png\",\"contentUrl\":\"https:\/\/arvicacao.com\/wp-content\/uploads\/2021\/09\/arvicacao-chocolate-logo.png\",\"width\":500,\"height\":500,\"caption\":\"Arvicacao\"},\"image\":{\"@id\":\"https:\/\/arvicacao.com\/#\/schema\/logo\/image\/\"},\"sameAs\":[\"https:\/\/www.facebook.com\/Arvichocolate\",\"https:\/\/www.instagram.com\/arvicacao\",\"https:\/\/es.linkedin.com\/company\/arvicacao\"]}]}<\/script>\n<!-- \/ Yoast SEO plugin. -->","yoast_head_json":{"title":"Avviso legale - Arvicacao","robots":{"index":"index","follow":"follow","max-snippet":"max-snippet:-1","max-image-preview":"max-image-preview:large","max-video-preview":"max-video-preview:-1"},"canonical":"https:\/\/arvicacao.com\/it\/avviso-legale-2","og_locale":"it_IT","og_type":"article","og_title":"Avviso legale - Arvicacao","og_url":"https:\/\/arvicacao.com\/it\/avviso-legale-2","og_site_name":"Arvicacao","article_publisher":"https:\/\/www.facebook.com\/Arvichocolate","article_modified_time":"2024-04-23T13:09:05+00:00","twitter_card":"summary_large_image","twitter_misc":{"Tempo di lettura stimato":"8 minuti"},"schema":{"@context":"https:\/\/schema.org","@graph":[{"@type":"WebPage","@id":"https:\/\/arvicacao.com\/it\/avviso-legale-2","url":"https:\/\/arvicacao.com\/it\/avviso-legale-2","name":"Avviso legale - Arvicacao","isPartOf":{"@id":"https:\/\/arvicacao.com\/#website"},"datePublished":"2022-05-09T15:00:53+00:00","dateModified":"2024-04-23T13:09:05+00:00","breadcrumb":{"@id":"https:\/\/arvicacao.com\/it\/avviso-legale-2#breadcrumb"},"inLanguage":"it-IT","potentialAction":[{"@type":"ReadAction","target":["https:\/\/arvicacao.com\/it\/avviso-legale-2"]}]},{"@type":"BreadcrumbList","@id":"https:\/\/arvicacao.com\/it\/avviso-legale-2#breadcrumb","itemListElement":[{"@type":"ListItem","position":1,"name":"Portada","item":"https:\/\/arvicacao.com\/it"},{"@type":"ListItem","position":2,"name":"Avviso legale"}]},{"@type":"WebSite","@id":"https:\/\/arvicacao.com\/#website","url":"https:\/\/arvicacao.com\/","name":"Arvicacao","description":".","publisher":{"@id":"https:\/\/arvicacao.com\/#organization"},"potentialAction":[{"@type":"SearchAction","target":{"@type":"EntryPoint","urlTemplate":"https:\/\/arvicacao.com\/?s={search_term_string}"},"query-input":"required name=search_term_string"}],"inLanguage":"it-IT"},{"@type":"Organization","@id":"https:\/\/arvicacao.com\/#organization","name":"Arvicacao","url":"https:\/\/arvicacao.com\/","logo":{"@type":"ImageObject","inLanguage":"it-IT","@id":"https:\/\/arvicacao.com\/#\/schema\/logo\/image\/","url":"https:\/\/arvicacao.com\/wp-content\/uploads\/2021\/09\/arvicacao-chocolate-logo.png","contentUrl":"https:\/\/arvicacao.com\/wp-content\/uploads\/2021\/09\/arvicacao-chocolate-logo.png","width":500,"height":500,"caption":"Arvicacao"},"image":{"@id":"https:\/\/arvicacao.com\/#\/schema\/logo\/image\/"},"sameAs":["https:\/\/www.facebook.com\/Arvichocolate","https:\/\/www.instagram.com\/arvicacao","https:\/\/es.linkedin.com\/company\/arvicacao"]}]}},"_links":{"self":[{"href":"https:\/\/arvicacao.com\/it\/wp-json\/wp\/v2\/pages\/647","targetHints":{"allow":["GET"]}}],"collection":[{"href":"https:\/\/arvicacao.com\/it\/wp-json\/wp\/v2\/pages"}],"about":[{"href":"https:\/\/arvicacao.com\/it\/wp-json\/wp\/v2\/types\/page"}],"author":[{"embeddable":true,"href":"https:\/\/arvicacao.com\/it\/wp-json\/wp\/v2\/users\/1"}],"replies":[{"embeddable":true,"href":"https:\/\/arvicacao.com\/it\/wp-json\/wp\/v2\/comments?post=647"}],"version-history":[{"count":2,"href":"https:\/\/arvicacao.com\/it\/wp-json\/wp\/v2\/pages\/647\/revisions"}],"predecessor-version":[{"id":933,"href":"https:\/\/arvicacao.com\/it\/wp-json\/wp\/v2\/pages\/647\/revisions\/933"}],"wp:attachment":[{"href":"https:\/\/arvicacao.com\/it\/wp-json\/wp\/v2\/media?parent=647"}],"curies":[{"name":"wp","href":"https:\/\/api.w.org\/{rel}","templated":true}]}}