{"id":401,"date":"2021-10-07T07:10:07","date_gmt":"2021-10-07T06:10:07","guid":{"rendered":"https:\/\/arvicacao.com\/la-nostra-produzione"},"modified":"2023-09-01T10:05:30","modified_gmt":"2023-09-01T09:05:30","slug":"la-nostra-produzione","status":"publish","type":"page","link":"https:\/\/arvicacao.com\/it\/la-nostra-produzione","title":{"rendered":"La nostra produzione"},"content":{"rendered":"\n\t<section class=\"section\" id=\"section_1946034254\">\n\t\t<div class=\"bg section-bg fill bg-fill  \" >\n\n\t\t\t\n\t\t\t<div class=\"section-bg-overlay absolute fill\"><\/div>\n\t\t\t\n\n\t\t<\/div>\n\n\t\t<div class=\"section-content relative\">\n\t\t\t\n\n<div class=\"row\" style=\"max-width:1200px\" id=\"row-1544447913\">\n\n\n\t<div id=\"col-1719018729\" class=\"col medium-6 small-12 large-5\"  >\n\t\t\t\t<div class=\"col-inner\"  >\n\t\t\t\n\t\t\t\n\n\t<div id=\"gap-1897193272\" class=\"gap-element clearfix\" style=\"display:block; height:auto;\">\n\t\t\n<style>\n#gap-1897193272 {\n  padding-top: 60px;\n}\n<\/style>\n\t<\/div>\n\t\n\n\t<div id=\"text-4285458922\" class=\"text\">\n\t\t\n\n<h1><span style=\"color: #ffffff;\">La nostra produzione di cacao<\/span><\/h1>\n\t\t\n<style>\n#text-4285458922 {\n  font-size: 2.75rem;\n}\n<\/style>\n\t<\/div>\n\t\n\n\t\t<\/div>\n\t\t\t\t\t<\/div>\n\n\t\n\n<\/div>\n\n\t\t<\/div>\n\n\t\t\n<style>\n#section_1946034254 {\n  padding-top: 30px;\n  padding-bottom: 30px;\n  min-height: 300px;\n  background-color: rgb(122, 156, 89);\n}\n#section_1946034254 .section-bg-overlay {\n  background-color: rgba(122, 156, 89, 0.64);\n}\n#section_1946034254 .section-bg.bg-loaded {\n  background-image: url(https:\/\/arvicacao.com\/wp-content\/uploads\/2021\/09\/idyllic-scene-in-barichara-PEQMMGV.jpg);\n}\n@media (min-width:550px) {\n  #section_1946034254 {\n    min-height: 400px;\n  }\n}\n<\/style>\n\t<\/section>\n\t\n\t<section class=\"section\" id=\"section_624394423\">\n\t\t<div class=\"bg section-bg fill bg-fill  bg-loaded\" >\n\n\t\t\t\n\t\t\t\n\t\t\t\n\n\t\t<\/div>\n\n\t\t<div class=\"section-content relative\">\n\t\t\t\n\n<div class=\"row\" style=\"max-width:1200px\" id=\"row-1548888365\">\n\n\n\t<div id=\"col-1342138290\" class=\"col small-12 large-12\"  >\n\t\t\t\t<div class=\"col-inner\"  >\n\t\t\t\n\t\t\t\n\n<div class=\"row align-bottom\" style=\"max-width:1200px\" id=\"row-1854103896\">\n\n\n\t<div id=\"col-1337977584\" class=\"col medium-12 small-12 large-6\"  >\n\t\t\t\t<div class=\"col-inner\"  >\n\t\t\t\n\t\t\t\n\n\t<div id=\"text-1345633071\" class=\"text\">\n\t\t\n\n<h2>Hacienda La Primog\u00e9nita<\/h2>\n\t\t\n<style>\n#text-1345633071 {\n  font-size: 1.5rem;\n}\n<\/style>\n\t<\/div>\n\t\n<p>Es una peque\u00f1a finca familiar de 3ha que se encuentra en Ocumare de la Costa, productora de cacao <strong>Ocumare 61<\/strong><\/p>\n<div class=\"row\"  id=\"row-1708370335\">\n\n\n\t<div id=\"col-1215285809\" class=\"col medium-4 small-12 large-4\"  >\n\t\t\t\t<div class=\"col-inner\"  >\n\t\t\t\n\t\t\t\n\n\t<div id=\"text-4014889157\" class=\"text\">\n\t\t\n\n<p><strong>Estensione<\/strong><\/p>\n<p>2 ha<\/p>\n\t\t\n<style>\n#text-4014889157 {\n  text-align: center;\n}\n<\/style>\n\t<\/div>\n\t\n\n\t\t<\/div>\n\t\t\t\t\t<\/div>\n\n\t\n\n\t<div id=\"col-1265023143\" class=\"col medium-4 small-12 large-4\"  >\n\t\t\t\t<div class=\"col-inner\"  >\n\t\t\t\n\t\t\t\n\n<p style=\"text-align: center;\"><strong>Materiale genetico<\/strong><\/p>\n<ul>\n<li style=\"text-align: center;\">Ocumare 61<\/li>\n<\/ul>\n\n\t\t<\/div>\n\t\t\t\t\t<\/div>\n\n\t\n\n\t<div id=\"col-442522717\" class=\"col medium-4 small-12 large-4\"  >\n\t\t\t\t<div class=\"col-inner\"  >\n\t\t\t\n\t\t\t\n\n<p style=\"text-align: center;\"><strong>Capacit\u00e0 produttiva annuale<\/strong><\/p>\n<p style=\"text-align: center;\">2000 kg\/anno<\/p>\n\n\t\t<\/div>\n\t\t\t\t\t<\/div>\n\n\t\n\n<\/div>\n\n\t\t<\/div>\n\t\t\t\t\t<\/div>\n\n\t\n\n\t<div id=\"col-12094914\" class=\"col medium-12 small-12 large-6 medium-col-first\"  >\n\t\t\t\t<div class=\"col-inner\"  >\n\t\t\t\n\t\t\t\n\n\n  <div class=\"banner has-hover\" id=\"banner-2095572355\">\n          <div class=\"banner-inner fill\">\n        <div class=\"banner-bg fill\" >\n            <div class=\"bg fill bg-fill \"><\/div>\n                                    \n                    <\/div>\n        <div class=\"banner-layers container\">\n            <div class=\"fill banner-link\"><\/div>            \n\n\n        <\/div>\n      <\/div>\n\n            \n<style>\n#banner-2095572355 {\n  padding-top: 400px;\n  background-color: rgb(255, 255, 255);\n}\n#banner-2095572355 .bg.bg-loaded {\n  background-image: url(https:\/\/arvicacao.com\/wp-content\/uploads\/2021\/09\/jungle-in-costa-rica-PQYVVP6-2.jpg);\n}\n#banner-2095572355 .bg {\n  background-position: 78% 33%;\n}\n@media (min-width:550px) {\n  #banner-2095572355 {\n    padding-top: 600px;\n  }\n}\n@media (min-width:850px) {\n  #banner-2095572355 {\n    padding-top: 700px;\n  }\n}\n<\/style>\n  <\/div>\n\n\n\n\t\t<\/div>\n\t\t\t\t\n<style>\n#col-12094914 > .col-inner {\n  padding: 0px 0px 30px 0px;\n  margin: -70px 0px 0px 0px;\n}\n@media (min-width:850px) {\n  #col-12094914 > .col-inner {\n    margin: -260px 0px 0px 0px;\n  }\n}\n<\/style>\n\t<\/div>\n\n\t\n\n<\/div>\n\n\t\t<\/div>\n\t\t\t\t\t<\/div>\n\n\t\n\n<\/div>\n\n\t\t<\/div>\n\n\t\t\n<style>\n#section_624394423 {\n  padding-top: 30px;\n  padding-bottom: 30px;\n}\n<\/style>\n\t<\/section>\n\t\n\t<section class=\"section\" id=\"section_1106441960\">\n\t\t<div class=\"bg section-bg fill bg-fill  bg-loaded\" >\n\n\t\t\t\n\t\t\t\n\t\t\t\n\n\t\t<\/div>\n\n\t\t<div class=\"section-content relative\">\n\t\t\t\n\n<div class=\"row align-center\" style=\"max-width:1200px\" id=\"row-1878259748\">\n\n\n\t<div id=\"col-2086959779\" class=\"col medium-7 small-12 large-12\"  >\n\t\t\t\t<div class=\"col-inner text-center\"  >\n\t\t\t\n\t\t\t\n\n\t<div id=\"gap-140237910\" class=\"gap-element clearfix\" style=\"display:block; height:auto;\">\n\t\t\n<style>\n#gap-140237910 {\n  padding-top: 50px;\n}\n@media (min-width:550px) {\n  #gap-140237910 {\n    padding-top: 60px;\n  }\n}\n@media (min-width:850px) {\n  #gap-140237910 {\n    padding-top: 70px;\n  }\n}\n<\/style>\n\t<\/div>\n\t\n\n\t<div id=\"text-3269430896\" class=\"text\">\n\t\t\n\n<p><span style=\"color: #ffffff; font-size: 115%;\"><strong>I nostri alleati<\/strong><\/span><\/p>\n<p><span style=\"color: #ffffff;\">&#8220;Siamo una squadra con un obiettivo comune<\/span>: <span style=\"color: #ffffff;\">produrre cacao di qualit\u00e0, proteggere la sua identit\u00e0 genetica e le sue qualit\u00e0 particolari,<\/span> <span style=\"color: #ffffff;\">garantendo<\/span>un cacao originario della regione.<\/p>\n\t\t\n<style>\n#text-3269430896 {\n  font-size: 1.5rem;\n  text-align: center;\n}\n<\/style>\n\t<\/div>\n\t\n<a href=\"https:\/\/arvicacao.com\/it\/contatta\" target=\"_self\" class=\"button secondary is-link\"  >\n    <span>Contatta<\/span>\n  <\/a>\n\n\n\n\t\t<\/div>\n\t\t\t\t\t<\/div>\n\n\t\n\n<\/div>\n\n\t\t<\/div>\n\n\t\t\n<style>\n#section_1106441960 {\n  padding-top: 60px;\n  padding-bottom: 60px;\n  background-color: #5e3315;\n}\n@media (min-width:550px) {\n  #section_1106441960 {\n    padding-top: 0px;\n    padding-bottom: 0px;\n  }\n}\n<\/style>\n\t<\/section>\n\t\n\t<section class=\"section\" id=\"section_2003024172\">\n\t\t<div class=\"bg section-bg fill bg-fill  bg-loaded\" >\n\n\t\t\t\n\t\t\t\n\t\t\t\n\n\t\t<\/div>\n\n\t\t<div class=\"section-content relative\">\n\t\t\t\n\n<div class=\"row\" style=\"max-width:1200px\" id=\"row-584706695\">\n\n\n\t<div id=\"col-1820623617\" class=\"col medium-11 small-12 large-9\"  >\n\t\t\t\t<div class=\"col-inner\"  >\n\t\t\t\n\t\t\t\n\n\t<div id=\"gap-1881938704\" class=\"gap-element clearfix\" style=\"display:block; height:auto;\">\n\t\t\n<style>\n#gap-1881938704 {\n  padding-top: 30px;\n}\n<\/style>\n\t<\/div>\n\t\n\n\n  <div class=\"banner has-hover\" id=\"banner-1448525238\">\n          <div class=\"banner-inner fill\">\n        <div class=\"banner-bg fill\" >\n            <div class=\"bg fill bg-fill \"><\/div>\n                                    \n                    <\/div>\n        <div class=\"banner-layers container\">\n            <div class=\"fill banner-link\"><\/div>            \n\n\n        <\/div>\n      <\/div>\n\n            \n<style>\n#banner-1448525238 {\n  padding-top: 300px;\n  background-color: rgb(249, 245, 229);\n}\n#banner-1448525238 .bg.bg-loaded {\n  background-image: url(https:\/\/arvicacao.com\/wp-content\/uploads\/2021\/09\/barichara-colonial-architecture-PKUS54V.jpg);\n}\n#banner-1448525238 .bg {\n  background-position: 34% 44%;\n}\n@media (min-width:550px) {\n  #banner-1448525238 {\n    padding-top: 500px;\n  }\n}\n<\/style>\n  <\/div>\n\n\n\n\t\t<\/div>\n\t\t\t\t\t<\/div>\n\n\t\n\n<\/div>\n<div class=\"row align-right\" style=\"max-width:1200px\" id=\"row-571682325\">\n\n\n\t<div id=\"col-300414167\" class=\"col medium-8 small-12 large-6\"  >\n\t\t\t\t<div class=\"col-inner\" style=\"background-color:rgb(255, 255, 255);\" >\n\t\t\t\n\t\t\t\n\n\t<div id=\"text-104038412\" class=\"text\">\n\t\t\n\n<h2>Cooperativa di agricoltori di Ocumare<\/h2>\n\t\t\n<style>\n#text-104038412 {\n  font-size: 1.5rem;\n}\n<\/style>\n\t<\/div>\n\t\n<p><strong>&#8220;Dare potere al contadino \u00e8 una garanzia di&nbsp;commercio equo&#8221;.<\/strong><\/p>\n<p>Grazie ai legami culturali, alla vicinanza e al know-how, Arvicacao \u00e8 riuscita a organizzare gli agricoltori della zona in cooperative.<\/p>\n<p>Uniamo le forze per piazzare il cacao Ocumare nelle migliori panetterie del mondo.<\/p>\n<p>Forniamo consulenza tecnica, supporto logistico e finanziario a diverse famiglie produttrici di cacao.<\/p>\n\n\t\t<\/div>\n\t\t\t\t\n<style>\n#col-300414167 > .col-inner {\n  padding: 10% 10% 10% 10%;\n  margin: -42px -42px 0px 0px;\n}\n@media (min-width:550px) {\n  #col-300414167 > .col-inner {\n    margin: -317px -42px 0px 0px;\n  }\n}\n<\/style>\n\t<\/div>\n\n\t\n\n<\/div>\n\n\t\t<\/div>\n\n\t\t\n<style>\n#section_2003024172 {\n  padding-top: 40px;\n  padding-bottom: 40px;\n}\n@media (min-width:550px) {\n  #section_2003024172 {\n    padding-top: 80px;\n    padding-bottom: 80px;\n  }\n}\n@media (min-width:850px) {\n  #section_2003024172 {\n    padding-top: 100px;\n    padding-bottom: 100px;\n  }\n}\n<\/style>\n\t<\/section>\n\t\n\t<section class=\"section\" id=\"section_461386605\">\n\t\t<div class=\"bg section-bg fill bg-fill  bg-loaded\" >\n\n\t\t\t\n\t\t\t\n\t\t\t\n\n\t\t<\/div>\n\n\t\t<div class=\"section-content relative\">\n\t\t\t\n\n<div class=\"row\" style=\"max-width:1200px\" id=\"row-378841887\">\n\n\n\t<div id=\"col-471649688\" class=\"col small-12 large-12\"  >\n\t\t\t\t<div class=\"col-inner\"  >\n\t\t\t\n\t\t\t\n\n<div class=\"row align-bottom\" style=\"max-width:1200px\" id=\"row-629267252\">\n\n\n\t<div id=\"col-1442109235\" class=\"col medium-12 small-12 large-6\"  >\n\t\t\t\t<div class=\"col-inner\"  >\n\t\t\t\n\t\t\t\n\n\t<div id=\"text-881152664\" class=\"text\">\n\t\t\n\n<h2><span style=\"color: #ffffff;\">Centro di lavorazione e trasformazione del cacao, Merida<\/span><\/h2>\n\t\t\n<style>\n#text-881152664 {\n  font-size: 1.5rem;\n}\n<\/style>\n\t<\/div>\n\t\n<p><span style=\"color: #ffffff;\"><strong>Tracciabilit\u00e0 garantita, produzione sostenibile e commercio etico sono i nostri valori.<\/strong><strong>&nbsp; &nbsp; &nbsp; &nbsp; &nbsp; &nbsp; &nbsp; &nbsp; &nbsp; &nbsp; &nbsp; &nbsp; &nbsp; &nbsp; &nbsp; &nbsp; &nbsp; &nbsp;<\/strong><\/span><\/p>\n<p><span style=\"color: #ffffff;\">Le diverse famiglie di agricoltori del&nbsp;settore M\u00e9rida, nel sud del lago, portano il loro cacao appena raccolto al nostro centro di lavorazione situato nei comuni di Tulio Febres Cordero e Alberto Adriani, nello stato di M\u00e9rida.<\/span><\/p>\n\n\t\t<\/div>\n\t\t\t\t\t<\/div>\n\n\t\n\n\t<div id=\"col-363726038\" class=\"col medium-12 small-12 large-6 medium-col-first\"  >\n\t\t\t\t<div class=\"col-inner\"  >\n\t\t\t\n\t\t\t\n\n\t<div class=\"img has-hover x md-x lg-x y md-y lg-y\" id=\"image_563440405\">\n\t\t\t\t\t\t\t\t<div class=\"img-inner dark\" >\n\t\t\t<img loading=\"lazy\" decoding=\"async\" width=\"700\" height=\"467\" src=\"https:\/\/arvicacao.com\/wp-content\/uploads\/2021\/09\/idyllic-scene-in-barichara-PEQMMGV.jpg\" class=\"attachment-large size-large\" alt=\"\" srcset=\"https:\/\/arvicacao.com\/wp-content\/uploads\/2021\/09\/idyllic-scene-in-barichara-PEQMMGV.jpg 700w, https:\/\/arvicacao.com\/wp-content\/uploads\/2021\/09\/idyllic-scene-in-barichara-PEQMMGV-300x200.jpg 300w, https:\/\/arvicacao.com\/wp-content\/uploads\/2021\/09\/idyllic-scene-in-barichara-PEQMMGV-600x400.jpg 600w\" sizes=\"auto, (max-width: 700px) 100vw, 700px\" \/>\t\t\t\t\t\t\n\t\t\t\t\t<\/div>\n\t\t\t\t\t\t\t\t\n<style>\n#image_563440405 {\n  width: 100%;\n}\n<\/style>\n\t<\/div>\n\t\n\n\n\t\t<\/div>\n\t\t\t\t\n<style>\n#col-363726038 > .col-inner {\n  padding: 0px 0px 30px 0px;\n  margin: -70px 0px 0px 0px;\n}\n@media (min-width:850px) {\n  #col-363726038 > .col-inner {\n    margin: -260px 0px 0px 0px;\n  }\n}\n<\/style>\n\t<\/div>\n\n\t\n\n<\/div>\n\n\t\t<\/div>\n\t\t\t\t\t<\/div>\n\n\t\n\n<\/div>\n\n\t\t<\/div>\n\n\t\t\n<style>\n#section_461386605 {\n  padding-top: 30px;\n  padding-bottom: 30px;\n  background-color: #7a9c59;\n}\n<\/style>\n\t<\/section>\n\t\n\t<section class=\"section\" id=\"section_352634232\">\n\t\t<div class=\"bg section-bg fill bg-fill  bg-loaded\" >\n\n\t\t\t\n\t\t\t\n\t\t\t\n\n\t\t<\/div>\n\n\t\t<div class=\"section-content relative\">\n\t\t\t\n\n<div class=\"row\" style=\"max-width:1200px\" id=\"row-54230516\">\n\n\n\t<div id=\"col-1214220719\" class=\"col small-12 large-12\"  >\n\t\t\t\t<div class=\"col-inner\"  >\n\t\t\t\n\t\t\t\n\n<div class=\"row align-bottom\" style=\"max-width:1200px\" id=\"row-680342110\">\n\n\n\t<div id=\"col-251626991\" class=\"col medium-12 small-12 large-6\"  >\n\t\t\t\t<div class=\"col-inner\"  >\n\t\t\t\n\t\t\t\n\n\n  <div class=\"banner has-hover\" id=\"banner-761807926\">\n          <div class=\"banner-inner fill\">\n        <div class=\"banner-bg fill\" >\n            <div class=\"bg fill bg-fill \"><\/div>\n                                    \n                    <\/div>\n        <div class=\"banner-layers container\">\n            <div class=\"fill banner-link\"><\/div>            \n\n\n        <\/div>\n      <\/div>\n\n            \n<style>\n#banner-761807926 {\n  padding-top: 400px;\n  background-color: rgb(255, 255, 255);\n}\n#banner-761807926 .bg.bg-loaded {\n  background-image: url(https:\/\/arvicacao.com\/wp-content\/uploads\/2021\/10\/minimalist-hand-holding-an-opened-healthy-cocoa-fr-Z8JREVM.jpg);\n}\n#banner-761807926 .bg {\n  background-position: 78% 33%;\n}\n@media (min-width:550px) {\n  #banner-761807926 {\n    padding-top: 600px;\n  }\n}\n@media (min-width:850px) {\n  #banner-761807926 {\n    padding-top: 700px;\n  }\n}\n<\/style>\n  <\/div>\n\n\n\n\t\t<\/div>\n\t\t\t\t\t<\/div>\n\n\t\n\n\t<div id=\"col-2086080689\" class=\"col medium-12 small-12 large-6 medium-col-first\"  >\n\t\t\t\t<div class=\"col-inner\"  >\n\t\t\t\n\t\t\t\n\n\t<div id=\"text-3988904372\" class=\"text\">\n\t\t\n\n<h2>Centro di produzione Las Bromelias<\/h2>\n\t\t\n<style>\n#text-3988904372 {\n  font-size: 1.5rem;\n}\n<\/style>\n\t<\/div>\n\t\n<p>Se trata de una finca vecina de La Primog\u00e9nita. Su cacao est\u00e1 certificado como \u00fanico en el mundo.<\/p>\n<p>Su material gen\u00e9tico es un conglomerado de mezclas de cacaos criollos, dado por un proceso natural de &nbsp;polinizaci\u00f3n.<\/p>\n<p>Esta finca se encuentra rodeada de una planta epifita llamada Bromelia, en cuya flor se reproduce un insecto del tama\u00f1o de una mota de polvo, encargado de generar tan maravilloso mecanismo natural de mestura.<\/p>\n<div class=\"row\"  id=\"row-151609566\">\n\n\n\t<div id=\"col-1011755862\" class=\"col medium-4 small-12 large-4\"  >\n\t\t\t\t<div class=\"col-inner\"  >\n\t\t\t\n\t\t\t\n\n\t<div id=\"text-2350788205\" class=\"text\">\n\t\t\n\n<p><strong>Estensione<\/strong><\/p>\n<p>4,8 ha<\/p>\n\t\t\n<style>\n#text-2350788205 {\n  text-align: center;\n}\n<\/style>\n\t<\/div>\n\t\n\n\t\t<\/div>\n\t\t\t\t\t<\/div>\n\n\t\n\n\t<div id=\"col-460958498\" class=\"col medium-4 small-12 large-4\"  >\n\t\t\t\t<div class=\"col-inner\"  >\n\t\t\t\n\t\t\t\n\n<p style=\"text-align: center;\"><strong>Materiale genetico<\/strong><\/p>\n<ul>\n<li style=\"text-align: center;\">Ocumare 60<\/li>\n<li style=\"text-align: center;\">Ocumare 61<\/li>\n<li style=\"text-align: center;\">Ocumare 77<\/li>\n<li style=\"text-align: center;\">Chuao 120<\/li>\n<li style=\"text-align: center;\">Choron\u00ed42<\/li>\n<\/ul>\n\n\t\t<\/div>\n\t\t\t\t\t<\/div>\n\n\t\n\n\t<div id=\"col-600928369\" class=\"col medium-4 small-12 large-4\"  >\n\t\t\t\t<div class=\"col-inner\"  >\n\t\t\t\n\t\t\t\n\n<p style=\"text-align: center;\"><strong>Capacit\u00e0 produttiva annuale<\/strong><\/p>\n<p style=\"text-align: center;\">4000 kg\/anno<\/p>\n\n\t\t<\/div>\n\t\t\t\t\t<\/div>\n\n\t\n\n<\/div>\n\n\t\t<\/div>\n\t\t\t\t\n<style>\n#col-2086080689 > .col-inner {\n  padding: 0px 0px 30px 0px;\n  margin: -70px 0px 0px 0px;\n}\n@media (min-width:850px) {\n  #col-2086080689 > .col-inner {\n    margin: -260px 0px 0px 0px;\n  }\n}\n<\/style>\n\t<\/div>\n\n\t\n\n<\/div>\n\n\t\t<\/div>\n\t\t\t\t\t<\/div>\n\n\t\n\n<\/div>\n\n\t\t<\/div>\n\n\t\t\n<style>\n#section_352634232 {\n  padding-top: 30px;\n  padding-bottom: 30px;\n}\n<\/style>\n\t<\/section>\n\t\n\n","protected":false},"excerpt":{"rendered":"","protected":false},"author":1,"featured_media":0,"parent":0,"menu_order":0,"comment_status":"closed","ping_status":"closed","template":"page-blank.php","meta":{"_joinchat":[],"footnotes":""},"class_list":["post-401","page","type-page","status-publish","hentry"],"yoast_head":"<!-- This site is optimized with the Yoast SEO plugin v22.5 - https:\/\/yoast.com\/wordpress\/plugins\/seo\/ -->\n<title>La nostra produzione - Arvicacao<\/title>\n<meta name=\"robots\" content=\"index, follow, max-snippet:-1, max-image-preview:large, max-video-preview:-1\" \/>\n<link rel=\"canonical\" href=\"https:\/\/arvicacao.com\/it\/la-nostra-produzione\" \/>\n<meta property=\"og:locale\" content=\"it_IT\" \/>\n<meta property=\"og:type\" content=\"article\" \/>\n<meta property=\"og:title\" content=\"La nostra produzione - Arvicacao\" \/>\n<meta property=\"og:url\" content=\"https:\/\/arvicacao.com\/it\/la-nostra-produzione\" \/>\n<meta property=\"og:site_name\" content=\"Arvicacao\" \/>\n<meta property=\"article:publisher\" content=\"https:\/\/www.facebook.com\/Arvichocolate\" \/>\n<meta property=\"article:modified_time\" content=\"2023-09-01T09:05:30+00:00\" \/>\n<meta name=\"twitter:card\" content=\"summary_large_image\" \/>\n<meta name=\"twitter:label1\" content=\"Tempo di lettura stimato\" \/>\n\t<meta name=\"twitter:data1\" content=\"4 minuti\" \/>\n<script type=\"application\/ld+json\" class=\"yoast-schema-graph\">{\"@context\":\"https:\/\/schema.org\",\"@graph\":[{\"@type\":\"WebPage\",\"@id\":\"https:\/\/arvicacao.com\/it\/la-nostra-produzione\",\"url\":\"https:\/\/arvicacao.com\/it\/la-nostra-produzione\",\"name\":\"La nostra produzione - Arvicacao\",\"isPartOf\":{\"@id\":\"https:\/\/arvicacao.com\/#website\"},\"datePublished\":\"2021-10-07T06:10:07+00:00\",\"dateModified\":\"2023-09-01T09:05:30+00:00\",\"breadcrumb\":{\"@id\":\"https:\/\/arvicacao.com\/it\/la-nostra-produzione#breadcrumb\"},\"inLanguage\":\"it-IT\",\"potentialAction\":[{\"@type\":\"ReadAction\",\"target\":[\"https:\/\/arvicacao.com\/it\/la-nostra-produzione\"]}]},{\"@type\":\"BreadcrumbList\",\"@id\":\"https:\/\/arvicacao.com\/it\/la-nostra-produzione#breadcrumb\",\"itemListElement\":[{\"@type\":\"ListItem\",\"position\":1,\"name\":\"Portada\",\"item\":\"https:\/\/arvicacao.com\/it\"},{\"@type\":\"ListItem\",\"position\":2,\"name\":\"La nostra produzione\"}]},{\"@type\":\"WebSite\",\"@id\":\"https:\/\/arvicacao.com\/#website\",\"url\":\"https:\/\/arvicacao.com\/\",\"name\":\"Arvicacao\",\"description\":\".\",\"publisher\":{\"@id\":\"https:\/\/arvicacao.com\/#organization\"},\"potentialAction\":[{\"@type\":\"SearchAction\",\"target\":{\"@type\":\"EntryPoint\",\"urlTemplate\":\"https:\/\/arvicacao.com\/?s={search_term_string}\"},\"query-input\":\"required name=search_term_string\"}],\"inLanguage\":\"it-IT\"},{\"@type\":\"Organization\",\"@id\":\"https:\/\/arvicacao.com\/#organization\",\"name\":\"Arvicacao\",\"url\":\"https:\/\/arvicacao.com\/\",\"logo\":{\"@type\":\"ImageObject\",\"inLanguage\":\"it-IT\",\"@id\":\"https:\/\/arvicacao.com\/#\/schema\/logo\/image\/\",\"url\":\"https:\/\/arvicacao.com\/wp-content\/uploads\/2021\/09\/arvicacao-chocolate-logo.png\",\"contentUrl\":\"https:\/\/arvicacao.com\/wp-content\/uploads\/2021\/09\/arvicacao-chocolate-logo.png\",\"width\":500,\"height\":500,\"caption\":\"Arvicacao\"},\"image\":{\"@id\":\"https:\/\/arvicacao.com\/#\/schema\/logo\/image\/\"},\"sameAs\":[\"https:\/\/www.facebook.com\/Arvichocolate\",\"https:\/\/www.instagram.com\/arvicacao\",\"https:\/\/es.linkedin.com\/company\/arvicacao\"]}]}<\/script>\n<!-- \/ Yoast SEO plugin. -->","yoast_head_json":{"title":"La nostra produzione - Arvicacao","robots":{"index":"index","follow":"follow","max-snippet":"max-snippet:-1","max-image-preview":"max-image-preview:large","max-video-preview":"max-video-preview:-1"},"canonical":"https:\/\/arvicacao.com\/it\/la-nostra-produzione","og_locale":"it_IT","og_type":"article","og_title":"La nostra produzione - Arvicacao","og_url":"https:\/\/arvicacao.com\/it\/la-nostra-produzione","og_site_name":"Arvicacao","article_publisher":"https:\/\/www.facebook.com\/Arvichocolate","article_modified_time":"2023-09-01T09:05:30+00:00","twitter_card":"summary_large_image","twitter_misc":{"Tempo di lettura stimato":"4 minuti"},"schema":{"@context":"https:\/\/schema.org","@graph":[{"@type":"WebPage","@id":"https:\/\/arvicacao.com\/it\/la-nostra-produzione","url":"https:\/\/arvicacao.com\/it\/la-nostra-produzione","name":"La nostra produzione - Arvicacao","isPartOf":{"@id":"https:\/\/arvicacao.com\/#website"},"datePublished":"2021-10-07T06:10:07+00:00","dateModified":"2023-09-01T09:05:30+00:00","breadcrumb":{"@id":"https:\/\/arvicacao.com\/it\/la-nostra-produzione#breadcrumb"},"inLanguage":"it-IT","potentialAction":[{"@type":"ReadAction","target":["https:\/\/arvicacao.com\/it\/la-nostra-produzione"]}]},{"@type":"BreadcrumbList","@id":"https:\/\/arvicacao.com\/it\/la-nostra-produzione#breadcrumb","itemListElement":[{"@type":"ListItem","position":1,"name":"Portada","item":"https:\/\/arvicacao.com\/it"},{"@type":"ListItem","position":2,"name":"La nostra produzione"}]},{"@type":"WebSite","@id":"https:\/\/arvicacao.com\/#website","url":"https:\/\/arvicacao.com\/","name":"Arvicacao","description":".","publisher":{"@id":"https:\/\/arvicacao.com\/#organization"},"potentialAction":[{"@type":"SearchAction","target":{"@type":"EntryPoint","urlTemplate":"https:\/\/arvicacao.com\/?s={search_term_string}"},"query-input":"required name=search_term_string"}],"inLanguage":"it-IT"},{"@type":"Organization","@id":"https:\/\/arvicacao.com\/#organization","name":"Arvicacao","url":"https:\/\/arvicacao.com\/","logo":{"@type":"ImageObject","inLanguage":"it-IT","@id":"https:\/\/arvicacao.com\/#\/schema\/logo\/image\/","url":"https:\/\/arvicacao.com\/wp-content\/uploads\/2021\/09\/arvicacao-chocolate-logo.png","contentUrl":"https:\/\/arvicacao.com\/wp-content\/uploads\/2021\/09\/arvicacao-chocolate-logo.png","width":500,"height":500,"caption":"Arvicacao"},"image":{"@id":"https:\/\/arvicacao.com\/#\/schema\/logo\/image\/"},"sameAs":["https:\/\/www.facebook.com\/Arvichocolate","https:\/\/www.instagram.com\/arvicacao","https:\/\/es.linkedin.com\/company\/arvicacao"]}]}},"_links":{"self":[{"href":"https:\/\/arvicacao.com\/it\/wp-json\/wp\/v2\/pages\/401","targetHints":{"allow":["GET"]}}],"collection":[{"href":"https:\/\/arvicacao.com\/it\/wp-json\/wp\/v2\/pages"}],"about":[{"href":"https:\/\/arvicacao.com\/it\/wp-json\/wp\/v2\/types\/page"}],"author":[{"embeddable":true,"href":"https:\/\/arvicacao.com\/it\/wp-json\/wp\/v2\/users\/1"}],"replies":[{"embeddable":true,"href":"https:\/\/arvicacao.com\/it\/wp-json\/wp\/v2\/comments?post=401"}],"version-history":[{"count":3,"href":"https:\/\/arvicacao.com\/it\/wp-json\/wp\/v2\/pages\/401\/revisions"}],"predecessor-version":[{"id":929,"href":"https:\/\/arvicacao.com\/it\/wp-json\/wp\/v2\/pages\/401\/revisions\/929"}],"wp:attachment":[{"href":"https:\/\/arvicacao.com\/it\/wp-json\/wp\/v2\/media?parent=401"}],"curies":[{"name":"wp","href":"https:\/\/api.w.org\/{rel}","templated":true}]}}