{"id":391,"date":"2021-10-07T10:44:22","date_gmt":"2021-10-07T09:44:22","guid":{"rendered":"https:\/\/arvicacao.com\/avviso-legale"},"modified":"2022-04-07T09:29:44","modified_gmt":"2022-04-07T08:29:44","slug":"avviso-legale","status":"publish","type":"page","link":"https:\/\/arvicacao.com\/it\/avviso-legale","title":{"rendered":"Avviso legale"},"content":{"rendered":"\n<h3>AVVISO LEGALE<\/h3>\n<p>In conformit\u00e0 con la Legge 34\/2002, dell&#8217;11 luglio, sui servizi della societ\u00e0 dell&#8217;informazione e del commercio elettronico, articolo 10, e il Regolamento generale sulla protezione dei dati personali, si forniscono le seguenti informazioni generali e informazioni:<\/p>\n<p><strong>E-MAIL<\/strong><\/p>\n<p>La informiamo che nel caso in cui non desideri pi\u00f9 ricevere le comunicazioni e le informazioni che ha ricevuto attraverso questo sistema di comunicazione elettronica, la preghiamo di comunicarcelo inviando una e-mail a <a href=\"mailto:info@arvicacao.com\">info@arvicacao.com<\/a>. In questo modo, i suoi dati personali saranno rimossi dal nostro database. La sua richiesta sar\u00e0 presa in considerazione entro 10 giorni dalla presentazione. Nel caso in cui non ricevessimo una risposta esplicita da parte sua, capiremo che lei accetta e autorizza la nostra azienda a continuare l&#8217;invio delle suddette comunicazioni. Questo messaggio \u00e8 destinato solo al destinatario e pu\u00f2 contenere informazioni privilegiate o confidenziali. Se non siete il destinatario previsto, siete informati che l&#8217;uso, la divulgazione e\/o la copia non autorizzati sono proibiti dalla legge applicabile.<\/p>\n<p><strong>PROTEZIONE DEI DATI<\/strong><\/p>\n<p>In conformit\u00e0 al REGOLAMENTO (UE) 2016\/679 DEL PARLAMENTO EUROPEO E DEL CONSIGLIO del 27 aprile 2016 relativo alla protezione delle persone fisiche con riguardo al trattamento dei dati personali, nonch\u00e9 alla libera circolazione di tali dati e che abroga la direttiva 95\/46\/CE (Regolamento generale sulla protezione dei dati), la informiamo che i dati personali che lei ci fornir\u00e0 volontariamente, tramite uno qualsiasi dei nostri mezzi di raccolta delle informazioni, saranno incorporati nel trattamento automatizzato dei dati personali. Tradotto con www.DeepL.com\/Translator (versione gratuita)<\/p>\n<p>L&#8217;unico scopo di tale trattamento \u00e8 la gestione professionale \u00b9 da parte di ARVICACAO S.L., che \u00e8 responsabile del trattamento. I dati ivi contenuti saranno trattati in modo confidenziale. ARVICACAO S.L. rispetta pienamente la legislazione vigente in materia di protezione dei dati personali e gli impegni di riservatezza inerenti alla sua attivit\u00e0.<\/p>\n<p>ARVICACAO S.L. ha adottato le misure tecniche necessarie per mantenere il livello di sicurezza richiesto, secondo la natura dei dati personali trattati e le circostanze del trattamento, al fine di evitare, per quanto possibile e sempre secondo lo stato della tecnica, la loro alterazione, perdita, trattamento o accesso non autorizzato.<\/p>\n<p>Per realizzare il suddetto trattamento, potrebbe essere necessario trasferire i dati a responsabili del trattamento, aziende collaboratrici e amministrazioni pubbliche.<\/p>\n<p>Lei \u00e8 informato della possibilit\u00e0 di inviarle informazioni su attivit\u00e0 e servizi di interesse a cui lei d\u00e0 il suo consenso e che, con qualsiasi mezzo, possono essere realizzati da entit\u00e0 che collaborano con il titolare dei dati e il titolare stesso.<\/p>\n<p>Questa autorizzazione ha effetto retroattivo per qualsiasi trattamento di dati gi\u00e0 effettuato dal responsabile del trattamento, a condizione che la finalit\u00e0 fosse quella indicata sopra. \u00c8 anche efficace per qualsiasi altro trattamento necessario per la fornitura di servizi di nuova assunzione o di nuovo contratto.<\/p>\n<p>Al fine di garantire che le informazioni contenute nel nostro trattamento siano sempre aggiornate e prive di errori, chiediamo ai nostri clienti e utenti di informarci al pi\u00f9 presto di qualsiasi modifica o correzione dei loro dati personali.<\/p>\n<p>Se desidera esercitare il suo diritto di accesso, rettifica, opposizione o soppressione, invii una lettera (allegando una fotocopia della sua carta d&#8217;identit\u00e0) a:<\/p>\n<p><strong>ARVICACAO S.L.<\/strong><br><strong>Calle principe, 53, 3\u00ba, CP 36202 Vigo (Pontevedra) &#8211; Espa\u00f1a<\/strong><br><strong>Email: <a href=\"mailto:info@arvicacao.com\">info@arvicacao.com<\/a><\/strong><\/p>\n<p>\u00b9 Gestione dei clienti, budgeting, gestione contabile e fiscale, preparazione delle fatture, gestione delle risorse umane, gestione del lavoro.<\/p>\n<p><strong>SITI WEB<\/strong><\/p>\n<p>Che il dominio www.peopleandbrand.ocm d&#8217;ora in poi il sito web \u00e8 registrato a nome di ARVICACAO S.L.<\/p>\n<p>Dettagli del proprietario del sito web:<\/p>\n<p>Nome o ragione sociale: ARVICACAO S.L.<br>CIF: B27851922<br>Indirizzo: Calle principe 53<br>C.P.: 36202 <br>Posizione: Vigo<br>Provincia: Pontevedra<br>Paese: Espa\u00f1a<\/p>\n<p>L&#8217;accesso al sito web e alle informazioni relative a qualsiasi prodotto e servizio in esso contenuto implica l&#8217;accettazione delle condizioni stabilite nel presente Avviso Legale. Vi raccomandiamo quindi di leggere attentamente il suo contenuto se desiderate accedere e utilizzare le informazioni e i servizi in esso offerti.<\/p>\n<p>\u00c8 possibile che in alcune pagine del sito web ci siano dei cookies, che sono piccoli file di dati che si generano nel computer dell&#8217;utente o del cliente e che permettono ai nostri sistemi di ricordare la lingua e il portale scelti, cos\u00ec come altre caratteristiche o preferenze di navigazione dell&#8217;utente nella sua prima sessione. Questi cookie non sono invasivi o dannosi, n\u00e9 contengono dati personali, poich\u00e9 la loro unica funzione \u00e8 quella di personalizzare la sua esperienza di navigazione come descritto sopra.<\/p>\n<p><strong>Stato dell&#8217;utente e usi consentiti e proibiti:<\/strong><\/p>\n<p>L&#8217;accesso e\/o l&#8217;uso del sito web indicato come sito web (o qualsiasi altro menzionato nella sezione 1 del presente avviso) conferisce all&#8217;utente lo status di utente, accettando, da quel momento stesso, pienamente e senza riserve, le presenti condizioni generali, cos\u00ec come le condizioni specifiche che, se del caso, completano, modificano o sostituiscono le condizioni generali in relazione a determinati servizi e contenuti del sito web. Tradotto con www.DeepL.com\/Translator (versione gratuita)<\/p>\n<p>L&#8217;utente si impegna a utilizzare il sito web e i suoi servizi e contenuti senza contravvenire alla legislazione vigente, alla buona fede, agli usi generalmente accettati e all&#8217;ordine pubblico.<\/p>\n<p>Allo stesso modo, \u00e8 vietato utilizzare il sito web per scopi illeciti o dannosi nei confronti della societ\u00e0 proprietaria del sito o di terzi, o che, in qualsiasi modo, possano causare danni o impedire il normale funzionamento del sito web.<\/p>\n<p><strong>Propriet\u00e0 intellettuale e industriale:<\/strong><\/p>\n<p>Per quanto riguarda i contenuti (informazioni, testi, grafici, file di suoni e\/o immagini, fotografie, disegni, ecc:<\/p>\n<p>1. La sua riproduzione, distribuzione o modifica, a meno che non sia autorizzata dai suoi legittimi proprietari o permessa legalmente.<br>2. Qualsiasi violazione dei diritti del proprietario del sito web o dei legittimi proprietari dello stesso.<br>3. il suo utilizzo per fini commerciali o pubblicitari diversi da quelli strettamente consentiti.<br>4. Qualsiasi tentativo di ottenere i contenuti del sito web con mezzi diversi da quelli messi a disposizione degli utenti e da quelli normalmente utilizzati su Internet, a condizione che non causino alcun danno al sito web.<\/p>\n<p>Il proprietario del sito web non d\u00e0 alcuna garanzia e non \u00e8 responsabile, in ogni caso, per i danni di qualsiasi natura che possono essere causati da:<\/p>\n<p>1. La mancanza di disponibilit\u00e0, manutenzione e funzionamento effettivo del sito web e\/o dei suoi servizi o contenuti.<br>2. La mancanza di utilit\u00e0, idoneit\u00e0 o validit\u00e0 del sito web e\/o dei suoi servizi o contenuti per soddisfare le necessit\u00e0, attivit\u00e0 o risultati specifici o aspettative degli utenti.<br>3. L&#8217;esistenza di virus, programmi maligni o dannosi nei contenuti.<br>4. La ricezione, la raccolta, l&#8217;immagazzinamento, la conservazione, la diffusione o la trasmissione di contenuti da parte degli utenti.<br>5. L&#8217;uso illecito, negligente, fraudolento, contrario alle presenti Condizioni Generali, alla buona fede, agli usi generalmente accettati o all&#8217;ordine pubblico, del sito web, dei suoi servizi o contenuti, da parte degli utenti.<br>6. La mancanza di legalit\u00e0, qualit\u00e0, affidabilit\u00e0, utilit\u00e0 e disponibilit\u00e0 dei servizi forniti da terzi e messi a disposizione degli utenti sul sito web.<br>7. Il mancato rispetto da parte di terzi dei loro obblighi o impegni in relazione ai servizi forniti agli utenti attraverso il sito web.<\/p>\n<p>Al fine di preservare eventuali diritti di propriet\u00e0 intellettuale, nel caso in cui qualsiasi utente o terzo ritenga che ci sia stata una violazione dei propri diritti legittimi a causa dell&#8217;introduzione di determinati contenuti nel sito web, dovr\u00e0 notificare questa circostanza a <a href=\"mailto:info@arvicacao.com\">info@arvicacao.com<\/a>, indicando:<\/p>\n<p>1. Dati personali dell&#8217;interessato che \u00e8 il titolare dei diritti presumibilmente violati. Se il reclamo \u00e8 presentato da un terzo diverso dall&#8217;interessato, questi deve indicare la rappresentanza in cui agisce.<br>2. Indicazione dei contenuti protetti da diritti di propriet\u00e0 intellettuale e la loro ubicazione nel sito web.<br>3. Prova dei suddetti diritti di propriet\u00e0 intellettuale.<br>4. Dichiarazione esplicita in cui la parte interessata accetta la responsabilit\u00e0 della veridicit\u00e0 delle informazioni fornite nella notifica.<\/p>\n<p>La legittimit\u00e0 dei diritti di propriet\u00e0 intellettuale o industriale corrispondenti ai contenuti forniti da terzi \u00e8 di esclusiva responsabilit\u00e0 dei suddetti terzi.<\/p>\n<p>La creazione di qualsiasi &#8220;hyperlink&#8221; tra una pagina web e una qualsiasi delle pagine web del sito \u00e8 soggetta alle seguenti condizioni:<\/p>\n<p>1. La riproduzione totale o parziale di qualsiasi servizio o contenuto del sito web non \u00e8 consentita.* 2.<br>2. La pagina web in cui si stabilisce il collegamento ipertestuale non deve contenere nessun marchio, nome commerciale, nome di stabilimento, denominazione, logo, slogan o altri segni distintivi appartenenti al sito web.<br>3. In nessun caso il proprietario del sito web sar\u00e0 responsabile dei contenuti o dei servizi messi a disposizione del pubblico sulla pagina web da cui viene effettuato il collegamento ipertestuale, n\u00e9 delle informazioni e delle dichiarazioni ivi contenute.<\/p>\n<p><strong>Durata e modifiche:<\/strong><\/p>\n<p>La durata della fornitura del servizio del sito web e dei servizi \u00e8 indefinita.<\/p>\n<p>Fatto salvo quanto sopra, il proprietario del sito web si riserva il diritto di interrompere, sospendere o terminare la fornitura del servizio del sito web o di uno qualsiasi dei servizi che lo compongono, negli stessi termini indicati nella terza condizione.<\/p>\n<p>La struttura e il design del sito web possono essere modificati unilateralmente e senza preavviso, ogni volta che lo si ritenga opportuno, e i servizi, i contenuti e le condizioni di accesso e\/o utilizzo del sito possono essere modificati o eliminati.<\/p>\n<p><strong>Legge applicabile e giurisdizione;<\/strong><\/p>\n<p>Le presenti Condizioni Generali sono regolate dalla legge spagnola.<\/p>\n<p>Il proprietario del sito web e l&#8217;utente, rinunciando espressamente a qualsiasi altra giurisdizione che possa corrispondere loro, si sottomettono alla giurisdizione delle Corti e dei Tribunali del domicilio dell&#8217;utente per tutte le questioni che possano sorgere o le azioni che possano essere intentate come risultato della prestazione del servizio del sito web e dei suoi servizi e contenuti e per quanto riguarda l&#8217;interpretazione, l&#8217;applicazione, il rispetto o il mancato rispetto delle disposizioni del presente documento. Tradotto con www.DeepL.com\/Translator (versione gratuita)<\/p>\n\n","protected":false},"excerpt":{"rendered":"","protected":false},"author":1,"featured_media":0,"parent":0,"menu_order":0,"comment_status":"closed","ping_status":"closed","template":"","meta":{"_joinchat":[],"footnotes":""},"class_list":["post-391","page","type-page","status-publish","hentry"],"yoast_head":"<!-- This site is optimized with the Yoast SEO plugin v22.5 - https:\/\/yoast.com\/wordpress\/plugins\/seo\/ -->\n<title>Avviso legale - Arvicacao<\/title>\n<meta name=\"robots\" content=\"index, follow, max-snippet:-1, max-image-preview:large, max-video-preview:-1\" \/>\n<link rel=\"canonical\" href=\"https:\/\/arvicacao.com\/it\/avviso-legale\" \/>\n<meta property=\"og:locale\" content=\"it_IT\" \/>\n<meta property=\"og:type\" content=\"article\" \/>\n<meta property=\"og:title\" content=\"Avviso legale - Arvicacao\" \/>\n<meta property=\"og:url\" content=\"https:\/\/arvicacao.com\/it\/avviso-legale\" \/>\n<meta property=\"og:site_name\" content=\"Arvicacao\" \/>\n<meta property=\"article:publisher\" content=\"https:\/\/www.facebook.com\/Arvichocolate\" \/>\n<meta property=\"article:modified_time\" content=\"2022-04-07T08:29:44+00:00\" \/>\n<meta name=\"twitter:card\" content=\"summary_large_image\" \/>\n<meta name=\"twitter:label1\" content=\"Tempo di lettura stimato\" \/>\n\t<meta name=\"twitter:data1\" content=\"8 minuti\" \/>\n<script type=\"application\/ld+json\" class=\"yoast-schema-graph\">{\"@context\":\"https:\/\/schema.org\",\"@graph\":[{\"@type\":\"WebPage\",\"@id\":\"https:\/\/arvicacao.com\/it\/avviso-legale\",\"url\":\"https:\/\/arvicacao.com\/it\/avviso-legale\",\"name\":\"Avviso legale - Arvicacao\",\"isPartOf\":{\"@id\":\"https:\/\/arvicacao.com\/#website\"},\"datePublished\":\"2021-10-07T09:44:22+00:00\",\"dateModified\":\"2022-04-07T08:29:44+00:00\",\"breadcrumb\":{\"@id\":\"https:\/\/arvicacao.com\/it\/avviso-legale#breadcrumb\"},\"inLanguage\":\"it-IT\",\"potentialAction\":[{\"@type\":\"ReadAction\",\"target\":[\"https:\/\/arvicacao.com\/it\/avviso-legale\"]}]},{\"@type\":\"BreadcrumbList\",\"@id\":\"https:\/\/arvicacao.com\/it\/avviso-legale#breadcrumb\",\"itemListElement\":[{\"@type\":\"ListItem\",\"position\":1,\"name\":\"Portada\",\"item\":\"https:\/\/arvicacao.com\/it\"},{\"@type\":\"ListItem\",\"position\":2,\"name\":\"Avviso legale\"}]},{\"@type\":\"WebSite\",\"@id\":\"https:\/\/arvicacao.com\/#website\",\"url\":\"https:\/\/arvicacao.com\/\",\"name\":\"Arvicacao\",\"description\":\".\",\"publisher\":{\"@id\":\"https:\/\/arvicacao.com\/#organization\"},\"potentialAction\":[{\"@type\":\"SearchAction\",\"target\":{\"@type\":\"EntryPoint\",\"urlTemplate\":\"https:\/\/arvicacao.com\/?s={search_term_string}\"},\"query-input\":\"required name=search_term_string\"}],\"inLanguage\":\"it-IT\"},{\"@type\":\"Organization\",\"@id\":\"https:\/\/arvicacao.com\/#organization\",\"name\":\"Arvicacao\",\"url\":\"https:\/\/arvicacao.com\/\",\"logo\":{\"@type\":\"ImageObject\",\"inLanguage\":\"it-IT\",\"@id\":\"https:\/\/arvicacao.com\/#\/schema\/logo\/image\/\",\"url\":\"https:\/\/arvicacao.com\/wp-content\/uploads\/2021\/09\/arvicacao-chocolate-logo.png\",\"contentUrl\":\"https:\/\/arvicacao.com\/wp-content\/uploads\/2021\/09\/arvicacao-chocolate-logo.png\",\"width\":500,\"height\":500,\"caption\":\"Arvicacao\"},\"image\":{\"@id\":\"https:\/\/arvicacao.com\/#\/schema\/logo\/image\/\"},\"sameAs\":[\"https:\/\/www.facebook.com\/Arvichocolate\",\"https:\/\/www.instagram.com\/arvicacao\",\"https:\/\/es.linkedin.com\/company\/arvicacao\"]}]}<\/script>\n<!-- \/ Yoast SEO plugin. -->","yoast_head_json":{"title":"Avviso legale - Arvicacao","robots":{"index":"index","follow":"follow","max-snippet":"max-snippet:-1","max-image-preview":"max-image-preview:large","max-video-preview":"max-video-preview:-1"},"canonical":"https:\/\/arvicacao.com\/it\/avviso-legale","og_locale":"it_IT","og_type":"article","og_title":"Avviso legale - Arvicacao","og_url":"https:\/\/arvicacao.com\/it\/avviso-legale","og_site_name":"Arvicacao","article_publisher":"https:\/\/www.facebook.com\/Arvichocolate","article_modified_time":"2022-04-07T08:29:44+00:00","twitter_card":"summary_large_image","twitter_misc":{"Tempo di lettura stimato":"8 minuti"},"schema":{"@context":"https:\/\/schema.org","@graph":[{"@type":"WebPage","@id":"https:\/\/arvicacao.com\/it\/avviso-legale","url":"https:\/\/arvicacao.com\/it\/avviso-legale","name":"Avviso legale - Arvicacao","isPartOf":{"@id":"https:\/\/arvicacao.com\/#website"},"datePublished":"2021-10-07T09:44:22+00:00","dateModified":"2022-04-07T08:29:44+00:00","breadcrumb":{"@id":"https:\/\/arvicacao.com\/it\/avviso-legale#breadcrumb"},"inLanguage":"it-IT","potentialAction":[{"@type":"ReadAction","target":["https:\/\/arvicacao.com\/it\/avviso-legale"]}]},{"@type":"BreadcrumbList","@id":"https:\/\/arvicacao.com\/it\/avviso-legale#breadcrumb","itemListElement":[{"@type":"ListItem","position":1,"name":"Portada","item":"https:\/\/arvicacao.com\/it"},{"@type":"ListItem","position":2,"name":"Avviso legale"}]},{"@type":"WebSite","@id":"https:\/\/arvicacao.com\/#website","url":"https:\/\/arvicacao.com\/","name":"Arvicacao","description":".","publisher":{"@id":"https:\/\/arvicacao.com\/#organization"},"potentialAction":[{"@type":"SearchAction","target":{"@type":"EntryPoint","urlTemplate":"https:\/\/arvicacao.com\/?s={search_term_string}"},"query-input":"required name=search_term_string"}],"inLanguage":"it-IT"},{"@type":"Organization","@id":"https:\/\/arvicacao.com\/#organization","name":"Arvicacao","url":"https:\/\/arvicacao.com\/","logo":{"@type":"ImageObject","inLanguage":"it-IT","@id":"https:\/\/arvicacao.com\/#\/schema\/logo\/image\/","url":"https:\/\/arvicacao.com\/wp-content\/uploads\/2021\/09\/arvicacao-chocolate-logo.png","contentUrl":"https:\/\/arvicacao.com\/wp-content\/uploads\/2021\/09\/arvicacao-chocolate-logo.png","width":500,"height":500,"caption":"Arvicacao"},"image":{"@id":"https:\/\/arvicacao.com\/#\/schema\/logo\/image\/"},"sameAs":["https:\/\/www.facebook.com\/Arvichocolate","https:\/\/www.instagram.com\/arvicacao","https:\/\/es.linkedin.com\/company\/arvicacao"]}]}},"_links":{"self":[{"href":"https:\/\/arvicacao.com\/it\/wp-json\/wp\/v2\/pages\/391","targetHints":{"allow":["GET"]}}],"collection":[{"href":"https:\/\/arvicacao.com\/it\/wp-json\/wp\/v2\/pages"}],"about":[{"href":"https:\/\/arvicacao.com\/it\/wp-json\/wp\/v2\/types\/page"}],"author":[{"embeddable":true,"href":"https:\/\/arvicacao.com\/it\/wp-json\/wp\/v2\/users\/1"}],"replies":[{"embeddable":true,"href":"https:\/\/arvicacao.com\/it\/wp-json\/wp\/v2\/comments?post=391"}],"version-history":[{"count":1,"href":"https:\/\/arvicacao.com\/it\/wp-json\/wp\/v2\/pages\/391\/revisions"}],"predecessor-version":[{"id":392,"href":"https:\/\/arvicacao.com\/it\/wp-json\/wp\/v2\/pages\/391\/revisions\/392"}],"wp:attachment":[{"href":"https:\/\/arvicacao.com\/it\/wp-json\/wp\/v2\/media?parent=391"}],"curies":[{"name":"wp","href":"https:\/\/api.w.org\/{rel}","templated":true}]}}