{"id":1172,"date":"2021-09-15T07:30:31","date_gmt":"2021-09-15T06:30:31","guid":{"rendered":"https:\/\/arvicacao.com\/social-work"},"modified":"2023-09-07T11:46:02","modified_gmt":"2023-09-07T10:46:02","slug":"social-work","status":"publish","type":"page","link":"https:\/\/arvicacao.com\/en\/social-work","title":{"rendered":"Social work"},"content":{"rendered":"\n\t<section class=\"section\" id=\"section_1218317286\">\n\t\t<div class=\"bg section-bg fill bg-fill  \" >\n\n\t\t\t\n\t\t\t<div class=\"section-bg-overlay absolute fill\"><\/div>\n\t\t\t\n\n\t\t<\/div>\n\n\t\t<div class=\"section-content relative\">\n\t\t\t\n\n<div class=\"row\" style=\"max-width:1200px\" id=\"row-1653568918\">\n\n\n\t<div id=\"col-1795946223\" class=\"col medium-5 small-12 large-5\"  >\n\t\t\t\t<div class=\"col-inner\"  >\n\t\t\t\n\t\t\t\n\n\t<div id=\"gap-625675545\" class=\"gap-element clearfix\" style=\"display:block; height:auto;\">\n\t\t\n<style>\n#gap-625675545 {\n  padding-top: 0px;\n}\n@media (min-width:850px) {\n  #gap-625675545 {\n    padding-top: 30px;\n  }\n}\n<\/style>\n\t<\/div>\n\t\n\n\n\t\t<\/div>\n\t\t\t\t\t<\/div>\n\n\t\n\n\t<div id=\"col-73608305\" class=\"col medium-12 small-12 large-7\"  >\n\t\t\t\t<div class=\"col-inner\"  >\n\t\t\t\n\t\t\t\n\n\t<div id=\"gap-702794376\" class=\"gap-element clearfix\" style=\"display:block; height:auto;\">\n\t\t\n<style>\n#gap-702794376 {\n  padding-top: 30px;\n}\n<\/style>\n\t<\/div>\n\t\n\n\t<div id=\"text-2798108145\" class=\"text\">\n\t\t\n\n<h2><span style=\"font-size: 75%;\">DISCOVER THE LOVE WITHOUT BORDERS FOUNDATION<\/span><\/h2>\n\t\t\n<style>\n#text-2798108145 {\n  font-size: 1rem;\n  color: rgb(255,255,255);\n}\n#text-2798108145 > * {\n  color: rgb(255,255,255);\n}\n@media (min-width:550px) {\n  #text-2798108145 {\n    font-size: 1.25rem;\n  }\n}\n<\/style>\n\t<\/div>\n\t\n\t<div id=\"text-64988754\" class=\"text\">\n\t\t\n\n<h1>Social work of Arvicacao<\/h1>\n\n\t\t\n<style>\n#text-64988754 {\n  font-size: 2.5rem;\n  color: rgb(255,255,255);\n}\n#text-64988754 > * {\n  color: rgb(255,255,255);\n}\n@media (min-width:550px) {\n  #text-64988754 {\n    font-size: 3rem;\n  }\n}\n<\/style>\n\t<\/div>\n\t\n\n\t\t<\/div>\n\t\t\t\t\n<style>\n#col-73608305 > .col-inner {\n  padding: 0px 0px 0px 0;\n}\n@media (min-width:550px) {\n  #col-73608305 > .col-inner {\n    padding: 0px 0px 0px 30px;\n  }\n}\n<\/style>\n\t<\/div>\n\n\t\n\n<\/div>\n\n\t\t<\/div>\n\n\t\t\n<style>\n#section_1218317286 {\n  padding-top: 30px;\n  padding-bottom: 30px;\n  min-height: 300px;\n}\n#section_1218317286 .section-bg-overlay {\n  background-color: rgba(0,0,0,.5);\n}\n#section_1218317286 .section-bg.bg-loaded {\n  background-image: url(https:\/\/arvicacao.com\/wp-content\/uploads\/2021\/10\/portrait-of-beautiful-girl-in-shanty-town-ZM3C7QH.jpg);\n}\n#section_1218317286 .section-bg {\n  background-position: 76% 30%;\n}\n@media (min-width:550px) {\n  #section_1218317286 {\n    min-height: 450px;\n  }\n}\n@media (min-width:850px) {\n  #section_1218317286 {\n    min-height: 500px;\n  }\n}\n<\/style>\n\t<\/section>\n\t\n<div class=\"row\" style=\"max-width:1200px\" id=\"row-6480402\">\n\n\n\t<div id=\"col-1743434679\" class=\"col medium-12 small-12 large-5\"  >\n\t\t\t\t<div class=\"col-inner\"  >\n\t\t\t\n\t\t\t\n\n\n  <div class=\"banner has-hover\" id=\"banner-1307935586\">\n          <div class=\"banner-inner fill\">\n        <div class=\"banner-bg fill\" >\n            <div class=\"bg fill bg-fill \"><\/div>\n                                    \n                    <\/div>\n        <div class=\"banner-layers container\">\n            <div class=\"fill banner-link\"><\/div>            \n\n\n        <\/div>\n      <\/div>\n\n            \n<style>\n#banner-1307935586 {\n  padding-top: 300px;\n  background-color: rgb(255, 255, 255);\n}\n#banner-1307935586 .bg.bg-loaded {\n  background-image: url(https:\/\/arvicacao.com\/wp-content\/uploads\/2021\/09\/portrait-of-cute-latino-girl-using-the-mobile-in-s-U4EBPQW.jpg);\n}\n#banner-1307935586 .bg {\n  background-position: 50% 56%;\n}\n@media (min-width:550px) {\n  #banner-1307935586 {\n    padding-top: 500px;\n  }\n}\n@media (min-width:850px) {\n  #banner-1307935586 {\n    padding-top: 650px;\n  }\n}\n<\/style>\n  <\/div>\n\n\n\t<div id=\"gap-2009904484\" class=\"gap-element clearfix\" style=\"display:block; height:auto;\">\n\t\t\n<style>\n#gap-2009904484 {\n  padding-top: 0px;\n}\n@media (min-width:850px) {\n  #gap-2009904484 {\n    padding-top: 100px;\n  }\n}\n<\/style>\n\t<\/div>\n\t\n\n\n\t\t<\/div>\n\t\t\t\t\n<style>\n#col-1743434679 > .col-inner {\n  margin: -100px 0px 0px 0px;\n}\n@media (min-width:550px) {\n  #col-1743434679 > .col-inner {\n    margin: -150px 0px 0px 0px;\n  }\n}\n@media (min-width:850px) {\n  #col-1743434679 > .col-inner {\n    margin: -400px 0px 0px 0px;\n  }\n}\n<\/style>\n\t<\/div>\n\n\t\n\n\t<div id=\"col-1752009135\" class=\"col medium-11 small-12 large-7\"  >\n\t\t\t\t<div class=\"col-inner text-left\"  >\n\t\t\t\n\t\t\t\n\n\t<div id=\"gap-1418327508\" class=\"gap-element clearfix\" style=\"display:block; height:auto;\">\n\t\t\n<style>\n#gap-1418327508 {\n  padding-top: 30px;\n}\n<\/style>\n\t<\/div>\n\t\n\n<p>The foundation amor sin fronteras is a non-profit organisation of social character, created to help people of low resources in Venezuela.<\/p>\n<p><strong>Origin<\/strong>: Founded by Ruth Fuentes Z\u00fa\u00f1iga: teacher by profession, chocolatier by vocation. Owner of Hacienda La primog\u00e9nita. The eldest of 5 siblings. Mother of 4 children. Tireless fighter, enterprising woman and head of a family.<\/p>\n\n\t\t<\/div>\n\t\t\t\t\n<style>\n#col-1752009135 > .col-inner {\n  padding: 0px 0px 0px 0;\n}\n@media (min-width:550px) {\n  #col-1752009135 > .col-inner {\n    padding: 0px 0px 0px 30px;\n  }\n}\n<\/style>\n\t<\/div>\n\n\t\n\n<\/div>\n\t<section class=\"section\" id=\"section_1573849972\">\n\t\t<div class=\"bg section-bg fill bg-fill  bg-loaded\" >\n\n\t\t\t\n\t\t\t\n\t\t\t\n\n\t\t<\/div>\n\n\t\t<div class=\"section-content relative\">\n\t\t\t\n\n<div class=\"row\" style=\"max-width:1200px\" id=\"row-400823489\">\n\n\n\t<div id=\"col-1923829252\" class=\"col small-12 large-12\"  >\n\t\t\t\t<div class=\"col-inner\"  >\n\t\t\t\n\t\t\t\n\n\t<div id=\"text-3367097827\" class=\"text\">\n\t\t\n\n<p>LOVE WITHOUT BORDERS FOUNDATION<\/p>\n\t\t\n<style>\n#text-3367097827 {\n  font-size: 1.1rem;\n  text-align: center;\n}\n<\/style>\n\t<\/div>\n\t\n\t<div id=\"text-626861587\" class=\"text\">\n\t\t\n\n<p><span style=\"font-size: 140%;\"><strong>Our mission<\/strong><\/span><\/p>\n\t\t\n<style>\n#text-626861587 {\n  font-size: 1.75rem;\n  text-align: center;\n}\n<\/style>\n\t<\/div>\n\t\n\n\t\t<\/div>\n\t\t\t\t\t<\/div>\n\n\t\n\n<\/div>\n<div class=\"row row-large\" style=\"max-width:1200px\" id=\"row-1226530975\">\n\n\n\t<div id=\"col-635269894\" class=\"col medium-10 small-12 large-6\"  >\n\t\t\t\t<div class=\"col-inner\"  >\n\t\t\t\n\t\t\t\n\n\n\t\t<div class=\"icon-box featured-box icon-box-left text-left is-xlarge\"  >\n\t\t\t\t\t<div class=\"icon-box-img\" style=\"width: 39px\">\n\t\t\t\t<div class=\"icon\">\n\t\t\t\t\t<div class=\"icon-inner\" >\n\t\t\t\t\t\t<img loading=\"lazy\" decoding=\"async\" width=\"120\" height=\"120\" src=\"https:\/\/arvicacao.com\/wp-content\/uploads\/2021\/09\/check-line.png\" class=\"attachment-medium size-medium\" alt=\"\" srcset=\"https:\/\/arvicacao.com\/wp-content\/uploads\/2021\/09\/check-line.png 120w, https:\/\/arvicacao.com\/wp-content\/uploads\/2021\/09\/check-line-100x100.png 100w\" sizes=\"auto, (max-width: 120px) 100vw, 120px\" \/>\t\t\t\t\t<\/div>\n\t\t\t\t<\/div>\n\t\t\t<\/div>\n\t\t\t\t<div class=\"icon-box-text last-reset\">\n\t\t\t\t\t\t\t\t\t\n\n<h3>FOOD<\/h3>\n\n\t\t<\/div>\n\t<\/div>\n\t\n\t\n\n\t\t<div class=\"icon-box featured-box icon-box-left text-left is-xlarge\"  >\n\t\t\t\t\t<div class=\"icon-box-img\" style=\"width: 40px\">\n\t\t\t\t<div class=\"icon\">\n\t\t\t\t\t<div class=\"icon-inner\" >\n\t\t\t\t\t\t<img loading=\"lazy\" decoding=\"async\" width=\"120\" height=\"120\" src=\"https:\/\/arvicacao.com\/wp-content\/uploads\/2021\/09\/check-line.png\" class=\"attachment-medium size-medium\" alt=\"\" srcset=\"https:\/\/arvicacao.com\/wp-content\/uploads\/2021\/09\/check-line.png 120w, https:\/\/arvicacao.com\/wp-content\/uploads\/2021\/09\/check-line-100x100.png 100w\" sizes=\"auto, (max-width: 120px) 100vw, 120px\" \/>\t\t\t\t\t<\/div>\n\t\t\t\t<\/div>\n\t\t\t<\/div>\n\t\t\t\t<div class=\"icon-box-text last-reset\">\n\t\t\t\t\t\t\t\t\t\n\n<h3>HEALTH<\/h3>\n\n\t\t<\/div>\n\t<\/div>\n\t\n\t\n\n\t\t<div class=\"icon-box featured-box icon-box-left text-left is-xlarge\"  >\n\t\t\t\t\t<div class=\"icon-box-img\" style=\"width: 40px\">\n\t\t\t\t<div class=\"icon\">\n\t\t\t\t\t<div class=\"icon-inner\" >\n\t\t\t\t\t\t<img loading=\"lazy\" decoding=\"async\" width=\"120\" height=\"120\" src=\"https:\/\/arvicacao.com\/wp-content\/uploads\/2021\/09\/check-line.png\" class=\"attachment-medium size-medium\" alt=\"\" srcset=\"https:\/\/arvicacao.com\/wp-content\/uploads\/2021\/09\/check-line.png 120w, https:\/\/arvicacao.com\/wp-content\/uploads\/2021\/09\/check-line-100x100.png 100w\" sizes=\"auto, (max-width: 120px) 100vw, 120px\" \/>\t\t\t\t\t<\/div>\n\t\t\t\t<\/div>\n\t\t\t<\/div>\n\t\t\t\t<div class=\"icon-box-text last-reset\">\n\t\t\t\t\t\t\t\t\t\n\n<h3>SOCIAL AID<\/h3>\n\n\t\t<\/div>\n\t<\/div>\n\t\n\t\n\t<div id=\"gap-1739721495\" class=\"gap-element clearfix\" style=\"display:block; height:auto;\">\n\t\t\n<style>\n#gap-1739721495 {\n  padding-top: 30px;\n}\n<\/style>\n\t<\/div>\n\t\n\n\n\t\t<\/div>\n\t\t\t\t\n<style>\n#col-635269894 > .col-inner {\n  padding: 0px 0 0px 0px;\n}\n@media (min-width:850px) {\n  #col-635269894 > .col-inner {\n    padding: 0px 40px 0px 0px;\n  }\n}\n<\/style>\n\t<\/div>\n\n\t\n\n\t<div id=\"col-1411214332\" class=\"col medium-10 small-12 large-6\"  >\n\t\t\t\t<div class=\"col-inner\"  >\n\t\t\t\n\t\t\t\n\n\n\t\t<div class=\"icon-box featured-box icon-box-left text-left is-xlarge\"  >\n\t\t\t\t\t<div class=\"icon-box-img\" style=\"width: 39px\">\n\t\t\t\t<div class=\"icon\">\n\t\t\t\t\t<div class=\"icon-inner\" >\n\t\t\t\t\t\t<img loading=\"lazy\" decoding=\"async\" width=\"120\" height=\"120\" src=\"https:\/\/arvicacao.com\/wp-content\/uploads\/2021\/09\/check-line.png\" class=\"attachment-medium size-medium\" alt=\"\" srcset=\"https:\/\/arvicacao.com\/wp-content\/uploads\/2021\/09\/check-line.png 120w, https:\/\/arvicacao.com\/wp-content\/uploads\/2021\/09\/check-line-100x100.png 100w\" sizes=\"auto, (max-width: 120px) 100vw, 120px\" \/>\t\t\t\t\t<\/div>\n\t\t\t\t<\/div>\n\t\t\t<\/div>\n\t\t\t\t<div class=\"icon-box-text last-reset\">\n\t\t\t\t\t\t\t\t\t\n\n<h3>SUPPORT FOR ENTREPRENEURSHIP<\/h3>\n\n\t\t<\/div>\n\t<\/div>\n\t\n\t\n\n\t\t<div class=\"icon-box featured-box icon-box-left text-left is-xlarge\"  >\n\t\t\t\t\t<div class=\"icon-box-img\" style=\"width: 40px\">\n\t\t\t\t<div class=\"icon\">\n\t\t\t\t\t<div class=\"icon-inner\" >\n\t\t\t\t\t\t<img loading=\"lazy\" decoding=\"async\" width=\"120\" height=\"120\" src=\"https:\/\/arvicacao.com\/wp-content\/uploads\/2021\/09\/check-line.png\" class=\"attachment-medium size-medium\" alt=\"\" srcset=\"https:\/\/arvicacao.com\/wp-content\/uploads\/2021\/09\/check-line.png 120w, https:\/\/arvicacao.com\/wp-content\/uploads\/2021\/09\/check-line-100x100.png 100w\" sizes=\"auto, (max-width: 120px) 100vw, 120px\" \/>\t\t\t\t\t<\/div>\n\t\t\t\t<\/div>\n\t\t\t<\/div>\n\t\t\t\t<div class=\"icon-box-text last-reset\">\n\t\t\t\t\t\t\t\t\t\n\n<h3>TRAINING<\/h3>\n\n\t\t<\/div>\n\t<\/div>\n\t\n\t\n\n\t\t<div class=\"icon-box featured-box icon-box-left text-left is-xlarge\"  >\n\t\t\t\t\t<div class=\"icon-box-img\" style=\"width: 40px\">\n\t\t\t\t<div class=\"icon\">\n\t\t\t\t\t<div class=\"icon-inner\" >\n\t\t\t\t\t\t<img loading=\"lazy\" decoding=\"async\" width=\"120\" height=\"120\" src=\"https:\/\/arvicacao.com\/wp-content\/uploads\/2021\/09\/check-line.png\" class=\"attachment-medium size-medium\" alt=\"\" srcset=\"https:\/\/arvicacao.com\/wp-content\/uploads\/2021\/09\/check-line.png 120w, https:\/\/arvicacao.com\/wp-content\/uploads\/2021\/09\/check-line-100x100.png 100w\" sizes=\"auto, (max-width: 120px) 100vw, 120px\" \/>\t\t\t\t\t<\/div>\n\t\t\t\t<\/div>\n\t\t\t<\/div>\n\t\t\t\t<div class=\"icon-box-text last-reset\">\n\t\t\t\t\t\t\t\t\t\n\n<h3>SUPPORT<\/h3>\n\n\t\t<\/div>\n\t<\/div>\n\t\n\t\n\t<div id=\"gap-1167134859\" class=\"gap-element clearfix\" style=\"display:block; height:auto;\">\n\t\t\n<style>\n#gap-1167134859 {\n  padding-top: 30px;\n}\n<\/style>\n\t<\/div>\n\t\n\n\n\t\t<\/div>\n\t\t\t\t\n<style>\n#col-1411214332 > .col-inner {\n  padding: 0px 0 0px 0px;\n}\n@media (min-width:850px) {\n  #col-1411214332 > .col-inner {\n    padding: 0px 40px 0px 0px;\n  }\n}\n<\/style>\n\t<\/div>\n\n\t\n\n<\/div>\n\n\t\t<\/div>\n\n\t\t\n<style>\n#section_1573849972 {\n  padding-top: 80px;\n  padding-bottom: 80px;\n  background-color: rgb(242, 238, 241);\n}\n<\/style>\n\t<\/section>\n\t\n\t<section class=\"section dark\" id=\"section_106367406\">\n\t\t<div class=\"bg section-bg fill bg-fill  bg-loaded\" >\n\n\t\t\t\n\t\t\t\n\t\t\t\n\n\t\t<\/div>\n\n\t\t<div class=\"section-content relative\">\n\t\t\t\n\n<div class=\"row align-bottom\" style=\"max-width:1200px\" id=\"row-1564904029\">\n\n\n\t<div id=\"col-1483959274\" class=\"col medium-12 small-12 large-6\"  >\n\t\t\t\t<div class=\"col-inner\"  >\n\t\t\t\n\t\t\t\n\n\t<div id=\"text-1206218782\" class=\"text\">\n\t\t\n\n<p>LOVE WITHOUT BORDERS FOUNDATION<\/p>\n\n\t\t\n<style>\n#text-1206218782 {\n  font-size: 1.1rem;\n  text-align: left;\n}\n<\/style>\n\t<\/div>\n\t\n\t<div id=\"text-4080117058\" class=\"text\">\n\t\t\n\n<p><span style=\"font-size: 140%;\">Support social work to make this world a better place<\/span><\/p>\n\t\t\n<style>\n#text-4080117058 {\n  font-size: 1.75rem;\n}\n@media (min-width:550px) {\n  #text-4080117058 {\n    font-size: 1.5rem;\n  }\n}\n<\/style>\n\t<\/div>\n\t\n\n\t\t<\/div>\n\t\t\t\t\t<\/div>\n\n\t\n\n\t<div id=\"col-810038436\" class=\"col medium-12 small-12 large-6\"  >\n\t\t\t\t<div class=\"col-inner\"  >\n\t\t\t\n\t\t\t\n\n<a href=\"http:\/\/arvicacao.com\/contacto\" target=\"_self\" class=\"button white expand\"  style=\"padding:5px 0px 5px 0px;\">\n    <span>Contact with us<\/span>\n  <\/a>\n\n\n\n\t\t<\/div>\n\t\t\t\t\n<style>\n#col-810038436 > .col-inner {\n  padding: 0px 0px 0px 0;\n  margin: 0 0px 0px 0px;\n}\n@media (min-width:850px) {\n  #col-810038436 > .col-inner {\n    padding: 0px 0px 0px 30px;\n    margin: -70px 0px 0px 0px;\n  }\n}\n<\/style>\n\t<\/div>\n\n\t\n\n<\/div>\n\t<div id=\"gap-1868530106\" class=\"gap-element clearfix\" style=\"display:block; height:auto;\">\n\t\t\n<style>\n#gap-1868530106 {\n  padding-top: 50px;\n}\n<\/style>\n\t<\/div>\n\t\n\n\n\t\t<\/div>\n\n\t\t\n<style>\n#section_106367406 {\n  padding-top: 80px;\n  padding-bottom: 80px;\n  background-color: #7a9c59;\n}\n<\/style>\n\t<\/section>\n\t\n\t<section class=\"section\" id=\"section_1494680831\">\n\t\t<div class=\"bg section-bg fill bg-fill  bg-loaded\" >\n\n\t\t\t\n\t\t\t\n\t\t\t\n\n\t\t<\/div>\n\n\t\t<div class=\"section-content relative\">\n\t\t\t\n\n<div class=\"row\" style=\"max-width:1200px\" id=\"row-1203221561\">\n\n\n\t<div id=\"col-2133965998\" class=\"col small-12 large-12\"  >\n\t\t\t\t<div class=\"col-inner\"  >\n\t\t\t\n\t\t\t\n\n\n  <div class=\"banner has-hover\" id=\"banner-452008268\">\n          <div class=\"banner-inner fill\">\n        <div class=\"banner-bg fill\" >\n            <div class=\"bg fill bg-fill \"><\/div>\n                                    \n                    <\/div>\n        <div class=\"banner-layers container\">\n            <div class=\"fill banner-link\"><\/div>            \n\n\n        <\/div>\n      <\/div>\n\n            \n<style>\n#banner-452008268 {\n  padding-top: 200px;\n  background-color: rgb(255, 255, 255);\n}\n#banner-452008268 .bg.bg-loaded {\n  background-image: url(https:\/\/arvicacao.com\/wp-content\/uploads\/2021\/10\/portrait-of-beautiful-girl-in-shanty-town-W6YAEAM.jpg);\n}\n#banner-452008268 .bg {\n  background-position: 88% 39%;\n}\n@media (min-width:550px) {\n  #banner-452008268 {\n    padding-top: 350px;\n  }\n}\n@media (min-width:850px) {\n  #banner-452008268 {\n    padding-top: 400px;\n  }\n}\n<\/style>\n  <\/div>\n\n\n\n\t\t<\/div>\n\t\t\t\t\n<style>\n#col-2133965998 > .col-inner {\n  margin: -120px 0px 0px 0px;\n}\n<\/style>\n\t<\/div>\n\n\t\n\n<\/div>\n<div class=\"row align-center\" style=\"max-width:1200px\" id=\"row-2039092069\">\n\n\n\t<div id=\"col-608348187\" class=\"col medium-10 small-12 large-8\"  >\n\t\t\t\t<div class=\"col-inner\"  >\n\t\t\t\n\t\t\t\n\n\t<div id=\"gap-1892987093\" class=\"gap-element clearfix\" style=\"display:block; height:auto;\">\n\t\t\n<style>\n#gap-1892987093 {\n  padding-top: 30px;\n}\n<\/style>\n\t<\/div>\n\t\n\n\t<div id=\"gap-1804953892\" class=\"gap-element clearfix\" style=\"display:block; height:auto;\">\n\t\t\n<style>\n#gap-1804953892 {\n  padding-top: 10px;\n}\n<\/style>\n\t<\/div>\n\t\n\n\n\t\t<\/div>\n\t\t\t\t\t<\/div>\n\n\t\n\n<\/div>\n\n\t\t<\/div>\n\n\t\t\n<style>\n#section_1494680831 {\n  padding-top: 30px;\n  padding-bottom: 30px;\n}\n<\/style>\n\t<\/section>\n\t\n\n","protected":false},"excerpt":{"rendered":"","protected":false},"author":1,"featured_media":0,"parent":0,"menu_order":0,"comment_status":"closed","ping_status":"closed","template":"page-blank.php","meta":{"_joinchat":[],"footnotes":""},"class_list":["post-1172","page","type-page","status-publish","hentry"],"yoast_head":"<!-- This site is optimized with the Yoast SEO plugin v22.5 - https:\/\/yoast.com\/wordpress\/plugins\/seo\/ -->\n<title>Social work - Arvicacao<\/title>\n<meta name=\"robots\" content=\"index, follow, max-snippet:-1, max-image-preview:large, max-video-preview:-1\" \/>\n<link rel=\"canonical\" href=\"https:\/\/arvicacao.com\/en\/social-work\" \/>\n<meta property=\"og:locale\" content=\"en_US\" \/>\n<meta property=\"og:type\" content=\"article\" \/>\n<meta property=\"og:title\" content=\"Social work - Arvicacao\" \/>\n<meta property=\"og:url\" content=\"https:\/\/arvicacao.com\/en\/social-work\" \/>\n<meta property=\"og:site_name\" content=\"Arvicacao\" \/>\n<meta property=\"article:publisher\" content=\"https:\/\/www.facebook.com\/Arvichocolate\" \/>\n<meta property=\"article:modified_time\" content=\"2023-09-07T10:46:02+00:00\" \/>\n<meta name=\"twitter:card\" content=\"summary_large_image\" \/>\n<meta name=\"twitter:label1\" content=\"Est. reading time\" \/>\n\t<meta name=\"twitter:data1\" content=\"3 minutes\" \/>\n<script type=\"application\/ld+json\" class=\"yoast-schema-graph\">{\"@context\":\"https:\/\/schema.org\",\"@graph\":[{\"@type\":\"WebPage\",\"@id\":\"https:\/\/arvicacao.com\/en\/social-work\",\"url\":\"https:\/\/arvicacao.com\/en\/social-work\",\"name\":\"Social work - Arvicacao\",\"isPartOf\":{\"@id\":\"https:\/\/arvicacao.com\/#website\"},\"datePublished\":\"2021-09-15T06:30:31+00:00\",\"dateModified\":\"2023-09-07T10:46:02+00:00\",\"breadcrumb\":{\"@id\":\"https:\/\/arvicacao.com\/en\/social-work#breadcrumb\"},\"inLanguage\":\"en-US\",\"potentialAction\":[{\"@type\":\"ReadAction\",\"target\":[\"https:\/\/arvicacao.com\/en\/social-work\"]}]},{\"@type\":\"BreadcrumbList\",\"@id\":\"https:\/\/arvicacao.com\/en\/social-work#breadcrumb\",\"itemListElement\":[{\"@type\":\"ListItem\",\"position\":1,\"name\":\"Portada\",\"item\":\"https:\/\/arvicacao.com\/en\"},{\"@type\":\"ListItem\",\"position\":2,\"name\":\"Social work\"}]},{\"@type\":\"WebSite\",\"@id\":\"https:\/\/arvicacao.com\/#website\",\"url\":\"https:\/\/arvicacao.com\/\",\"name\":\"Arvicacao\",\"description\":\"Desde el origen a tu f\u00e1brica\",\"publisher\":{\"@id\":\"https:\/\/arvicacao.com\/#organization\"},\"potentialAction\":[{\"@type\":\"SearchAction\",\"target\":{\"@type\":\"EntryPoint\",\"urlTemplate\":\"https:\/\/arvicacao.com\/?s={search_term_string}\"},\"query-input\":\"required name=search_term_string\"}],\"inLanguage\":\"en-US\"},{\"@type\":\"Organization\",\"@id\":\"https:\/\/arvicacao.com\/#organization\",\"name\":\"Arvicacao\",\"url\":\"https:\/\/arvicacao.com\/\",\"logo\":{\"@type\":\"ImageObject\",\"inLanguage\":\"en-US\",\"@id\":\"https:\/\/arvicacao.com\/#\/schema\/logo\/image\/\",\"url\":\"https:\/\/arvicacao.com\/wp-content\/uploads\/2021\/09\/arvicacao-chocolate-logo.png\",\"contentUrl\":\"https:\/\/arvicacao.com\/wp-content\/uploads\/2021\/09\/arvicacao-chocolate-logo.png\",\"width\":500,\"height\":500,\"caption\":\"Arvicacao\"},\"image\":{\"@id\":\"https:\/\/arvicacao.com\/#\/schema\/logo\/image\/\"},\"sameAs\":[\"https:\/\/www.facebook.com\/Arvichocolate\",\"https:\/\/www.instagram.com\/arvicacao\",\"https:\/\/es.linkedin.com\/company\/arvicacao\"]}]}<\/script>\n<!-- \/ Yoast SEO plugin. -->","yoast_head_json":{"title":"Social work - Arvicacao","robots":{"index":"index","follow":"follow","max-snippet":"max-snippet:-1","max-image-preview":"max-image-preview:large","max-video-preview":"max-video-preview:-1"},"canonical":"https:\/\/arvicacao.com\/en\/social-work","og_locale":"en_US","og_type":"article","og_title":"Social work - Arvicacao","og_url":"https:\/\/arvicacao.com\/en\/social-work","og_site_name":"Arvicacao","article_publisher":"https:\/\/www.facebook.com\/Arvichocolate","article_modified_time":"2023-09-07T10:46:02+00:00","twitter_card":"summary_large_image","twitter_misc":{"Est. reading time":"3 minutes"},"schema":{"@context":"https:\/\/schema.org","@graph":[{"@type":"WebPage","@id":"https:\/\/arvicacao.com\/en\/social-work","url":"https:\/\/arvicacao.com\/en\/social-work","name":"Social work - Arvicacao","isPartOf":{"@id":"https:\/\/arvicacao.com\/#website"},"datePublished":"2021-09-15T06:30:31+00:00","dateModified":"2023-09-07T10:46:02+00:00","breadcrumb":{"@id":"https:\/\/arvicacao.com\/en\/social-work#breadcrumb"},"inLanguage":"en-US","potentialAction":[{"@type":"ReadAction","target":["https:\/\/arvicacao.com\/en\/social-work"]}]},{"@type":"BreadcrumbList","@id":"https:\/\/arvicacao.com\/en\/social-work#breadcrumb","itemListElement":[{"@type":"ListItem","position":1,"name":"Portada","item":"https:\/\/arvicacao.com\/en"},{"@type":"ListItem","position":2,"name":"Social work"}]},{"@type":"WebSite","@id":"https:\/\/arvicacao.com\/#website","url":"https:\/\/arvicacao.com\/","name":"Arvicacao","description":"Desde el origen a tu f\u00e1brica","publisher":{"@id":"https:\/\/arvicacao.com\/#organization"},"potentialAction":[{"@type":"SearchAction","target":{"@type":"EntryPoint","urlTemplate":"https:\/\/arvicacao.com\/?s={search_term_string}"},"query-input":"required name=search_term_string"}],"inLanguage":"en-US"},{"@type":"Organization","@id":"https:\/\/arvicacao.com\/#organization","name":"Arvicacao","url":"https:\/\/arvicacao.com\/","logo":{"@type":"ImageObject","inLanguage":"en-US","@id":"https:\/\/arvicacao.com\/#\/schema\/logo\/image\/","url":"https:\/\/arvicacao.com\/wp-content\/uploads\/2021\/09\/arvicacao-chocolate-logo.png","contentUrl":"https:\/\/arvicacao.com\/wp-content\/uploads\/2021\/09\/arvicacao-chocolate-logo.png","width":500,"height":500,"caption":"Arvicacao"},"image":{"@id":"https:\/\/arvicacao.com\/#\/schema\/logo\/image\/"},"sameAs":["https:\/\/www.facebook.com\/Arvichocolate","https:\/\/www.instagram.com\/arvicacao","https:\/\/es.linkedin.com\/company\/arvicacao"]}]}},"_links":{"self":[{"href":"https:\/\/arvicacao.com\/en\/wp-json\/wp\/v2\/pages\/1172","targetHints":{"allow":["GET"]}}],"collection":[{"href":"https:\/\/arvicacao.com\/en\/wp-json\/wp\/v2\/pages"}],"about":[{"href":"https:\/\/arvicacao.com\/en\/wp-json\/wp\/v2\/types\/page"}],"author":[{"embeddable":true,"href":"https:\/\/arvicacao.com\/en\/wp-json\/wp\/v2\/users\/1"}],"replies":[{"embeddable":true,"href":"https:\/\/arvicacao.com\/en\/wp-json\/wp\/v2\/comments?post=1172"}],"version-history":[{"count":1,"href":"https:\/\/arvicacao.com\/en\/wp-json\/wp\/v2\/pages\/1172\/revisions"}],"predecessor-version":[{"id":1173,"href":"https:\/\/arvicacao.com\/en\/wp-json\/wp\/v2\/pages\/1172\/revisions\/1173"}],"wp:attachment":[{"href":"https:\/\/arvicacao.com\/en\/wp-json\/wp\/v2\/media?parent=1172"}],"curies":[{"name":"wp","href":"https:\/\/api.w.org\/{rel}","templated":true}]}}