{"id":1170,"date":"2021-10-07T07:10:07","date_gmt":"2021-10-07T06:10:07","guid":{"rendered":"https:\/\/arvicacao.com\/our-production"},"modified":"2023-09-07T11:42:36","modified_gmt":"2023-09-07T10:42:36","slug":"our-production","status":"publish","type":"page","link":"https:\/\/arvicacao.com\/en\/our-production","title":{"rendered":"Our production"},"content":{"rendered":"\n\t<section class=\"section\" id=\"section_708327215\">\n\t\t<div class=\"bg section-bg fill bg-fill  \" >\n\n\t\t\t\n\t\t\t<div class=\"section-bg-overlay absolute fill\"><\/div>\n\t\t\t\n\n\t\t<\/div>\n\n\t\t<div class=\"section-content relative\">\n\t\t\t\n\n<div class=\"row\" style=\"max-width:1200px\" id=\"row-1626814537\">\n\n\n\t<div id=\"col-46012167\" class=\"col medium-6 small-12 large-5\"  >\n\t\t\t\t<div class=\"col-inner\"  >\n\t\t\t\n\t\t\t\n\n\t<div id=\"gap-997321268\" class=\"gap-element clearfix\" style=\"display:block; height:auto;\">\n\t\t\n<style>\n#gap-997321268 {\n  padding-top: 60px;\n}\n<\/style>\n\t<\/div>\n\t\n\n\t<div id=\"text-895441574\" class=\"text\">\n\t\t\n\n<h1><span style=\"color: #ffffff;\">Our cocoa production<\/span><\/h1>\n\t\t\n<style>\n#text-895441574 {\n  font-size: 2.75rem;\n}\n<\/style>\n\t<\/div>\n\t\n\n\t\t<\/div>\n\t\t\t\t\t<\/div>\n\n\t\n\n<\/div>\n\n\t\t<\/div>\n\n\t\t\n<style>\n#section_708327215 {\n  padding-top: 30px;\n  padding-bottom: 30px;\n  min-height: 300px;\n  background-color: rgb(122, 156, 89);\n}\n#section_708327215 .section-bg-overlay {\n  background-color: rgba(122, 156, 89, 0.64);\n}\n#section_708327215 .section-bg.bg-loaded {\n  background-image: url(https:\/\/arvicacao.com\/wp-content\/uploads\/2021\/09\/idyllic-scene-in-barichara-PEQMMGV.jpg);\n}\n@media (min-width:550px) {\n  #section_708327215 {\n    min-height: 400px;\n  }\n}\n<\/style>\n\t<\/section>\n\t\n\t<section class=\"section\" id=\"section_177387762\">\n\t\t<div class=\"bg section-bg fill bg-fill  bg-loaded\" >\n\n\t\t\t\n\t\t\t\n\t\t\t\n\n\t\t<\/div>\n\n\t\t<div class=\"section-content relative\">\n\t\t\t\n\n<div class=\"row\" style=\"max-width:1200px\" id=\"row-73112652\">\n\n\n\t<div id=\"col-1614339997\" class=\"col small-12 large-12\"  >\n\t\t\t\t<div class=\"col-inner\"  >\n\t\t\t\n\t\t\t\n\n<div class=\"row align-bottom\" style=\"max-width:1200px\" id=\"row-265317314\">\n\n\n\t<div id=\"col-1498860665\" class=\"col medium-12 small-12 large-6\"  >\n\t\t\t\t<div class=\"col-inner\"  >\n\t\t\t\n\t\t\t\n\n\t<div id=\"text-894591835\" class=\"text\">\n\t\t\n\n<h2>Hacienda La Primog\u00e9nita<\/h2>\n\t\t\n<style>\n#text-894591835 {\n  font-size: 1.5rem;\n}\n<\/style>\n\t<\/div>\n\t\n<p>Es una peque\u00f1a finca familiar de 3ha que se encuentra en Ocumare de la Costa, productora de cacao <strong>Ocumare 61<\/strong><\/p>\n<div class=\"row\"  id=\"row-2041745258\">\n\n\n\t<div id=\"col-309841040\" class=\"col medium-4 small-12 large-4\"  >\n\t\t\t\t<div class=\"col-inner\"  >\n\t\t\t\n\t\t\t\n\n\t<div id=\"text-3399912966\" class=\"text\">\n\t\t\n\n<p><strong>Extension<\/strong><\/p>\n<p>2 ha<\/p>\n\t\t\n<style>\n#text-3399912966 {\n  text-align: center;\n}\n<\/style>\n\t<\/div>\n\t\n\n\t\t<\/div>\n\t\t\t\t\t<\/div>\n\n\t\n\n\t<div id=\"col-842683627\" class=\"col medium-4 small-12 large-4\"  >\n\t\t\t\t<div class=\"col-inner\"  >\n\t\t\t\n\t\t\t\n\n<p style=\"text-align: center;\"><strong>Genetic material<\/strong><\/p>\n<ul>\n<li style=\"text-align: center;\">Ocumare 61<\/li>\n<\/ul>\n\n\t\t<\/div>\n\t\t\t\t\t<\/div>\n\n\t\n\n\t<div id=\"col-1208234525\" class=\"col medium-4 small-12 large-4\"  >\n\t\t\t\t<div class=\"col-inner\"  >\n\t\t\t\n\t\t\t\n\n<p style=\"text-align: center;\"><strong>Annual production capacity<\/strong><\/p>\n<p style=\"text-align: center;\">2000 kg\/year<\/p>\n\n\t\t<\/div>\n\t\t\t\t\t<\/div>\n\n\t\n\n<\/div>\n\n\t\t<\/div>\n\t\t\t\t\t<\/div>\n\n\t\n\n\t<div id=\"col-812313692\" class=\"col medium-12 small-12 large-6 medium-col-first\"  >\n\t\t\t\t<div class=\"col-inner\"  >\n\t\t\t\n\t\t\t\n\n\n  <div class=\"banner has-hover\" id=\"banner-787924876\">\n          <div class=\"banner-inner fill\">\n        <div class=\"banner-bg fill\" >\n            <div class=\"bg fill bg-fill \"><\/div>\n                                    \n                    <\/div>\n        <div class=\"banner-layers container\">\n            <div class=\"fill banner-link\"><\/div>            \n\n\n        <\/div>\n      <\/div>\n\n            \n<style>\n#banner-787924876 {\n  padding-top: 400px;\n  background-color: rgb(255, 255, 255);\n}\n#banner-787924876 .bg.bg-loaded {\n  background-image: url(https:\/\/arvicacao.com\/wp-content\/uploads\/2021\/09\/jungle-in-costa-rica-PQYVVP6-2.jpg);\n}\n#banner-787924876 .bg {\n  background-position: 78% 33%;\n}\n@media (min-width:550px) {\n  #banner-787924876 {\n    padding-top: 600px;\n  }\n}\n@media (min-width:850px) {\n  #banner-787924876 {\n    padding-top: 700px;\n  }\n}\n<\/style>\n  <\/div>\n\n\n\n\t\t<\/div>\n\t\t\t\t\n<style>\n#col-812313692 > .col-inner {\n  padding: 0px 0px 30px 0px;\n  margin: -70px 0px 0px 0px;\n}\n@media (min-width:850px) {\n  #col-812313692 > .col-inner {\n    margin: -260px 0px 0px 0px;\n  }\n}\n<\/style>\n\t<\/div>\n\n\t\n\n<\/div>\n\n\t\t<\/div>\n\t\t\t\t\t<\/div>\n\n\t\n\n<\/div>\n\n\t\t<\/div>\n\n\t\t\n<style>\n#section_177387762 {\n  padding-top: 30px;\n  padding-bottom: 30px;\n}\n<\/style>\n\t<\/section>\n\t\n\t<section class=\"section\" id=\"section_166005660\">\n\t\t<div class=\"bg section-bg fill bg-fill  bg-loaded\" >\n\n\t\t\t\n\t\t\t\n\t\t\t\n\n\t\t<\/div>\n\n\t\t<div class=\"section-content relative\">\n\t\t\t\n\n<div class=\"row align-center\" style=\"max-width:1200px\" id=\"row-918168206\">\n\n\n\t<div id=\"col-2121843891\" class=\"col medium-7 small-12 large-12\"  >\n\t\t\t\t<div class=\"col-inner text-center\"  >\n\t\t\t\n\t\t\t\n\n\t<div id=\"gap-128548954\" class=\"gap-element clearfix\" style=\"display:block; height:auto;\">\n\t\t\n<style>\n#gap-128548954 {\n  padding-top: 50px;\n}\n@media (min-width:550px) {\n  #gap-128548954 {\n    padding-top: 60px;\n  }\n}\n@media (min-width:850px) {\n  #gap-128548954 {\n    padding-top: 70px;\n  }\n}\n<\/style>\n\t<\/div>\n\t\n\n\t<div id=\"text-4253723441\" class=\"text\">\n\t\t\n\n<p><span style=\"color: #ffffff; font-size: 115%;\"><strong>Our Allies<\/strong><\/span><\/p>\n<p><span style=\"color: #ffffff;\">&#8220;We are a team with a common goal, to<\/span><span style=\"color: #ffffff;\">nurture quality cocoa, protect its genetic identity and its particular qualities, and ensure that the cocoa is of the highest quality.<\/span><span style=\"color: #ffffff;\">The cocoa is a guarantee of a cocoa that is indigenous to the region&#8221;.<\/span><\/p>\n\t\t\n<style>\n#text-4253723441 {\n  font-size: 1.5rem;\n  text-align: center;\n}\n<\/style>\n\t<\/div>\n\t\n<a href=\"https:\/\/arvicacao.com\/en\/contact\" target=\"_self\" class=\"button secondary is-link\"  >\n    <span>Contact<\/span>\n  <\/a>\n\n\n\n\t\t<\/div>\n\t\t\t\t\t<\/div>\n\n\t\n\n<\/div>\n\n\t\t<\/div>\n\n\t\t\n<style>\n#section_166005660 {\n  padding-top: 60px;\n  padding-bottom: 60px;\n  background-color: #5e3315;\n}\n@media (min-width:550px) {\n  #section_166005660 {\n    padding-top: 0px;\n    padding-bottom: 0px;\n  }\n}\n<\/style>\n\t<\/section>\n\t\n\t<section class=\"section\" id=\"section_2105751286\">\n\t\t<div class=\"bg section-bg fill bg-fill  bg-loaded\" >\n\n\t\t\t\n\t\t\t\n\t\t\t\n\n\t\t<\/div>\n\n\t\t<div class=\"section-content relative\">\n\t\t\t\n\n<div class=\"row\" style=\"max-width:1200px\" id=\"row-1386705361\">\n\n\n\t<div id=\"col-204804813\" class=\"col medium-11 small-12 large-9\"  >\n\t\t\t\t<div class=\"col-inner\"  >\n\t\t\t\n\t\t\t\n\n\t<div id=\"gap-1290000393\" class=\"gap-element clearfix\" style=\"display:block; height:auto;\">\n\t\t\n<style>\n#gap-1290000393 {\n  padding-top: 30px;\n}\n<\/style>\n\t<\/div>\n\t\n\n\n  <div class=\"banner has-hover\" id=\"banner-712564169\">\n          <div class=\"banner-inner fill\">\n        <div class=\"banner-bg fill\" >\n            <div class=\"bg fill bg-fill \"><\/div>\n                                    \n                    <\/div>\n        <div class=\"banner-layers container\">\n            <div class=\"fill banner-link\"><\/div>            \n\n\n        <\/div>\n      <\/div>\n\n            \n<style>\n#banner-712564169 {\n  padding-top: 300px;\n  background-color: rgb(249, 245, 229);\n}\n#banner-712564169 .bg.bg-loaded {\n  background-image: url(https:\/\/arvicacao.com\/wp-content\/uploads\/2021\/09\/barichara-colonial-architecture-PKUS54V.jpg);\n}\n#banner-712564169 .bg {\n  background-position: 34% 44%;\n}\n@media (min-width:550px) {\n  #banner-712564169 {\n    padding-top: 500px;\n  }\n}\n<\/style>\n  <\/div>\n\n\n\n\t\t<\/div>\n\t\t\t\t\t<\/div>\n\n\t\n\n<\/div>\n<div class=\"row align-right\" style=\"max-width:1200px\" id=\"row-1943971876\">\n\n\n\t<div id=\"col-1520532213\" class=\"col medium-8 small-12 large-6\"  >\n\t\t\t\t<div class=\"col-inner\" style=\"background-color:rgb(255, 255, 255);\" >\n\t\t\t\n\t\t\t\n\n\t<div id=\"text-1845923917\" class=\"text\">\n\t\t\n\n<h2>Ocumare Farmers&#8217; Cooperative<\/h2>\n\t\t\n<style>\n#text-1845923917 {\n  font-size: 1.5rem;\n}\n<\/style>\n\t<\/div>\n\t\n<p><strong>&#8220;Empowering the farmer, is a guarantee of&nbsp; fair trade&#8221;.<\/strong><\/p>\n<p>Thanks to cultural ties, proximity and know-how, Arvicacao has managed to organise the farmers in the area into cooperatives.<\/p>\n<p>We join forces to place Ocumare cocoa in the best bakeries in the world.<\/p>\n<p>We provide technical advice, logistical and financial support to different cocoa-producing families.<\/p>\n\n\t\t<\/div>\n\t\t\t\t\n<style>\n#col-1520532213 > .col-inner {\n  padding: 10% 10% 10% 10%;\n  margin: -42px -42px 0px 0px;\n}\n@media (min-width:550px) {\n  #col-1520532213 > .col-inner {\n    margin: -317px -42px 0px 0px;\n  }\n}\n<\/style>\n\t<\/div>\n\n\t\n\n<\/div>\n\n\t\t<\/div>\n\n\t\t\n<style>\n#section_2105751286 {\n  padding-top: 40px;\n  padding-bottom: 40px;\n}\n@media (min-width:550px) {\n  #section_2105751286 {\n    padding-top: 80px;\n    padding-bottom: 80px;\n  }\n}\n@media (min-width:850px) {\n  #section_2105751286 {\n    padding-top: 100px;\n    padding-bottom: 100px;\n  }\n}\n<\/style>\n\t<\/section>\n\t\n\t<section class=\"section\" id=\"section_496170286\">\n\t\t<div class=\"bg section-bg fill bg-fill  bg-loaded\" >\n\n\t\t\t\n\t\t\t\n\t\t\t\n\n\t\t<\/div>\n\n\t\t<div class=\"section-content relative\">\n\t\t\t\n\n<div class=\"row\" style=\"max-width:1200px\" id=\"row-1707708118\">\n\n\n\t<div id=\"col-13536476\" class=\"col small-12 large-12\"  >\n\t\t\t\t<div class=\"col-inner\"  >\n\t\t\t\n\t\t\t\n\n<div class=\"row align-bottom\" style=\"max-width:1200px\" id=\"row-139214217\">\n\n\n\t<div id=\"col-337609642\" class=\"col medium-12 small-12 large-6\"  >\n\t\t\t\t<div class=\"col-inner\"  >\n\t\t\t\n\t\t\t\n\n\t<div id=\"text-1746638119\" class=\"text\">\n\t\t\n\n<h2><span style=\"color: #ffffff;\">Centro de beneficio y transformaci\u00f3n del cacao, Merida<\/span><\/h2>\n\t\t\n<style>\n#text-1746638119 {\n  font-size: 1.5rem;\n}\n<\/style>\n\t<\/div>\n\t\n<p><span style=\"color: #ffffff;\"><strong>Guaranteed traceability, sustainable production and ethical trade are our values.<\/strong><strong>&nbsp; &nbsp; &nbsp; &nbsp; &nbsp; &nbsp; &nbsp; &nbsp; &nbsp; &nbsp; &nbsp; &nbsp; &nbsp; &nbsp; &nbsp; &nbsp; &nbsp; &nbsp;<\/strong><\/span><\/p>\n<p><span style=\"color: #ffffff;\">The different farming families in the&nbsp; M\u00e9rida sector, in the south of the lake, take their freshly harvested cocoa to our processing centre located in the municipalities of Tulio Febres Cordero and Alberto Adriani, M\u00e9rida state.<\/span><\/p>\n\n\t\t<\/div>\n\t\t\t\t\t<\/div>\n\n\t\n\n\t<div id=\"col-1927430739\" class=\"col medium-12 small-12 large-6 medium-col-first\"  >\n\t\t\t\t<div class=\"col-inner\"  >\n\t\t\t\n\t\t\t\n\n\t<div class=\"img has-hover x md-x lg-x y md-y lg-y\" id=\"image_1995611691\">\n\t\t\t\t\t\t\t\t<div class=\"img-inner dark\" >\n\t\t\t<img loading=\"lazy\" decoding=\"async\" width=\"700\" height=\"467\" src=\"https:\/\/arvicacao.com\/wp-content\/uploads\/2021\/09\/idyllic-scene-in-barichara-PEQMMGV.jpg\" class=\"attachment-large size-large\" alt=\"\" srcset=\"https:\/\/arvicacao.com\/wp-content\/uploads\/2021\/09\/idyllic-scene-in-barichara-PEQMMGV.jpg 700w, https:\/\/arvicacao.com\/wp-content\/uploads\/2021\/09\/idyllic-scene-in-barichara-PEQMMGV-300x200.jpg 300w, https:\/\/arvicacao.com\/wp-content\/uploads\/2021\/09\/idyllic-scene-in-barichara-PEQMMGV-600x400.jpg 600w\" sizes=\"auto, (max-width: 700px) 100vw, 700px\" \/>\t\t\t\t\t\t\n\t\t\t\t\t<\/div>\n\t\t\t\t\t\t\t\t\n<style>\n#image_1995611691 {\n  width: 100%;\n}\n<\/style>\n\t<\/div>\n\t\n\n\n\t\t<\/div>\n\t\t\t\t\n<style>\n#col-1927430739 > .col-inner {\n  padding: 0px 0px 30px 0px;\n  margin: -70px 0px 0px 0px;\n}\n@media (min-width:850px) {\n  #col-1927430739 > .col-inner {\n    margin: -260px 0px 0px 0px;\n  }\n}\n<\/style>\n\t<\/div>\n\n\t\n\n<\/div>\n\n\t\t<\/div>\n\t\t\t\t\t<\/div>\n\n\t\n\n<\/div>\n\n\t\t<\/div>\n\n\t\t\n<style>\n#section_496170286 {\n  padding-top: 30px;\n  padding-bottom: 30px;\n  background-color: #7a9c59;\n}\n<\/style>\n\t<\/section>\n\t\n\t<section class=\"section\" id=\"section_791628891\">\n\t\t<div class=\"bg section-bg fill bg-fill  bg-loaded\" >\n\n\t\t\t\n\t\t\t\n\t\t\t\n\n\t\t<\/div>\n\n\t\t<div class=\"section-content relative\">\n\t\t\t\n\n<div class=\"row\" style=\"max-width:1200px\" id=\"row-1195807177\">\n\n\n\t<div id=\"col-59668912\" class=\"col small-12 large-12\"  >\n\t\t\t\t<div class=\"col-inner\"  >\n\t\t\t\n\t\t\t\n\n<div class=\"row align-bottom\" style=\"max-width:1200px\" id=\"row-1276192281\">\n\n\n\t<div id=\"col-2126548876\" class=\"col medium-12 small-12 large-6\"  >\n\t\t\t\t<div class=\"col-inner\"  >\n\t\t\t\n\t\t\t\n\n\n  <div class=\"banner has-hover\" id=\"banner-2075466531\">\n          <div class=\"banner-inner fill\">\n        <div class=\"banner-bg fill\" >\n            <div class=\"bg fill bg-fill \"><\/div>\n                                    \n                    <\/div>\n        <div class=\"banner-layers container\">\n            <div class=\"fill banner-link\"><\/div>            \n\n\n        <\/div>\n      <\/div>\n\n            \n<style>\n#banner-2075466531 {\n  padding-top: 400px;\n  background-color: rgb(255, 255, 255);\n}\n#banner-2075466531 .bg.bg-loaded {\n  background-image: url(https:\/\/arvicacao.com\/wp-content\/uploads\/2021\/10\/minimalist-hand-holding-an-opened-healthy-cocoa-fr-Z8JREVM.jpg);\n}\n#banner-2075466531 .bg {\n  background-position: 78% 33%;\n}\n@media (min-width:550px) {\n  #banner-2075466531 {\n    padding-top: 600px;\n  }\n}\n@media (min-width:850px) {\n  #banner-2075466531 {\n    padding-top: 700px;\n  }\n}\n<\/style>\n  <\/div>\n\n\n\n\t\t<\/div>\n\t\t\t\t\t<\/div>\n\n\t\n\n\t<div id=\"col-1548077181\" class=\"col medium-12 small-12 large-6 medium-col-first\"  >\n\t\t\t\t<div class=\"col-inner\"  >\n\t\t\t\n\t\t\t\n\n\t<div id=\"text-1215984280\" class=\"text\">\n\t\t\n\n<h2>Las Bromelias Production Centre<\/h2>\n\t\t\n<style>\n#text-1215984280 {\n  font-size: 1.5rem;\n}\n<\/style>\n\t<\/div>\n\t\n<p>Se trata de una finca vecina de La Primog\u00e9nita. Su cacao est\u00e1 certificado como \u00fanico en el mundo.<\/p>\n<p>Su material gen\u00e9tico es un conglomerado de mezclas de cacaos criollos, dado por un proceso natural de &nbsp;polinizaci\u00f3n.<\/p>\n<p>Esta finca se encuentra rodeada de una planta epifita llamada Bromelia, en cuya flor se reproduce un insecto del tama\u00f1o de una mota de polvo, encargado de generar tan maravilloso mecanismo natural de mestura.<\/p>\n<div class=\"row\"  id=\"row-641116122\">\n\n\n\t<div id=\"col-854354327\" class=\"col medium-4 small-12 large-4\"  >\n\t\t\t\t<div class=\"col-inner\"  >\n\t\t\t\n\t\t\t\n\n\t<div id=\"text-3809677967\" class=\"text\">\n\t\t\n\n<p><strong>Extension<\/strong><\/p>\n<p>4,8 ha<\/p>\n\t\t\n<style>\n#text-3809677967 {\n  text-align: center;\n}\n<\/style>\n\t<\/div>\n\t\n\n\t\t<\/div>\n\t\t\t\t\t<\/div>\n\n\t\n\n\t<div id=\"col-1628407733\" class=\"col medium-4 small-12 large-4\"  >\n\t\t\t\t<div class=\"col-inner\"  >\n\t\t\t\n\t\t\t\n\n<p style=\"text-align: center;\"><strong>Genetic material<\/strong><\/p>\n<ul>\n<li style=\"text-align: center;\">Ocumare 60<\/li>\n<li style=\"text-align: center;\">Ocumare 61<\/li>\n<li style=\"text-align: center;\">Ocumare 77<\/li>\n<li style=\"text-align: center;\">Chuao 120<\/li>\n<li style=\"text-align: center;\">Choron\u00ed42<\/li>\n<\/ul>\n\n\t\t<\/div>\n\t\t\t\t\t<\/div>\n\n\t\n\n\t<div id=\"col-1575520810\" class=\"col medium-4 small-12 large-4\"  >\n\t\t\t\t<div class=\"col-inner\"  >\n\t\t\t\n\t\t\t\n\n<p style=\"text-align: center;\"><strong>Annual production capacity<\/strong><\/p>\n<p style=\"text-align: center;\">4000 kg\/a\u00f1o<\/p>\n\n\t\t<\/div>\n\t\t\t\t\t<\/div>\n\n\t\n\n<\/div>\n\n\t\t<\/div>\n\t\t\t\t\n<style>\n#col-1548077181 > .col-inner {\n  padding: 0px 0px 30px 0px;\n  margin: -70px 0px 0px 0px;\n}\n@media (min-width:850px) {\n  #col-1548077181 > .col-inner {\n    margin: -260px 0px 0px 0px;\n  }\n}\n<\/style>\n\t<\/div>\n\n\t\n\n<\/div>\n\n\t\t<\/div>\n\t\t\t\t\t<\/div>\n\n\t\n\n<\/div>\n\n\t\t<\/div>\n\n\t\t\n<style>\n#section_791628891 {\n  padding-top: 30px;\n  padding-bottom: 30px;\n}\n<\/style>\n\t<\/section>\n\t\n\n","protected":false},"excerpt":{"rendered":"","protected":false},"author":1,"featured_media":0,"parent":0,"menu_order":0,"comment_status":"closed","ping_status":"closed","template":"page-blank.php","meta":{"_joinchat":[],"footnotes":""},"class_list":["post-1170","page","type-page","status-publish","hentry"],"yoast_head":"<!-- This site is optimized with the Yoast SEO plugin v22.5 - https:\/\/yoast.com\/wordpress\/plugins\/seo\/ -->\n<title>Our production - Arvicacao<\/title>\n<meta name=\"robots\" content=\"index, follow, max-snippet:-1, max-image-preview:large, max-video-preview:-1\" \/>\n<link rel=\"canonical\" href=\"https:\/\/arvicacao.com\/en\/our-production\" \/>\n<meta property=\"og:locale\" content=\"en_US\" \/>\n<meta property=\"og:type\" content=\"article\" \/>\n<meta property=\"og:title\" content=\"Our production - Arvicacao\" \/>\n<meta property=\"og:url\" content=\"https:\/\/arvicacao.com\/en\/our-production\" \/>\n<meta property=\"og:site_name\" content=\"Arvicacao\" \/>\n<meta property=\"article:publisher\" content=\"https:\/\/www.facebook.com\/Arvichocolate\" \/>\n<meta property=\"article:modified_time\" content=\"2023-09-07T10:42:36+00:00\" \/>\n<meta name=\"twitter:card\" content=\"summary_large_image\" \/>\n<meta name=\"twitter:label1\" content=\"Est. reading time\" \/>\n\t<meta name=\"twitter:data1\" content=\"4 minutes\" \/>\n<script type=\"application\/ld+json\" class=\"yoast-schema-graph\">{\"@context\":\"https:\/\/schema.org\",\"@graph\":[{\"@type\":\"WebPage\",\"@id\":\"https:\/\/arvicacao.com\/en\/our-production\",\"url\":\"https:\/\/arvicacao.com\/en\/our-production\",\"name\":\"Our production - Arvicacao\",\"isPartOf\":{\"@id\":\"https:\/\/arvicacao.com\/#website\"},\"datePublished\":\"2021-10-07T06:10:07+00:00\",\"dateModified\":\"2023-09-07T10:42:36+00:00\",\"breadcrumb\":{\"@id\":\"https:\/\/arvicacao.com\/en\/our-production#breadcrumb\"},\"inLanguage\":\"en-US\",\"potentialAction\":[{\"@type\":\"ReadAction\",\"target\":[\"https:\/\/arvicacao.com\/en\/our-production\"]}]},{\"@type\":\"BreadcrumbList\",\"@id\":\"https:\/\/arvicacao.com\/en\/our-production#breadcrumb\",\"itemListElement\":[{\"@type\":\"ListItem\",\"position\":1,\"name\":\"Portada\",\"item\":\"https:\/\/arvicacao.com\/en\"},{\"@type\":\"ListItem\",\"position\":2,\"name\":\"Our production\"}]},{\"@type\":\"WebSite\",\"@id\":\"https:\/\/arvicacao.com\/#website\",\"url\":\"https:\/\/arvicacao.com\/\",\"name\":\"Arvicacao\",\"description\":\"Desde el origen a tu f\u00e1brica\",\"publisher\":{\"@id\":\"https:\/\/arvicacao.com\/#organization\"},\"potentialAction\":[{\"@type\":\"SearchAction\",\"target\":{\"@type\":\"EntryPoint\",\"urlTemplate\":\"https:\/\/arvicacao.com\/?s={search_term_string}\"},\"query-input\":\"required name=search_term_string\"}],\"inLanguage\":\"en-US\"},{\"@type\":\"Organization\",\"@id\":\"https:\/\/arvicacao.com\/#organization\",\"name\":\"Arvicacao\",\"url\":\"https:\/\/arvicacao.com\/\",\"logo\":{\"@type\":\"ImageObject\",\"inLanguage\":\"en-US\",\"@id\":\"https:\/\/arvicacao.com\/#\/schema\/logo\/image\/\",\"url\":\"https:\/\/arvicacao.com\/wp-content\/uploads\/2021\/09\/arvicacao-chocolate-logo.png\",\"contentUrl\":\"https:\/\/arvicacao.com\/wp-content\/uploads\/2021\/09\/arvicacao-chocolate-logo.png\",\"width\":500,\"height\":500,\"caption\":\"Arvicacao\"},\"image\":{\"@id\":\"https:\/\/arvicacao.com\/#\/schema\/logo\/image\/\"},\"sameAs\":[\"https:\/\/www.facebook.com\/Arvichocolate\",\"https:\/\/www.instagram.com\/arvicacao\",\"https:\/\/es.linkedin.com\/company\/arvicacao\"]}]}<\/script>\n<!-- \/ Yoast SEO plugin. -->","yoast_head_json":{"title":"Our production - Arvicacao","robots":{"index":"index","follow":"follow","max-snippet":"max-snippet:-1","max-image-preview":"max-image-preview:large","max-video-preview":"max-video-preview:-1"},"canonical":"https:\/\/arvicacao.com\/en\/our-production","og_locale":"en_US","og_type":"article","og_title":"Our production - Arvicacao","og_url":"https:\/\/arvicacao.com\/en\/our-production","og_site_name":"Arvicacao","article_publisher":"https:\/\/www.facebook.com\/Arvichocolate","article_modified_time":"2023-09-07T10:42:36+00:00","twitter_card":"summary_large_image","twitter_misc":{"Est. reading time":"4 minutes"},"schema":{"@context":"https:\/\/schema.org","@graph":[{"@type":"WebPage","@id":"https:\/\/arvicacao.com\/en\/our-production","url":"https:\/\/arvicacao.com\/en\/our-production","name":"Our production - Arvicacao","isPartOf":{"@id":"https:\/\/arvicacao.com\/#website"},"datePublished":"2021-10-07T06:10:07+00:00","dateModified":"2023-09-07T10:42:36+00:00","breadcrumb":{"@id":"https:\/\/arvicacao.com\/en\/our-production#breadcrumb"},"inLanguage":"en-US","potentialAction":[{"@type":"ReadAction","target":["https:\/\/arvicacao.com\/en\/our-production"]}]},{"@type":"BreadcrumbList","@id":"https:\/\/arvicacao.com\/en\/our-production#breadcrumb","itemListElement":[{"@type":"ListItem","position":1,"name":"Portada","item":"https:\/\/arvicacao.com\/en"},{"@type":"ListItem","position":2,"name":"Our production"}]},{"@type":"WebSite","@id":"https:\/\/arvicacao.com\/#website","url":"https:\/\/arvicacao.com\/","name":"Arvicacao","description":"Desde el origen a tu f\u00e1brica","publisher":{"@id":"https:\/\/arvicacao.com\/#organization"},"potentialAction":[{"@type":"SearchAction","target":{"@type":"EntryPoint","urlTemplate":"https:\/\/arvicacao.com\/?s={search_term_string}"},"query-input":"required name=search_term_string"}],"inLanguage":"en-US"},{"@type":"Organization","@id":"https:\/\/arvicacao.com\/#organization","name":"Arvicacao","url":"https:\/\/arvicacao.com\/","logo":{"@type":"ImageObject","inLanguage":"en-US","@id":"https:\/\/arvicacao.com\/#\/schema\/logo\/image\/","url":"https:\/\/arvicacao.com\/wp-content\/uploads\/2021\/09\/arvicacao-chocolate-logo.png","contentUrl":"https:\/\/arvicacao.com\/wp-content\/uploads\/2021\/09\/arvicacao-chocolate-logo.png","width":500,"height":500,"caption":"Arvicacao"},"image":{"@id":"https:\/\/arvicacao.com\/#\/schema\/logo\/image\/"},"sameAs":["https:\/\/www.facebook.com\/Arvichocolate","https:\/\/www.instagram.com\/arvicacao","https:\/\/es.linkedin.com\/company\/arvicacao"]}]}},"_links":{"self":[{"href":"https:\/\/arvicacao.com\/en\/wp-json\/wp\/v2\/pages\/1170","targetHints":{"allow":["GET"]}}],"collection":[{"href":"https:\/\/arvicacao.com\/en\/wp-json\/wp\/v2\/pages"}],"about":[{"href":"https:\/\/arvicacao.com\/en\/wp-json\/wp\/v2\/types\/page"}],"author":[{"embeddable":true,"href":"https:\/\/arvicacao.com\/en\/wp-json\/wp\/v2\/users\/1"}],"replies":[{"embeddable":true,"href":"https:\/\/arvicacao.com\/en\/wp-json\/wp\/v2\/comments?post=1170"}],"version-history":[{"count":1,"href":"https:\/\/arvicacao.com\/en\/wp-json\/wp\/v2\/pages\/1170\/revisions"}],"predecessor-version":[{"id":1171,"href":"https:\/\/arvicacao.com\/en\/wp-json\/wp\/v2\/pages\/1170\/revisions\/1171"}],"wp:attachment":[{"href":"https:\/\/arvicacao.com\/en\/wp-json\/wp\/v2\/media?parent=1170"}],"curies":[{"name":"wp","href":"https:\/\/api.w.org\/{rel}","templated":true}]}}