{"id":1035,"date":"2021-09-15T07:22:25","date_gmt":"2021-09-15T06:22:25","guid":{"rendered":"https:\/\/arvicacao.com\/producto\/kakaobohnen-ocumare"},"modified":"2021-09-15T07:22:25","modified_gmt":"2021-09-15T06:22:25","slug":"ocumare","status":"publish","type":"product","link":"https:\/\/arvicacao.com\/de\/producto\/ocumare","title":{"rendered":"Kakaobohnen | Ocumare"},"content":{"rendered":"","protected":false},"excerpt":{"rendered":"<p><strong>Kakaobohnen<\/strong><\/p>\n<p><strong>Anbau:<\/strong> Nachhaltig. Die 200 Jahre alten Fr\u00fcchte wachsen an einem Hang auf 650 m Seeh\u00f6he.<\/p>\n<p><strong>Bauernh\u00f6fe:<\/strong> Es gibt drei benachbarte Bauernh\u00f6fe. Seine Besitzer sind Fredy Fischer, Adri\u00e1n und Fulda<\/p>\n<ul>\n<li>Durchschnittliches Korngewicht: 1,2 g<\/li>\n<li>Durchschnittlicher Fermentationsprozentsatz: 76 %<\/li>\n<li>Genetik: Modern Creole (Kreuzung von Trinitarios mit Creoles)<\/li>\n<li>Sensorisches Profil: Fruchtiger Geschmack und N\u00fcsse<\/li>\n<\/ul>\n","protected":false},"featured_media":851,"template":"","meta":{"_joinchat":[]},"product_cat":[82],"product_tag":[],"class_list":["post-1035","product","type-product","status-publish","has-post-thumbnail","hentry","product_cat-kakaobohnen"],"yoast_head":"<!-- This site is optimized with the Yoast SEO plugin v22.5 - https:\/\/yoast.com\/wordpress\/plugins\/seo\/ -->\n<title>Kakaobohnen | Ocumare - Arvicacao<\/title>\n<meta name=\"robots\" content=\"index, follow, max-snippet:-1, max-image-preview:large, max-video-preview:-1\" \/>\n<link rel=\"canonical\" href=\"https:\/\/arvicacao.com\/producto\/kakaobohnen-ocumare\" \/>\n<meta property=\"og:locale\" content=\"de_DE\" \/>\n<meta property=\"og:type\" content=\"article\" \/>\n<meta property=\"og:title\" content=\"Kakaobohnen | Ocumare - Arvicacao\" \/>\n<meta property=\"og:description\" content=\"Kakaobohnen Anbau: Nachhaltig. Die 200 Jahre alten Fr\u00fcchte wachsen an einem Hang auf 650 m Seeh\u00f6he. Bauernh\u00f6fe: Es gibt drei benachbarte Bauernh\u00f6fe. Seine Besitzer sind Fredy Fischer, Adri\u00e1n und Fulda  Durchschnittliches Korngewicht: 1,2 g  Durchschnittlicher Fermentationsprozentsatz: 76 %  Genetik: Modern Creole (Kreuzung von Trinitarios mit Creoles)  Sensorisches Profil: Fruchtiger Geschmack und N\u00fcsse\" \/>\n<meta property=\"og:url\" content=\"https:\/\/arvicacao.com\/producto\/kakaobohnen-ocumare\" \/>\n<meta property=\"og:site_name\" content=\"Arvicacao\" \/>\n<meta property=\"article:publisher\" content=\"https:\/\/www.facebook.com\/Arvichocolate\" \/>\n<meta name=\"twitter:card\" content=\"summary_large_image\" \/>\n<script type=\"application\/ld+json\" class=\"yoast-schema-graph\">{\"@context\":\"https:\/\/schema.org\",\"@graph\":[{\"@type\":\"WebPage\",\"@id\":\"https:\/\/arvicacao.com\/producto\/kakaobohnen-ocumare\",\"url\":\"https:\/\/arvicacao.com\/producto\/kakaobohnen-ocumare\",\"name\":\"Kakaobohnen | Ocumare - Arvicacao\",\"isPartOf\":{\"@id\":\"https:\/\/arvicacao.com\/#website\"},\"primaryImageOfPage\":{\"@id\":\"https:\/\/arvicacao.com\/producto\/kakaobohnen-ocumare#primaryimage\"},\"image\":{\"@id\":\"https:\/\/arvicacao.com\/producto\/kakaobohnen-ocumare#primaryimage\"},\"thumbnailUrl\":\"https:\/\/arvicacao.com\/wp-content\/uploads\/2021\/09\/saco-ocumare-1-1024x1024-1-e1633356748917.jpeg\",\"datePublished\":\"2021-09-15T06:22:25+00:00\",\"dateModified\":\"2021-09-15T06:22:25+00:00\",\"breadcrumb\":{\"@id\":\"https:\/\/arvicacao.com\/producto\/kakaobohnen-ocumare#breadcrumb\"},\"inLanguage\":\"de\",\"potentialAction\":[{\"@type\":\"ReadAction\",\"target\":[\"https:\/\/arvicacao.com\/producto\/kakaobohnen-ocumare\"]}]},{\"@type\":\"ImageObject\",\"inLanguage\":\"de\",\"@id\":\"https:\/\/arvicacao.com\/producto\/kakaobohnen-ocumare#primaryimage\",\"url\":\"https:\/\/arvicacao.com\/wp-content\/uploads\/2021\/09\/saco-ocumare-1-1024x1024-1-e1633356748917.jpeg\",\"contentUrl\":\"https:\/\/arvicacao.com\/wp-content\/uploads\/2021\/09\/saco-ocumare-1-1024x1024-1-e1633356748917.jpeg\",\"width\":800,\"height\":800},{\"@type\":\"BreadcrumbList\",\"@id\":\"https:\/\/arvicacao.com\/producto\/kakaobohnen-ocumare#breadcrumb\",\"itemListElement\":[{\"@type\":\"ListItem\",\"position\":1,\"name\":\"Portada\",\"item\":\"https:\/\/arvicacao.com\/de\"},{\"@type\":\"ListItem\",\"position\":2,\"name\":\"Speichern\",\"item\":\"https:\/\/arvicacao.com\/?page_id=8\"},{\"@type\":\"ListItem\",\"position\":3,\"name\":\"Kakaobohnen | Ocumare\"}]},{\"@type\":\"WebSite\",\"@id\":\"https:\/\/arvicacao.com\/#website\",\"url\":\"https:\/\/arvicacao.com\/\",\"name\":\"Arvicacao\",\"description\":\"Desde el origen a tu f\u00e1brica\",\"publisher\":{\"@id\":\"https:\/\/arvicacao.com\/#organization\"},\"potentialAction\":[{\"@type\":\"SearchAction\",\"target\":{\"@type\":\"EntryPoint\",\"urlTemplate\":\"https:\/\/arvicacao.com\/?s={search_term_string}\"},\"query-input\":\"required name=search_term_string\"}],\"inLanguage\":\"de\"},{\"@type\":\"Organization\",\"@id\":\"https:\/\/arvicacao.com\/#organization\",\"name\":\"Arvicacao\",\"url\":\"https:\/\/arvicacao.com\/\",\"logo\":{\"@type\":\"ImageObject\",\"inLanguage\":\"de\",\"@id\":\"https:\/\/arvicacao.com\/#\/schema\/logo\/image\/\",\"url\":\"https:\/\/arvicacao.com\/wp-content\/uploads\/2021\/09\/arvicacao-chocolate-logo.png\",\"contentUrl\":\"https:\/\/arvicacao.com\/wp-content\/uploads\/2021\/09\/arvicacao-chocolate-logo.png\",\"width\":500,\"height\":500,\"caption\":\"Arvicacao\"},\"image\":{\"@id\":\"https:\/\/arvicacao.com\/#\/schema\/logo\/image\/\"},\"sameAs\":[\"https:\/\/www.facebook.com\/Arvichocolate\",\"https:\/\/www.instagram.com\/arvicacao\",\"https:\/\/es.linkedin.com\/company\/arvicacao\"]}]}<\/script>\n<!-- \/ Yoast SEO plugin. -->","yoast_head_json":{"title":"Kakaobohnen | Ocumare - Arvicacao","robots":{"index":"index","follow":"follow","max-snippet":"max-snippet:-1","max-image-preview":"max-image-preview:large","max-video-preview":"max-video-preview:-1"},"canonical":"https:\/\/arvicacao.com\/producto\/kakaobohnen-ocumare","og_locale":"de_DE","og_type":"article","og_title":"Kakaobohnen | Ocumare - Arvicacao","og_description":"Kakaobohnen Anbau: Nachhaltig. Die 200 Jahre alten Fr\u00fcchte wachsen an einem Hang auf 650 m Seeh\u00f6he. Bauernh\u00f6fe: Es gibt drei benachbarte Bauernh\u00f6fe. Seine Besitzer sind Fredy Fischer, Adri\u00e1n und Fulda  Durchschnittliches Korngewicht: 1,2 g  Durchschnittlicher Fermentationsprozentsatz: 76 %  Genetik: Modern Creole (Kreuzung von Trinitarios mit Creoles)  Sensorisches Profil: Fruchtiger Geschmack und N\u00fcsse","og_url":"https:\/\/arvicacao.com\/producto\/kakaobohnen-ocumare","og_site_name":"Arvicacao","article_publisher":"https:\/\/www.facebook.com\/Arvichocolate","twitter_card":"summary_large_image","schema":{"@context":"https:\/\/schema.org","@graph":[{"@type":"WebPage","@id":"https:\/\/arvicacao.com\/producto\/kakaobohnen-ocumare","url":"https:\/\/arvicacao.com\/producto\/kakaobohnen-ocumare","name":"Kakaobohnen | Ocumare - Arvicacao","isPartOf":{"@id":"https:\/\/arvicacao.com\/#website"},"primaryImageOfPage":{"@id":"https:\/\/arvicacao.com\/producto\/kakaobohnen-ocumare#primaryimage"},"image":{"@id":"https:\/\/arvicacao.com\/producto\/kakaobohnen-ocumare#primaryimage"},"thumbnailUrl":"https:\/\/arvicacao.com\/wp-content\/uploads\/2021\/09\/saco-ocumare-1-1024x1024-1-e1633356748917.jpeg","datePublished":"2021-09-15T06:22:25+00:00","dateModified":"2021-09-15T06:22:25+00:00","breadcrumb":{"@id":"https:\/\/arvicacao.com\/producto\/kakaobohnen-ocumare#breadcrumb"},"inLanguage":"de","potentialAction":[{"@type":"ReadAction","target":["https:\/\/arvicacao.com\/producto\/kakaobohnen-ocumare"]}]},{"@type":"ImageObject","inLanguage":"de","@id":"https:\/\/arvicacao.com\/producto\/kakaobohnen-ocumare#primaryimage","url":"https:\/\/arvicacao.com\/wp-content\/uploads\/2021\/09\/saco-ocumare-1-1024x1024-1-e1633356748917.jpeg","contentUrl":"https:\/\/arvicacao.com\/wp-content\/uploads\/2021\/09\/saco-ocumare-1-1024x1024-1-e1633356748917.jpeg","width":800,"height":800},{"@type":"BreadcrumbList","@id":"https:\/\/arvicacao.com\/producto\/kakaobohnen-ocumare#breadcrumb","itemListElement":[{"@type":"ListItem","position":1,"name":"Portada","item":"https:\/\/arvicacao.com\/de"},{"@type":"ListItem","position":2,"name":"Speichern","item":"https:\/\/arvicacao.com\/?page_id=8"},{"@type":"ListItem","position":3,"name":"Kakaobohnen | Ocumare"}]},{"@type":"WebSite","@id":"https:\/\/arvicacao.com\/#website","url":"https:\/\/arvicacao.com\/","name":"Arvicacao","description":"Desde el origen a tu f\u00e1brica","publisher":{"@id":"https:\/\/arvicacao.com\/#organization"},"potentialAction":[{"@type":"SearchAction","target":{"@type":"EntryPoint","urlTemplate":"https:\/\/arvicacao.com\/?s={search_term_string}"},"query-input":"required name=search_term_string"}],"inLanguage":"de"},{"@type":"Organization","@id":"https:\/\/arvicacao.com\/#organization","name":"Arvicacao","url":"https:\/\/arvicacao.com\/","logo":{"@type":"ImageObject","inLanguage":"de","@id":"https:\/\/arvicacao.com\/#\/schema\/logo\/image\/","url":"https:\/\/arvicacao.com\/wp-content\/uploads\/2021\/09\/arvicacao-chocolate-logo.png","contentUrl":"https:\/\/arvicacao.com\/wp-content\/uploads\/2021\/09\/arvicacao-chocolate-logo.png","width":500,"height":500,"caption":"Arvicacao"},"image":{"@id":"https:\/\/arvicacao.com\/#\/schema\/logo\/image\/"},"sameAs":["https:\/\/www.facebook.com\/Arvichocolate","https:\/\/www.instagram.com\/arvicacao","https:\/\/es.linkedin.com\/company\/arvicacao"]}]}},"_links":{"self":[{"href":"https:\/\/arvicacao.com\/de\/wp-json\/wp\/v2\/product\/1035","targetHints":{"allow":["GET"]}}],"collection":[{"href":"https:\/\/arvicacao.com\/de\/wp-json\/wp\/v2\/product"}],"about":[{"href":"https:\/\/arvicacao.com\/de\/wp-json\/wp\/v2\/types\/product"}],"wp:featuredmedia":[{"embeddable":true,"href":"https:\/\/arvicacao.com\/de\/wp-json\/wp\/v2\/media\/851"}],"wp:attachment":[{"href":"https:\/\/arvicacao.com\/de\/wp-json\/wp\/v2\/media?parent=1035"}],"wp:term":[{"taxonomy":"product_cat","embeddable":true,"href":"https:\/\/arvicacao.com\/de\/wp-json\/wp\/v2\/product_cat?post=1035"},{"taxonomy":"product_tag","embeddable":true,"href":"https:\/\/arvicacao.com\/de\/wp-json\/wp\/v2\/product_tag?post=1035"}],"curies":[{"name":"wp","href":"https:\/\/api.w.org\/{rel}","templated":true}]}}