{"id":958,"date":"2022-05-09T16:11:34","date_gmt":"2022-05-09T15:11:34","guid":{"rendered":"https:\/\/arvicacao.com\/datenschutzrichtlinie"},"modified":"2024-04-23T14:11:52","modified_gmt":"2024-04-23T13:11:52","slug":"datenschutzrichtlinie","status":"publish","type":"page","link":"https:\/\/arvicacao.com\/de\/datenschutzrichtlinie","title":{"rendered":"Datenschutzrichtlinie"},"content":{"rendered":"\n<h2>1. INFORMATIONEN F\u00dcR DEN BENUTZER<\/h2>\n<p><br>ARVICACAO S.L., im Folgenden VERANTWORTLICHER, ist f\u00fcr die Verarbeitung der personenbezogenen Daten des Benutzers verantwortlich und informiert Sie dar\u00fcber, dass diese Daten gem\u00e4\u00df den Bestimmungen der Verordnung (EU) 2016\/679 vom 27. April (DSGVO) und dem Gesetz Organic 3\/ verarbeitet werden. 2018 vom 5. Dezember (LOPDGDD), daher werden die folgenden Behandlungsinformationen bereitgestellt:<\/p>\n<p><br>Ende der Behandlung: Aufrechterhaltung einer Gesch\u00e4ftsbeziehung mit dem Benutzer. Zur Durchf\u00fchrung der Behandlung sind folgende Operationen geplant:<\/p>\n<ul>\n<li>Versenden von kommerziellen Werbemitteilungen per E-Mail, Fax, SMS, MMS, Social Communities oder anderen gegenw\u00e4rtigen oder zuk\u00fcnftigen elektronischen oder physischen Mitteln, die die Durchf\u00fchrung kommerzieller Kommunikation erm\u00f6glichen. Diese Mitteilungen erfolgen durch den VERANTWORTLICHEN und beziehen sich auf seine Produkte und Dienstleistungen oder seine Mitarbeiter oder Lieferanten, mit denen er eine Werbevereinbarung getroffen hat. In diesem Fall haben Dritte niemals Zugriff auf personenbezogene Daten.<\/li>\n<li>F\u00fchren Sie statistische Studien durch.<\/li>\n<li>Bearbeitung von Bestellungen, Anfragen oder Anfragen jeglicher Art, die der Benutzer \u00fcber eines der zur Verf\u00fcgung gestellten Kontaktformulare stellt.<\/li>\n<li>Leiten Sie den Newsletter auf der Website weiter.<\/li>\n<\/ul>\n<p> <\/p>\n<p>Rechtsgrundlage f\u00fcr die Verarbeitung: Einwilligung des Interessenten.<\/p>\n<p><br>Kriterien f\u00fcr die Datenaufbewahrung: Sie werden nicht l\u00e4nger aufbewahrt, als es zur Aufrechterhaltung des Zwecks der Verarbeitung erforderlich ist, und wenn sie f\u00fcr diesen Zweck nicht mehr erforderlich sind, werden sie mit entsprechenden Ma\u00dfnahmen gel\u00f6scht<br>angemessene Sicherheitsma\u00dfnahmen, um die Pseudonymisierung der Daten oder deren vollst\u00e4ndige Zerst\u00f6rung zu gew\u00e4hrleisten.<\/p>\n<p><br>Weitergabe der Daten: Die Daten werden nicht an Dritte weitergegeben, es sei denn, es besteht eine gesetzliche Verpflichtung.<\/p>\n<ul>\n<li>Rechte, die den Benutzer unterst\u00fctzen:<\/li>\n<li>Recht, die Einwilligung jederzeit zu widerrufen.<\/li>\n<li>Recht auf Zugang, Berichtigung, \u00dcbertragbarkeit und L\u00f6schung Ihrer Daten sowie auf Einschr\u00e4nkung oder Widerspruch gegen deren Verarbeitung.<\/li>\n<li>Das Recht, eine Beschwerde bei der Aufsichtsbeh\u00f6rde (www.aepd.es) einzureichen, wenn Sie der Meinung sind, dass die Behandlung nicht den geltenden Vorschriften entspricht.<\/li>\n<\/ul>\n<p><br>Kontaktinformationen zur Aus\u00fcbung Ihrer Rechte:<\/p>\n<p><br>ARVICACAO S.L. Cl Triunfo N\u00ba2 2\u00ba Vigo 36202, Pontevedra, Espa\u00f1a. Email: info@arvicacao.com<\/p>\n<p> <\/p>\n<h2><br>2. OBLIGATORISCHER ODER FAKULTATIVER NATUR DER VOM BENUTZER BEREITGESTELLTEN INFORMATIONEN<\/h2>\n<p><br>Durch Ankreuzen der entsprechenden K\u00e4stchen und Eingabe von Daten in die mit einem Sternchen (*) gekennzeichneten Felder im Kontaktformular oder in Download-Formularen akzeptieren Nutzer ausdr\u00fccklich, frei und unmissverst\u00e4ndlich, dass ihre Daten f\u00fcr die Bearbeitung Ihrer Anfrage durch den Anbieter erforderlich sind , wobei die Angabe der Daten in den \u00fcbrigen Feldern freiwillig ist. Der Nutzer garantiert, dass die dem VERANTWORTLICHEN zur Verf\u00fcgung gestellten personenbezogenen Daten wahrheitsgem\u00e4\u00df sind und ist f\u00fcr die Mitteilung etwaiger \u00c4nderungen daran verantwortlich.<\/p>\n<p><br>Der VERANTWORTLICHE informiert und garantiert den Nutzern ausdr\u00fccklich, dass ihre personenbezogenen Daten in keinem Fall an Dritte weitergegeben werden und dass bei jeder \u00dcbermittlung personenbezogener Daten jeglicher Art zuvor die ausdr\u00fcckliche, informierte und eindeutige Zustimmung der Nutzer eingeholt wird. Alle \u00fcber die Website angeforderten Daten sind obligatorisch, da sie f\u00fcr die Bereitstellung eines optimalen Service f\u00fcr den Benutzer erforderlich sind. Bei Nichtbereitstellung aller Daten kann nicht gew\u00e4hrleistet werden, dass die bereitgestellten Informationen und Dienste vollst\u00e4ndig auf Ihre Bed\u00fcrfnisse zugeschnitten sind.<\/p>\n<p> <\/p>\n<h2>3. SICHERHEITSMASSNAHMEN<\/h2>\n<p><br>Dass der VERANTWORTLICHE in \u00dcbereinstimmung mit den Bestimmungen der geltenden Vorschriften zum Schutz personenbezogener Daten alle Bestimmungen der DSGVO-Vorschriften f\u00fcr die Verarbeitung personenbezogener Daten unter seiner Verantwortung und offensichtlich die in Artikel 5 der DSGVO beschriebenen Grunds\u00e4tze einh\u00e4lt , durch die sie auf rechtm\u00e4\u00dfige, faire und transparente Weise in Bezug auf die betroffene Partei verarbeitet werden und angemessen, relevant und auf das beschr\u00e4nkt sind, was im Hinblick auf die Zwecke, f\u00fcr die sie verarbeitet werden, erforderlich ist.<\/p>\n<p><br>Der VERANTWORTLICHE garantiert, dass er geeignete technische und organisatorische Richtlinien zur Anwendung der in der DSGVO festgelegten Sicherheitsma\u00dfnahmen zum Schutz der Rechte und Freiheiten der Benutzer implementiert und ihnen entsprechende Informationen mitgeteilt hat, damit sie diese aus\u00fcben k\u00f6nnen.<\/p>\n\n","protected":false},"excerpt":{"rendered":"","protected":false},"author":1,"featured_media":0,"parent":0,"menu_order":0,"comment_status":"closed","ping_status":"closed","template":"","meta":{"_joinchat":[],"footnotes":""},"class_list":["post-958","page","type-page","status-publish","hentry"],"yoast_head":"<!-- This site is optimized with the Yoast SEO plugin v22.5 - https:\/\/yoast.com\/wordpress\/plugins\/seo\/ -->\n<title>Datenschutzrichtlinie - Arvicacao<\/title>\n<meta name=\"robots\" content=\"noindex, nofollow\" \/>\n<meta property=\"og:locale\" content=\"de_DE\" \/>\n<meta property=\"og:type\" content=\"article\" \/>\n<meta property=\"og:title\" content=\"Datenschutzrichtlinie - Arvicacao\" \/>\n<meta property=\"og:url\" content=\"https:\/\/arvicacao.com\/de\/datenschutzrichtlinie\" \/>\n<meta property=\"og:site_name\" content=\"Arvicacao\" \/>\n<meta property=\"article:publisher\" content=\"https:\/\/www.facebook.com\/Arvichocolate\" \/>\n<meta property=\"article:modified_time\" content=\"2024-04-23T13:11:52+00:00\" \/>\n<meta name=\"twitter:card\" content=\"summary_large_image\" \/>\n<meta name=\"twitter:label1\" content=\"Gesch\u00e4tzte Lesezeit\" \/>\n\t<meta name=\"twitter:data1\" content=\"3\u00a0Minuten\" \/>\n<script type=\"application\/ld+json\" class=\"yoast-schema-graph\">{\"@context\":\"https:\/\/schema.org\",\"@graph\":[{\"@type\":\"WebPage\",\"@id\":\"https:\/\/arvicacao.com\/de\/datenschutzrichtlinie\",\"url\":\"https:\/\/arvicacao.com\/de\/datenschutzrichtlinie\",\"name\":\"Datenschutzrichtlinie - Arvicacao\",\"isPartOf\":{\"@id\":\"https:\/\/arvicacao.com\/#website\"},\"datePublished\":\"2022-05-09T15:11:34+00:00\",\"dateModified\":\"2024-04-23T13:11:52+00:00\",\"breadcrumb\":{\"@id\":\"https:\/\/arvicacao.com\/de\/datenschutzrichtlinie#breadcrumb\"},\"inLanguage\":\"de\",\"potentialAction\":[{\"@type\":\"ReadAction\",\"target\":[\"https:\/\/arvicacao.com\/de\/datenschutzrichtlinie\"]}]},{\"@type\":\"BreadcrumbList\",\"@id\":\"https:\/\/arvicacao.com\/de\/datenschutzrichtlinie#breadcrumb\",\"itemListElement\":[{\"@type\":\"ListItem\",\"position\":1,\"name\":\"Portada\",\"item\":\"https:\/\/arvicacao.com\/de\"},{\"@type\":\"ListItem\",\"position\":2,\"name\":\"Datenschutzrichtlinie\"}]},{\"@type\":\"WebSite\",\"@id\":\"https:\/\/arvicacao.com\/#website\",\"url\":\"https:\/\/arvicacao.com\/\",\"name\":\"Arvicacao\",\"description\":\"Desde el origen a tu f\u00e1brica\",\"publisher\":{\"@id\":\"https:\/\/arvicacao.com\/#organization\"},\"potentialAction\":[{\"@type\":\"SearchAction\",\"target\":{\"@type\":\"EntryPoint\",\"urlTemplate\":\"https:\/\/arvicacao.com\/?s={search_term_string}\"},\"query-input\":\"required name=search_term_string\"}],\"inLanguage\":\"de\"},{\"@type\":\"Organization\",\"@id\":\"https:\/\/arvicacao.com\/#organization\",\"name\":\"Arvicacao\",\"url\":\"https:\/\/arvicacao.com\/\",\"logo\":{\"@type\":\"ImageObject\",\"inLanguage\":\"de\",\"@id\":\"https:\/\/arvicacao.com\/#\/schema\/logo\/image\/\",\"url\":\"https:\/\/arvicacao.com\/wp-content\/uploads\/2021\/09\/arvicacao-chocolate-logo.png\",\"contentUrl\":\"https:\/\/arvicacao.com\/wp-content\/uploads\/2021\/09\/arvicacao-chocolate-logo.png\",\"width\":500,\"height\":500,\"caption\":\"Arvicacao\"},\"image\":{\"@id\":\"https:\/\/arvicacao.com\/#\/schema\/logo\/image\/\"},\"sameAs\":[\"https:\/\/www.facebook.com\/Arvichocolate\",\"https:\/\/www.instagram.com\/arvicacao\",\"https:\/\/es.linkedin.com\/company\/arvicacao\"]}]}<\/script>\n<!-- \/ Yoast SEO plugin. -->","yoast_head_json":{"title":"Datenschutzrichtlinie - Arvicacao","robots":{"index":"noindex","follow":"nofollow"},"og_locale":"de_DE","og_type":"article","og_title":"Datenschutzrichtlinie - Arvicacao","og_url":"https:\/\/arvicacao.com\/de\/datenschutzrichtlinie","og_site_name":"Arvicacao","article_publisher":"https:\/\/www.facebook.com\/Arvichocolate","article_modified_time":"2024-04-23T13:11:52+00:00","twitter_card":"summary_large_image","twitter_misc":{"Gesch\u00e4tzte Lesezeit":"3\u00a0Minuten"},"schema":{"@context":"https:\/\/schema.org","@graph":[{"@type":"WebPage","@id":"https:\/\/arvicacao.com\/de\/datenschutzrichtlinie","url":"https:\/\/arvicacao.com\/de\/datenschutzrichtlinie","name":"Datenschutzrichtlinie - Arvicacao","isPartOf":{"@id":"https:\/\/arvicacao.com\/#website"},"datePublished":"2022-05-09T15:11:34+00:00","dateModified":"2024-04-23T13:11:52+00:00","breadcrumb":{"@id":"https:\/\/arvicacao.com\/de\/datenschutzrichtlinie#breadcrumb"},"inLanguage":"de","potentialAction":[{"@type":"ReadAction","target":["https:\/\/arvicacao.com\/de\/datenschutzrichtlinie"]}]},{"@type":"BreadcrumbList","@id":"https:\/\/arvicacao.com\/de\/datenschutzrichtlinie#breadcrumb","itemListElement":[{"@type":"ListItem","position":1,"name":"Portada","item":"https:\/\/arvicacao.com\/de"},{"@type":"ListItem","position":2,"name":"Datenschutzrichtlinie"}]},{"@type":"WebSite","@id":"https:\/\/arvicacao.com\/#website","url":"https:\/\/arvicacao.com\/","name":"Arvicacao","description":"Desde el origen a tu f\u00e1brica","publisher":{"@id":"https:\/\/arvicacao.com\/#organization"},"potentialAction":[{"@type":"SearchAction","target":{"@type":"EntryPoint","urlTemplate":"https:\/\/arvicacao.com\/?s={search_term_string}"},"query-input":"required name=search_term_string"}],"inLanguage":"de"},{"@type":"Organization","@id":"https:\/\/arvicacao.com\/#organization","name":"Arvicacao","url":"https:\/\/arvicacao.com\/","logo":{"@type":"ImageObject","inLanguage":"de","@id":"https:\/\/arvicacao.com\/#\/schema\/logo\/image\/","url":"https:\/\/arvicacao.com\/wp-content\/uploads\/2021\/09\/arvicacao-chocolate-logo.png","contentUrl":"https:\/\/arvicacao.com\/wp-content\/uploads\/2021\/09\/arvicacao-chocolate-logo.png","width":500,"height":500,"caption":"Arvicacao"},"image":{"@id":"https:\/\/arvicacao.com\/#\/schema\/logo\/image\/"},"sameAs":["https:\/\/www.facebook.com\/Arvichocolate","https:\/\/www.instagram.com\/arvicacao","https:\/\/es.linkedin.com\/company\/arvicacao"]}]}},"_links":{"self":[{"href":"https:\/\/arvicacao.com\/de\/wp-json\/wp\/v2\/pages\/958","targetHints":{"allow":["GET"]}}],"collection":[{"href":"https:\/\/arvicacao.com\/de\/wp-json\/wp\/v2\/pages"}],"about":[{"href":"https:\/\/arvicacao.com\/de\/wp-json\/wp\/v2\/types\/page"}],"author":[{"embeddable":true,"href":"https:\/\/arvicacao.com\/de\/wp-json\/wp\/v2\/users\/1"}],"replies":[{"embeddable":true,"href":"https:\/\/arvicacao.com\/de\/wp-json\/wp\/v2\/comments?post=958"}],"version-history":[{"count":1,"href":"https:\/\/arvicacao.com\/de\/wp-json\/wp\/v2\/pages\/958\/revisions"}],"predecessor-version":[{"id":959,"href":"https:\/\/arvicacao.com\/de\/wp-json\/wp\/v2\/pages\/958\/revisions\/959"}],"wp:attachment":[{"href":"https:\/\/arvicacao.com\/de\/wp-json\/wp\/v2\/media?parent=958"}],"curies":[{"name":"wp","href":"https:\/\/api.w.org\/{rel}","templated":true}]}}