{"id":956,"date":"2022-05-09T16:16:34","date_gmt":"2022-05-09T15:16:34","guid":{"rendered":"https:\/\/arvicacao.com\/cookies-politik"},"modified":"2024-04-23T14:10:10","modified_gmt":"2024-04-23T13:10:10","slug":"cookies-politik","status":"publish","type":"page","link":"https:\/\/arvicacao.com\/de\/cookies-politik","title":{"rendered":"Cookies-Politik"},"content":{"rendered":"\n<h2>INFORMATIONEN \u00dcBER COOKIES<\/h2>\n<p>Aufgrund des Inkrafttretens der \u00c4nderung des &#8222;Ley de Servicios de la Sociedad de la Sociedad de la Informaci\u00f3n&#8220; (LSSICE), die durch das K\u00f6nigliche Dekret 13\/2012 eingef\u00fchrt wurde, ist es zwingend erforderlich, die ausdr\u00fcckliche Zustimmung des Benutzers aller Websites, die entbehrliche Cookies verwenden, einzuholen, bevor der Benutzer sie besucht.<\/p>\n<h2>WAS SIND COOKIES?<\/h2>\n<p>Cookies und andere \u00e4hnliche Technologien wie Local Shared Objects, Flash-Cookies oder Pixel sind Hilfsmittel, die von Webservern verwendet werden, um Informationen \u00fcber ihre Besucher zu speichern und abzurufen und um ein ordnungsgem\u00e4\u00dfes Funktionieren der Website zu gew\u00e4hrleisten.<br>Die Verwendung dieser Ger\u00e4te erm\u00f6glicht es dem Webserver, sich einige Daten \u00fcber den Benutzer zu merken, z. B. seine Vorlieben f\u00fcr die Anzeige der Seiten dieses Servers, seinen Namen und sein Passwort, die Produkte, f\u00fcr die er sich am meisten interessiert, usw.<\/p>\n<h2> <\/h2>\n<h2>COOKIES, DIE VON DER VERORDNUNG BETROFFEN SIND, UND AUSGENOMMENE COOKIES<\/h2>\n<p>Gem\u00e4\u00df der EU-Richtlinie handelt es sich bei den Cookies, f\u00fcr die eine informierte Zustimmung des Benutzers erforderlich ist, um analytische Cookies sowie Werbe- und Affiliate-Cookies, mit Ausnahme derjenigen, die technischer Natur sind und f\u00fcr den Betrieb der Website oder die Bereitstellung von Diensten erforderlich sind. ausdr\u00fccklich angefordert Benutzer.<\/p>\n<h2>Welche Arten von Cookies gibt es?<\/h2>\n<p>Bez\u00fcglich der Arten von Cookies gibt es f\u00fcnf gro\u00dfe Gruppen:<\/p>\n<ul>\n<li>Analytische Cookies: Sammeln Sie Informationen \u00fcber die Nutzung der Website.<\/li>\n<li>Soziale Cookies: sind diejenigen, die f\u00fcr externe soziale Netzwerke notwendig sind.<\/li>\n<li>Affiliate-Cookies: erm\u00f6glichen es Ihnen, Besuche von anderen Websites zu verfolgen, mit denen die Website einen Affiliate-Vertrag abschlie\u00dft (Affiliate-Unternehmen). Werbe- und Verhaltenscookies: Sammeln Sie Informationen \u00fcber die Vorlieben und pers\u00f6nlichen Entscheidungen des Benutzers (Retargeting).<\/li>\n<li>Technische und funktionale Cookies: Sie sind f\u00fcr die Nutzung der Website und die Erbringung der vertraglich vereinbarten Dienstleistung unbedingt erforderlich.<\/li>\n<\/ul>\n<h2>AUF DIESER WEBSITE VERWENDETE COOKIES<\/h2>\n<div id=\"cookiefirst-cookies-table\">\n<div dir=\"ltr\">\n<h2>Die Cookies, die wir auf unserer Website verwenden<\/h2>\n<div class=\"cf1tXD\">\n<div class=\"cf1Hdl\">\n<table class=\"cf1M40 cf2OTb table-sm\">\n<tbody>\n<tr>\n<td colspan=\"5\">\n<h4>Necesario 9 \/ 5.000 Resultados de traducci\u00f3n Resultado de traducci\u00f3n Notwendig<\/h4>\n<\/td>\n<\/tr>\n<tr>\n<th scope=\"col\">Name<\/th>\n<th scope=\"col\">Zweck<\/th>\n<th scope=\"col\">Domainname<\/th>\n<th scope=\"col\">Ablauf<\/th>\n<th scope=\"col\">Anbieter<\/th>\n<\/tr>\n<tr>\n<th scope=\"row\">Cookieerste Einwilligung<\/th>\n<td>Dieses Cookie speichert Ihre Cookie-Einstellungen f\u00fcr diese Website. Sie k\u00f6nnen diese problemlos \u00e4ndern oder Ihre Einwilligung widerrufen.<\/td>\n<td>https:\/\/www.arvicacao.com\/<\/td>\n<td>ein Jahr<\/td>\n<td><a href=\"https:\/\/cookiefirst.com\/legal\/data-processing-agreement\/\" target=\"_blank\" rel=\"noopener noreferrer\">Cookie zuerst<\/a><\/td>\n<\/tr>\n<tr>\n<th scope=\"row\">cookiefirst-id<\/th>\n<td>Dieses Cookie enth\u00e4lt Ihre eindeutige ID, damit CookieFirst eindeutige Besucher dieser Website identifizieren kann.<\/td>\n<td>api.cookiefirst.com<\/td>\n<td>ein Jahr<\/td>\n<td><a href=\"https:\/\/cookiefirst.com\/legal\/data-processing-agreement\/\" target=\"_blank\" rel=\"noopener noreferrer\">Cookie zuerst<\/a><\/td>\n<\/tr>\n<tr>\n<td colspan=\"5\">\n<h4>Leistung<\/h4>\n<\/td>\n<\/tr>\n<tr>\n<th scope=\"col\">S\u00fc\u00dfkartoffel<\/th>\n<th scope=\"col\">Zweck<\/th>\n<th scope=\"col\">Domainname<\/th>\n<th scope=\"col\">Ablauf<\/th>\n<th scope=\"col\">Anbieter<\/th>\n<\/tr>\n<tr>\n<th scope=\"row\">_gid<\/th>\n<td>Registriert eine eindeutige ID f\u00fcr einen Website-Besucher und verfolgt, wie der Besucher die Website nutzt. Die Daten werden f\u00fcr Statistiken verwendet.<\/td>\n<td>.arvicacao.com<\/td>\n<td>einmal<\/td>\n<td><a href=\"https:\/\/policies.google.com\/privacy?hl=en-US\" target=\"_blank\" rel=\"noopener noreferrer\">Google Corporation<\/a><\/td>\n<\/tr>\n<tr>\n<th scope=\"row\">_gat_*****<\/th>\n<td>Wird von Google Analytics festgelegt, um die Anfragerate zu \u00fcberwachen.<\/td>\n<td>.arvicacao.com<\/td>\n<td>eine Minute<\/td>\n<td><a href=\"https:\/\/policies.google.com\/privacy?hl=en-US\" target=\"_blank\" rel=\"noopener noreferrer\">Google LLC<\/a><\/td>\n<\/tr>\n<tr>\n<th scope=\"row\">_ga<\/th>\n<td>Registriert eine eindeutige ID f\u00fcr einen Website-Besucher und verfolgt, wie der Besucher die Website nutzt. Die Daten werden f\u00fcr Statistiken verwendet.<\/td>\n<td>.arvicacao.com<\/td>\n<td>2 Jahre<\/td>\n<td><a href=\"https:\/\/policies.google.com\/privacy?hl=en-US\" target=\"_blank\" rel=\"noopener noreferrer\">Google Corporation<\/a><\/td>\n<\/tr>\n<tr>\n<td colspan=\"5\">\n<h4>Funktional<\/h4>\n<\/td>\n<\/tr>\n<tr>\n<th scope=\"col\">S\u00fc\u00dfkartoffel<\/th>\n<th scope=\"col\">Zweck<\/th>\n<th scope=\"col\">Domainname<\/th>\n<th scope=\"col\">Ablauf<\/th>\n<th scope=\"col\">Anbieter<\/th>\n<\/tr>\n<tr>\n<th scope=\"row\">.Nop.RecentlyViewedProducts<\/th>\n<td>Dieses Cookie speichert die Produkte, die Sie auf dieser E-Commerce-Website gesehen haben, um die Information zu erleichtern und die Navigation zu verbessern.<\/td>\n<td>www.arvicacao.com<\/td>\n<td>10 Tage<\/td>\n<td> <\/td>\n<\/tr>\n<tr>\n<th scope=\"row\">.Nop.Customer<\/th>\n<td>Dieses Cookie enth\u00e4lt Ihre Identifikation als Kunde dieses E-Commerce und erm\u00f6glicht es Ihnen, das Einkaufserlebnis zu erleichtern.<\/td>\n<td>www.arvicacao.com<\/td>\n<td>ein Jahr<\/td>\n<td> <\/td>\n<\/tr>\n<\/tbody>\n<\/table>\n<\/div>\n<\/div>\n<\/div>\n<\/div>\n<div>Diese Cookie-Tabelle wurde von erstellt und aktualisiert <a href=\"https:\/\/cookiefirst.com\/\">CookieFirst-Plattform zur Einwilligungsverwaltung<\/a>.<\/div>\n<h2>WIDERRUF DER EINWILLIGUNG ZUR INSTALLATION VON COOKIES SO L\u00d6SCHEN SIE COOKIES AUS DEM BROWSER<\/h2>\n<p><strong>Chrome<\/strong><\/p>\n<p>1. W\u00e4hlen Sie das Symbol \u201eExtras\u201c.<br>2. Klicken Sie auf Einstellungen.<br>3. Klicken Sie auf Erweiterte Optionen anzeigen.<br>4. Klicken Sie im Abschnitt \u201eDatenschutz\u201c auf Inhaltseinstellungen.<br>\u2022 Cookies l\u00f6schen: Klicken Sie auf Alle Cookies und Websitedaten\u2026<br>\u2022 Speicherung von Cookies nicht zulassen.<br>5. Klicken Sie auf Browserdaten l\u00f6schen (Cache leeren).<br>6. Schlie\u00dfen Sie den Browser und starten Sie ihn neu.<\/p>\n<p>Weitere Informationen zu Chrome finden Sie hier: <a href=\"http:\/\/support.google.com\/chrome\/answer\/95647?hl=es\" target=\"_blank\" rel=\"noopener\">http:\/\/support.google.com\/chrome\/answer\/95647?hl=es<\/a><\/p>\n<p><strong>Internet Explorer. Versi\u00f3n 11<\/strong><\/p>\n<p>1. W\u00e4hlen Sie Extras | Internet Optionen.<br>2. Klicken Sie auf die Registerkarte Allgemein.<br>3. Klicken Sie im Abschnitt \u201eBrowserverlauf\u201c auf Browserverlauf beim Beenden l\u00f6schen.<br>4. W\u00e4hlen Sie Dateien l\u00f6schen.<br>45. W\u00e4hlen Sie Cookies l\u00f6schen.<br>6. Klicken Sie auf L\u00f6schen.<br>7. Klicken Sie auf OK.<br>8. Schlie\u00dfen Sie den Browser und starten Sie ihn neu.<\/p>\n<p>Weitere Informationen zum Internet Explorer finden Sie hier:<br><a href=\"https:\/\/support.microsoft.com\/es-es\/help\/278835\/how-to-delete-cookie-files-in-internet-explorer\">https:\/\/support.microsoft.com\/es-es\/help\/278835\/how-to-delete-cookie-files-in-internet-explorer<\/a><\/p>\n<p><strong>Firefox. Versi\u00f3n 65.0.1<\/strong><\/p>\n<p>1. W\u00e4hlen Sie Firefox | Geschichte | L\u00f6schen Sie den aktuellen Verlauf.<br>2. Klicken Sie neben \u201eDetails\u201c auf den Abw\u00e4rtspfeil.<br>3. Aktivieren Sie die folgenden Kontrollk\u00e4stchen: Cookies, Cache, Aktive Anmeldungen<br>4. W\u00e4hlen Sie im Dropdown-Men\u00fc \u201eZeitbereich l\u00f6schen\u201c die Option \u201eAlle\u201c aus.<br>5. Klicken Sie auf Jetzt l\u00f6schen.<br>6. Schlie\u00dfen Sie den Browser und starten Sie ihn neu.<\/p>\n<p>Sie k\u00f6nnen Cookies einzeln in den Firefox-Einstellungen akzeptieren oder ablehnen, im Abschnitt \u201eVerlauf\u201c unter<br>Werkzeuge &gt; Optionen &gt; Privatsph\u00e4re.<br>Weitere Informationen zu Mozilla Firefox finden Sie hier: <a href=\"https:\/\/www.mozilla.org\/es-ES\/privacy\/websites\/#cookies\" target=\"_blank\" rel=\"noopener\">https:\/\/www.mozilla.org\/es-ES\/privacy\/websites\/#cookies<\/a><\/p>\n<p><strong>Safari Versi\u00f3n 5.1<\/strong><\/p>\n<p>1. W\u00e4hlen Sie das Safari-Symbol \/ Bearbeiten | Safari wiederherstellen.<br>2. Aktivieren Sie die folgenden Kontrollk\u00e4stchen: Verlauf l\u00f6schen, Alle Website-Daten l\u00f6schen<br>3. Klicken Sie auf Zur\u00fccksetzen.<br>4. Schlie\u00dfen Sie den Browser und starten Sie ihn neu.<\/p>\n<p>Weitere Informationen zu Safari finden Sie hier: <a href=\"https:\/\/support.apple.com\/es-es\/guide\/safari\/sfri11471\/mac\" target=\"_blank\" rel=\"noopener\">https:\/\/support.apple.com\/es-es\/guide\/safari\/sfri11471\/mac<\/a><\/p>\n<p><strong>Oper<\/strong><\/p>\n<p>Optionen \u2013 Erweitert \u2013 Cookies.<br>Cookie-Optionen steuern, wie Opera mit ihnen umgeht und somit deren Annahme oder Ablehnung.<br>Weitere Informationen zu Opera finden Sie hier: <a href=\"https:\/\/help.opera.com\/en\/latest\/security-and-privacy\/#clearBrowsingData\" target=\"_blank\" rel=\"noopener\">https:\/\/help.opera.com\/en\/latest\/security-and-privacy\/#clearBrowsingData<\/a><\/p>\n<p><strong>Andere Browser<\/strong><\/p>\n<p>Konsultieren Sie die Dokumentation des von Ihnen installierten Browsers.<\/p>\n\n","protected":false},"excerpt":{"rendered":"","protected":false},"author":1,"featured_media":0,"parent":0,"menu_order":0,"comment_status":"closed","ping_status":"closed","template":"","meta":{"_joinchat":[],"footnotes":""},"class_list":["post-956","page","type-page","status-publish","hentry"],"yoast_head":"<!-- This site is optimized with the Yoast SEO plugin v22.5 - https:\/\/yoast.com\/wordpress\/plugins\/seo\/ -->\n<title>Cookies-Politik - Arvicacao<\/title>\n<meta name=\"robots\" content=\"index, follow, max-snippet:-1, max-image-preview:large, max-video-preview:-1\" \/>\n<link rel=\"canonical\" href=\"https:\/\/arvicacao.com\/de\/cookies-politik\" \/>\n<meta property=\"og:locale\" content=\"de_DE\" \/>\n<meta property=\"og:type\" content=\"article\" \/>\n<meta property=\"og:title\" content=\"Cookies-Politik - Arvicacao\" \/>\n<meta property=\"og:url\" content=\"https:\/\/arvicacao.com\/de\/cookies-politik\" \/>\n<meta property=\"og:site_name\" content=\"Arvicacao\" \/>\n<meta property=\"article:publisher\" content=\"https:\/\/www.facebook.com\/Arvichocolate\" \/>\n<meta property=\"article:modified_time\" content=\"2024-04-23T13:10:10+00:00\" \/>\n<meta name=\"twitter:card\" content=\"summary_large_image\" \/>\n<meta name=\"twitter:label1\" content=\"Gesch\u00e4tzte Lesezeit\" \/>\n\t<meta name=\"twitter:data1\" content=\"4\u00a0Minuten\" \/>\n<script type=\"application\/ld+json\" class=\"yoast-schema-graph\">{\"@context\":\"https:\/\/schema.org\",\"@graph\":[{\"@type\":\"WebPage\",\"@id\":\"https:\/\/arvicacao.com\/de\/cookies-politik\",\"url\":\"https:\/\/arvicacao.com\/de\/cookies-politik\",\"name\":\"Cookies-Politik - Arvicacao\",\"isPartOf\":{\"@id\":\"https:\/\/arvicacao.com\/#website\"},\"datePublished\":\"2022-05-09T15:16:34+00:00\",\"dateModified\":\"2024-04-23T13:10:10+00:00\",\"breadcrumb\":{\"@id\":\"https:\/\/arvicacao.com\/de\/cookies-politik#breadcrumb\"},\"inLanguage\":\"de\",\"potentialAction\":[{\"@type\":\"ReadAction\",\"target\":[\"https:\/\/arvicacao.com\/de\/cookies-politik\"]}]},{\"@type\":\"BreadcrumbList\",\"@id\":\"https:\/\/arvicacao.com\/de\/cookies-politik#breadcrumb\",\"itemListElement\":[{\"@type\":\"ListItem\",\"position\":1,\"name\":\"Portada\",\"item\":\"https:\/\/arvicacao.com\/de\"},{\"@type\":\"ListItem\",\"position\":2,\"name\":\"Cookies-Politik\"}]},{\"@type\":\"WebSite\",\"@id\":\"https:\/\/arvicacao.com\/#website\",\"url\":\"https:\/\/arvicacao.com\/\",\"name\":\"Arvicacao\",\"description\":\"Desde el origen a tu f\u00e1brica\",\"publisher\":{\"@id\":\"https:\/\/arvicacao.com\/#organization\"},\"potentialAction\":[{\"@type\":\"SearchAction\",\"target\":{\"@type\":\"EntryPoint\",\"urlTemplate\":\"https:\/\/arvicacao.com\/?s={search_term_string}\"},\"query-input\":\"required name=search_term_string\"}],\"inLanguage\":\"de\"},{\"@type\":\"Organization\",\"@id\":\"https:\/\/arvicacao.com\/#organization\",\"name\":\"Arvicacao\",\"url\":\"https:\/\/arvicacao.com\/\",\"logo\":{\"@type\":\"ImageObject\",\"inLanguage\":\"de\",\"@id\":\"https:\/\/arvicacao.com\/#\/schema\/logo\/image\/\",\"url\":\"https:\/\/arvicacao.com\/wp-content\/uploads\/2021\/09\/arvicacao-chocolate-logo.png\",\"contentUrl\":\"https:\/\/arvicacao.com\/wp-content\/uploads\/2021\/09\/arvicacao-chocolate-logo.png\",\"width\":500,\"height\":500,\"caption\":\"Arvicacao\"},\"image\":{\"@id\":\"https:\/\/arvicacao.com\/#\/schema\/logo\/image\/\"},\"sameAs\":[\"https:\/\/www.facebook.com\/Arvichocolate\",\"https:\/\/www.instagram.com\/arvicacao\",\"https:\/\/es.linkedin.com\/company\/arvicacao\"]}]}<\/script>\n<!-- \/ Yoast SEO plugin. -->","yoast_head_json":{"title":"Cookies-Politik - Arvicacao","robots":{"index":"index","follow":"follow","max-snippet":"max-snippet:-1","max-image-preview":"max-image-preview:large","max-video-preview":"max-video-preview:-1"},"canonical":"https:\/\/arvicacao.com\/de\/cookies-politik","og_locale":"de_DE","og_type":"article","og_title":"Cookies-Politik - Arvicacao","og_url":"https:\/\/arvicacao.com\/de\/cookies-politik","og_site_name":"Arvicacao","article_publisher":"https:\/\/www.facebook.com\/Arvichocolate","article_modified_time":"2024-04-23T13:10:10+00:00","twitter_card":"summary_large_image","twitter_misc":{"Gesch\u00e4tzte Lesezeit":"4\u00a0Minuten"},"schema":{"@context":"https:\/\/schema.org","@graph":[{"@type":"WebPage","@id":"https:\/\/arvicacao.com\/de\/cookies-politik","url":"https:\/\/arvicacao.com\/de\/cookies-politik","name":"Cookies-Politik - Arvicacao","isPartOf":{"@id":"https:\/\/arvicacao.com\/#website"},"datePublished":"2022-05-09T15:16:34+00:00","dateModified":"2024-04-23T13:10:10+00:00","breadcrumb":{"@id":"https:\/\/arvicacao.com\/de\/cookies-politik#breadcrumb"},"inLanguage":"de","potentialAction":[{"@type":"ReadAction","target":["https:\/\/arvicacao.com\/de\/cookies-politik"]}]},{"@type":"BreadcrumbList","@id":"https:\/\/arvicacao.com\/de\/cookies-politik#breadcrumb","itemListElement":[{"@type":"ListItem","position":1,"name":"Portada","item":"https:\/\/arvicacao.com\/de"},{"@type":"ListItem","position":2,"name":"Cookies-Politik"}]},{"@type":"WebSite","@id":"https:\/\/arvicacao.com\/#website","url":"https:\/\/arvicacao.com\/","name":"Arvicacao","description":"Desde el origen a tu f\u00e1brica","publisher":{"@id":"https:\/\/arvicacao.com\/#organization"},"potentialAction":[{"@type":"SearchAction","target":{"@type":"EntryPoint","urlTemplate":"https:\/\/arvicacao.com\/?s={search_term_string}"},"query-input":"required name=search_term_string"}],"inLanguage":"de"},{"@type":"Organization","@id":"https:\/\/arvicacao.com\/#organization","name":"Arvicacao","url":"https:\/\/arvicacao.com\/","logo":{"@type":"ImageObject","inLanguage":"de","@id":"https:\/\/arvicacao.com\/#\/schema\/logo\/image\/","url":"https:\/\/arvicacao.com\/wp-content\/uploads\/2021\/09\/arvicacao-chocolate-logo.png","contentUrl":"https:\/\/arvicacao.com\/wp-content\/uploads\/2021\/09\/arvicacao-chocolate-logo.png","width":500,"height":500,"caption":"Arvicacao"},"image":{"@id":"https:\/\/arvicacao.com\/#\/schema\/logo\/image\/"},"sameAs":["https:\/\/www.facebook.com\/Arvichocolate","https:\/\/www.instagram.com\/arvicacao","https:\/\/es.linkedin.com\/company\/arvicacao"]}]}},"_links":{"self":[{"href":"https:\/\/arvicacao.com\/de\/wp-json\/wp\/v2\/pages\/956","targetHints":{"allow":["GET"]}}],"collection":[{"href":"https:\/\/arvicacao.com\/de\/wp-json\/wp\/v2\/pages"}],"about":[{"href":"https:\/\/arvicacao.com\/de\/wp-json\/wp\/v2\/types\/page"}],"author":[{"embeddable":true,"href":"https:\/\/arvicacao.com\/de\/wp-json\/wp\/v2\/users\/1"}],"replies":[{"embeddable":true,"href":"https:\/\/arvicacao.com\/de\/wp-json\/wp\/v2\/comments?post=956"}],"version-history":[{"count":1,"href":"https:\/\/arvicacao.com\/de\/wp-json\/wp\/v2\/pages\/956\/revisions"}],"predecessor-version":[{"id":957,"href":"https:\/\/arvicacao.com\/de\/wp-json\/wp\/v2\/pages\/956\/revisions\/957"}],"wp:attachment":[{"href":"https:\/\/arvicacao.com\/de\/wp-json\/wp\/v2\/media?parent=956"}],"curies":[{"name":"wp","href":"https:\/\/api.w.org\/{rel}","templated":true}]}}