{"id":944,"date":"2022-05-09T15:42:23","date_gmt":"2022-05-09T14:42:23","guid":{"rendered":"https:\/\/arvicacao.com\/bedingungen-fuer-den-kauf"},"modified":"2023-09-01T11:38:29","modified_gmt":"2023-09-01T10:38:29","slug":"bedingungen-fuer-den-kauf","status":"publish","type":"page","link":"https:\/\/arvicacao.com\/de\/bedingungen-fuer-den-kauf","title":{"rendered":"Bedingungen f\u00fcr den Kauf"},"content":{"rendered":"\n<h2>ELEKTRONISCHER HANDEL (PRODUKTE). Allgemeine Bedingungen und Konditionen<\/h2>\n<p>Das vorliegende Vertragsdokument regelt den Abschluss von Vertr\u00e4gen \u00fcber Produkte und Dienstleistungen \u00fcber die Website von Arvicacao S.L., im Folgenden als ANBIETER bezeichnet.<\/p>\n<p>Die Annahme dieses Dokuments bedeutet, dass der BENUTZER:<\/p>\n<p>&#8211; Sie haben das Vorstehende gelesen, verstanden und nachvollzogen.<br>&#8211; Eine Person, die ausreichend gesch\u00e4ftsf\u00e4hig ist.<br>&#8211; Sie \u00fcbernimmt alle hierin festgelegten Verpflichtungen.<\/p>\n<p>Diese Bedingungen gelten auf unbestimmte Zeit und sind auf alle Vertr\u00e4ge anwendbar, die \u00fcber die Website des ANBIETERS abgeschlossen werden.<\/p>\n<p>Der ANBIETER weist darauf hin, dass der H\u00e4ndler f\u00fcr die geltende Gesetzgebung der L\u00e4nder, in die er die Produkte versendet, verantwortlich ist und diese kennt und sich das Recht vorbeh\u00e4lt, die Bedingungen einseitig zu \u00e4ndern, ohne dass dies Auswirkungen auf die vor der \u00c4nderung gekauften Waren oder Werbeaktionen hat.<\/p>\n<p><strong>Identit\u00e4t der Vertragsparteien<\/strong><\/p>\n<p>Einerseits ist der Lieferant der vom BENUTZER in Auftrag gegebenen Waren <strong>ARVICACAO S.L.<\/strong>, mit eingetragenem Sitz: <strong>Cl Triunfo N\u00ba2,<\/strong><strong> 2\u00ba <\/strong><strong>VIgo 36202, Pontevedra, Espa\u00f1a<\/strong>,<strong> NIF ESB27851922<\/strong> <strong>und mit einer Telefonnummer f\u00fcr den Kundendienst +34 630 93 31 17<\/strong>.<\/p>\n<p>Andererseits ist der BENUTZER, der sich auf der Website mit einem Benutzernamen und einem Passwort registriert hat, f\u00fcr die er die volle Verantwortung f\u00fcr die Nutzung und die Aufbewahrung tr\u00e4gt, f\u00fcr die Richtigkeit der dem ANBIETER zur Verf\u00fcgung gestellten pers\u00f6nlichen Daten verantwortlich.<\/p>\n<p><strong>Gegenstand des Vertrages<\/strong><\/p>\n<p>Der Zweck dieses Vertrages ist es, die vertragliche Verkaufsbeziehung zu regeln, die zwischen dem ANBIETER und dem NUTZER entsteht, wenn der NUTZER das entsprechende Feld w\u00e4hrend des Online-Vertragsabschlusses akzeptiert.<\/p>\n<p>Die vertragliche Kauf- und Verkaufsbeziehung beinhaltet die Lieferung eines bestimmten Produkts zu einem bestimmten Preis, der auf der Website \u00f6ffentlich angezeigt wird.<\/p>\n<p><strong>Einstellungsverfahren<\/strong><\/p>\n<p>Um auf die vom ANBIETER angebotenen Dienstleistungen oder Produkte zugreifen zu k\u00f6nnen, muss sich der BENUTZER auf der Website registrieren, indem er ein Benutzerkonto anlegt. Daher muss der BENUTZER die erforderlichen personenbezogenen Daten frei und freiwillig zur Verf\u00fcgung stellen, die gem\u00e4\u00df den Bestimmungen der Verordnung (EU) 2016\/679 vom 27. April (GDPR) und des Organgesetzes 3\/2018 vom 5. Dezember (LOPDGDD) verarbeitet werden und im Impressum und in der Datenschutzrichtlinie dieser Website aufgef\u00fchrt sind.<\/p>\n<p>Der BENUTZER w\u00e4hlt einen Benutzernamen und ein Passwort und verpflichtet sich, diese gewissenhaft zu verwenden und sie Dritten nicht zug\u00e4nglich zu machen sowie den ANBIETER \u00fcber deren Verlust oder Diebstahl oder einen m\u00f6glichen Zugriff durch einen unbefugten Dritten zu informieren, damit der ANBIETER sie unverz\u00fcglich sperren kann.<\/p>\n<p>Nach der Einrichtung des Benutzerkontos informieren wir Sie dar\u00fcber, dass der Vertragsabschluss gem\u00e4\u00df Artikel 27 des Gesetzes 34\/2002 \u00fcber die Dienstleistungen der Informationsgesellschaft und den elektronischen Handel (LSSICE) in folgenden Schritten erfolgt:<\/p>\n<p>1. allgemeine Gesch\u00e4ftsbedingungen.<br>2. Versand der Bestellungen.<br>3. Recht auf Widerruf.<br>4. Beanstandungen.<br>5. H\u00f6here Gewalt.<br>6. Wettbewerb.<br>7. Allgemeine Angaben zum Angebot.<br>8. Preis und G\u00fcltigkeitsdauer des Angebots.<br>9. Transportkosten.<br>10. Zahlungsmodalit\u00e4ten, Kosten und Rabatte.<br>11. Beschaffungsprozess.<br>12. Anwendbare Sicherheitsvorkehrungen&#8230;<br>13. Minderj\u00e4hrige.<\/p>\n<p><strong>1. ALLGEMEINE GESCH\u00c4FTSBEDINGUNGEN<\/strong><\/p>\n<p>Sofern nichts anderes schriftlich festgelegt ist, bedeutet die Erteilung eines Auftrags an den ANBIETER die Annahme dieser rechtlichen Bedingungen durch den NUTZER. Die vom BENUTZER getroffenen Festlegungen d\u00fcrfen nicht von denen des ANBIETERS abweichen, wenn sie nicht vorher ausdr\u00fccklich und schriftlich vom ANBIETER akzeptiert worden sind.<\/p>\n<p><strong>2. VERSAND VON BESTELLUNGEN<\/strong><\/p>\n<p>Der ANBIETER schickt keine Bestellung ab, bevor er nicht \u00fcberpr\u00fcft hat, dass die Zahlung erfolgt ist.<\/p>\n<p>Der Versand erfolgt in der Regel per Spedition nach dem vom BENUTZER frei gew\u00e4hlten Bestimmungsort.<\/p>\n<p>Liefertermine oder -fristen sind als ann\u00e4hernd zu verstehen, und eine Verz\u00f6gerung stellt keine wesentliche Verletzung dar. Bestellungen nach 12.00 Uhr an Werktagen und Bestellungen an Feiertagen werden am n\u00e4chsten Werktag bearbeitet.<\/p>\n<p>Wir werden eine Tracking-Nummer zur Verf\u00fcgung stellen.<\/p>\n<p>Versand auf der Halbinsel 48\/72h<\/p>\n<p>Der ANBIETER \u00fcbernimmt keine Verantwortung, wenn die Lieferung des Produkts aufgrund von falschen, ungenauen oder unvollst\u00e4ndigen Angaben des BENUTZERS nicht erfolgt.<\/p>\n<p>Die Lieferung gilt als erfolgt, wenn der Spediteur die Produkte dem BENUTZER zur Verf\u00fcgung gestellt hat und der BENUTZER oder sein Beauftragter den Lieferschein unterzeichnet hat.<\/p>\n<p>Es obliegt dem BENUTZER, die Produkte bei Erhalt zu pr\u00fcfen und eventuelle Vorbehalte und Reklamationen auf dem Lieferschein zu vermerken.<\/p>\n<p><strong>3. WIDERRUFSRECHT<\/strong><\/p>\n<p>Wenn zum Zeitpunkt der Lieferung sichtbar und deutlich wird, ohne dass die Lieferverpackung oder die Produktverpackung selbst manipuliert werden muss, dass ein Produkt aufgrund eines Transportschadens defekt ist, oder wenn sich auf die gleiche Weise herausstellt, dass ein Fehler in der erhaltenen Ware vorliegt, muss der Kunde uns innerhalb von 24 Stunden nach Erhalt der Bestellung informieren.<\/p>\n<p><strong>4. BESCHWERDEN<\/strong><\/p>\n<p>Beschwerden, die der BENUTZER f\u00fcr angebracht h\u00e4lt, werden so schnell wie m\u00f6glich bearbeitet und k\u00f6nnen an die folgenden Kontaktadressen gerichtet werden:<\/p>\n<p>Postanschrift: Cl Triunfo N\u00ba2 2\u00ba Vigo 36202, Pontevedra, Spanien<br>Telefon: +34 630 93 31 17<br>Mail: info@arvicacao.com<br><strong>Online-Streitbeilegung (<a href=\"https:\/\/ec.europa.eu\/consumers\/odr\/main\/?event=main.home.howitworks\" target=\"_blank\" rel=\"noopener\">Online Dispute Resolution<\/a>)<\/strong><\/p>\n<p>Gem\u00e4\u00df Art. 14.1 der Verordnung (EU) 524\/2013 stellt die Europ\u00e4ische Kommission eine frei zug\u00e4ngliche Plattform f\u00fcr die Online-Streitbeilegung zwischen dem NUTZER und dem ANBIETER zur Verf\u00fcgung, ohne dass die Gerichte angerufen werden m\u00fcssen, und zwar durch die Einschaltung eines Dritten, der als Streitbeilegungsstelle bezeichnet wird und als Vermittler zwischen den beiden Parteien fungiert. Dieses Gremium ist neutral und f\u00fchrt einen Dialog mit beiden Parteien, um eine Einigung zu erzielen, und kann schlie\u00dflich eine L\u00f6sung des Konflikts vorschlagen und\/oder durchsetzen.<\/p>\n<p>Link zur ODR-Plattform: <a href=\"http:\/\/ec.europa.eu\/consumers\/odr\/\" target=\"_blank\" rel=\"noopener\">http:\/\/ec.europa.eu\/consumers\/odr\/<\/a><\/p>\n<p><strong>5. GEWALTSAME \u00dcBERGRIFFE<\/strong><\/p>\n<p>Die Parteien haften nicht f\u00fcr Ausf\u00e4lle aufgrund h\u00f6herer Gewalt. Die Erf\u00fcllung der Verpflichtung wird aufgeschoben, bis der Fall der h\u00f6heren Gewalt beendet ist.<\/p>\n<p><strong>6. KOMPETENZ<\/strong><\/p>\n<p>Der BENUTZER darf die Rechte, Verantwortlichkeiten und Verpflichtungen, die er im Rahmen des Kaufvertrags eingegangen ist, nicht abtreten, \u00fcbertragen oder weitergeben.<\/p>\n<p>Sollte eine Bestimmung dieser Bedingungen ung\u00fcltig oder nicht durchsetzbar sein, bleiben die G\u00fcltigkeit, Rechtm\u00e4\u00dfigkeit und Durchsetzbarkeit der \u00fcbrigen Bestimmungen davon unber\u00fchrt und werden in keiner Weise ge\u00e4ndert.<\/p>\n<p>Der BENUTZER erkl\u00e4rt, dass er die vorliegenden Allgemeinen Bedingungen gelesen hat, sie kennt und sie in ihrer Gesamtheit akzeptiert.<\/p>\n<p><strong>7. ALLGEMEINE DATEN DES ANGEBOTS<\/strong><\/p>\n<p>F\u00fcr alle Verk\u00e4ufe und Lieferungen des ANBIETERS gelten diese Allgemeinen Bedingungen.<\/p>\n<p>\u00c4nderungen, Erg\u00e4nzungen oder Vereinbarungen, die im Widerspruch zu dem hier festgelegten kommerziellen Angebot des ANBIETERS stehen, sind nicht wirksam, es sei denn, der ANBIETER hat ihnen ausdr\u00fccklich und schriftlich zugestimmt; in diesem Fall sind diese besonderen Vereinbarungen ma\u00dfgebend.<\/p>\n<p>In Anbetracht des st\u00e4ndigen technischen Fortschritts und der Produktverbesserungen beh\u00e4lt sich der ANBIETER das Recht vor, seine Spezifikationen in Bezug auf die in seiner Werbung gemachten Angaben zu \u00e4ndern, sofern dies den Wert der angebotenen Produkte nicht beeintr\u00e4chtigt. Diese \u00c4nderungen gelten auch f\u00fcr den Fall, dass die M\u00f6glichkeit, die angebotenen Produkte zu liefern, aus irgendeinem Grund beeintr\u00e4chtigt wird.<\/p>\n<p><strong>8. PREIS UND G\u00dcLTIGKEITSDAUER DES ANGEBOTS<\/strong><\/p>\n<p>Die f\u00fcr jedes Produkt angegebenen Preise enthalten die Mehrwertsteuer (MwSt.) oder andere Steuern, die gegebenenfalls anfallen. Diese Preise beinhalten, sofern nicht ausdr\u00fccklich anders angegeben, nicht die Kosten f\u00fcr Versand, Bearbeitung, Verpackung, Versicherung oder sonstige Zusatz- und Nebenleistungen zu dem erworbenen Produkt oder der Dienstleistung.<\/p>\n<p>Die f\u00fcr die einzelnen Produkte geltenden Preise sind die auf der Website ver\u00f6ffentlichten Preise und werden in Euro angegeben. Der BENUTZER geht davon aus, dass die wirtschaftliche Bewertung einiger Produkte in Echtzeit variieren kann.<\/p>\n<p>Bevor Sie Ihren Kauf t\u00e4tigen, k\u00f6nnen Sie online alle Einzelheiten des Angebots \u00fcberpr\u00fcfen: Artikel, Mengen, Preis, Verf\u00fcgbarkeit, Transportkosten, Geb\u00fchren, Rabatte, Steuern und den Gesamtbetrag des Kaufs. Die Preise k\u00f6nnen sich t\u00e4glich \u00e4ndern, bis die Bestellung aufgegeben wird.<\/p>\n<p>Alle an den ANBIETER geleisteten Zahlungen werden dem registrierten BENUTZER oder dem vom BENUTZER zum Zeitpunkt der Bestellung angegebenen Firmennamen in Rechnung gestellt. Diese Rechnung wird zusammen mit dem gekauften Produkt an die vom BENUTZER angegebene E-Mail-Adresse gesendet.<\/p>\n<p>Bei Fragen zur Bestellung kann der BENUTZER den Kundendienst des ANBIETERS unter der Telefonnummer 987 66 00 05 oder per E-Mail unter info@arvicacao.com kontaktieren.<\/p>\n<p><strong>9. TRANSPORTKOSTEN<\/strong><\/p>\n<p>Versand nach Spanien (Halbinsel)<\/p>\n<p>Der Versand betr\u00e4gt 7,00\u20ac.<\/p>\n<p><strong>10. ZAHLUNGSARTEN, GEB\u00dcHREN UND RABATTE<\/strong><\/p>\n<p>Zahlung mit Karte<\/p>\n<p>Zahlungen k\u00f6nnen per Kredit- oder Debitkarte, Visa und Master Card vorgenommen werden.<\/p>\n<ul>\n<li>Wir garantieren, dass jede Transaktion, die Sie bei Chocolates Santocildes t\u00e4tigen, zu 100% sicher ist. Alle Vorg\u00e4nge, die die \u00dcbermittlung von pers\u00f6nlichen Daten oder Bankdaten beinhalten, werden in einer sicheren Umgebung durchgef\u00fchrt. Chocolates Santocildes verwendet einen Server, der auf der Standard-Sicherheitstechnologie SSL (Secure Socket Layer) basiert. Alle Informationen, die Sie uns \u00fcbermitteln, werden verschl\u00fcsselt \u00fcber das Netz \u00fcbertragen.<\/li>\n<li>Ebenso werden Ihre Kreditkartendaten nicht in einer Datenbank gespeichert, sondern gehen direkt an das POS (Point of Sale Terminal) der Bank.<\/li>\n<li>Dar\u00fcber hinaus m\u00f6chten wir Sie dar\u00fcber informieren, dass wir in unserem Bem\u00fchen, den Inhabern von Kreditkarten mehr Sicherheit zu bieten, das sichere Zahlungssystem CES (Comercio Electr\u00f3nico Seguro) in unser Zahlungsportal integriert haben. Auf diese Weise k\u00f6nnen Sie, wenn Sie eine &#8222;gesicherte&#8220; Karte haben, immer mit einer VISA- oder MASTERCARD-Karte in unserem Gesch\u00e4ft bezahlen.<\/li>\n<li>F\u00fcr den Fall, dass Ihre Karte nicht an diesem Zahlungssystem teilnimmt, akzeptiert Chocolates Santocildes nur Zahlungen per VISA- oder MASTERCARD-Kreditkarte f\u00fcr Kunden, die sich als zuverl\u00e4ssig und zuverl\u00e4ssig erwiesen haben.<\/li>\n<li>In beiden F\u00e4llen werden bei Zahlungen mit VISA oder MASTERCARD immer die folgenden Informationen abgefragt: die Kartennummer, das Ablaufdatum und ein Validierungscode, der mit den letzten drei Ziffern der Nummer \u00fcbereinstimmt, die in Kursivschrift auf der R\u00fcckseite Ihrer VISA oder MASTERCARD aufgedruckt ist und somit mehr Garantien f\u00fcr die Sicherheit der Transaktion bietet.<\/li>\n<li>Wichtig! Kreditkartenbetrug ist eine Straftat, und Chocolates Santocildes verfolgt jeden, der eine betr\u00fcgerische Transaktion in unserem Online-Shop vornimmt.<\/li>\n<\/ul>\n<p>Bezahlung mit PayPal<\/p>\n<p>Mit PayPal k\u00f6nnen Sie Ihre Eink\u00e4ufe mit Ihrer Debitkarte, Kreditkarte oder Ihrem Bankkonto bezahlen.<\/p>\n<p>PayPal ist sicher: PayPal speichert Ihre Finanzdaten sicher und sch\u00fctzt sie mit marktf\u00fchrenden Sicherheits- und Betrugspr\u00e4ventionssystemen. Au\u00dferdem werden Ihre finanziellen Daten niemals an den Verk\u00e4ufer weitergegeben.<\/p>\n<p>PayPal ist schnell und einfach: Sie m\u00fcssen keine Karten- oder Kontodaten eingeben, um zu bezahlen. Sie ben\u00f6tigen lediglich Ihre E-Mail-Adresse und ein Passwort.<\/p>\n<p><strong>11. EINKAUFSPROZESS<\/strong><\/p>\n<p><strong>Warenkorb (Budgetsimulation)<\/strong><\/p>\n<p>Jedes Produkt aus unserem Katalog kann in den Warenkorb gelegt werden. Hier werden nur die Artikel, die Menge, der Preis und der Gesamtbetrag vermerkt. Nach dem Speichern des Warenkorbs werden die Steuern, Geb\u00fchren und Rabatte entsprechend den eingegebenen Zahlungs- und Versanddaten berechnet.<\/p>\n<p>Die Warenk\u00f6rbe haben keinen administrativen Bezug, es handelt sich lediglich um einen Bereich, in dem Sie ein Budget simulieren k\u00f6nnen, ohne dass beide Seiten eine Verpflichtung eingehen.<\/p>\n<p>Vom Warenkorb aus k\u00f6nnen Sie eine Bestellung aufgeben, indem Sie die nachstehenden Schritte f\u00fcr die korrekte Formalisierung befolgen:<\/p>\n<p>1. &#8211; \u00dcberpr\u00fcfung der Rechnungsdaten.<br>2. &#8211; \u00dcberpr\u00fcfung der Lieferadresse.<br>3. &#8211; Auswahl der Zahlungsmethode.<br>4. &#8211; Geben Sie die Bestellung (Kauf) auf.<\/p>\n<p>Sobald die Bestellung bearbeitet wurde, sendet das System sofort eine E-Mail an die Verwaltungsabteilung des ANBIETERS.<\/p>\n<p><strong>Bestellungen (Kaufantr\u00e4ge)<\/strong><\/p>\n<p>Le proporcionaremos un n\u00famero de seguimiento.<\/p>\n<p>Wir werden Ihnen einen Link zur Verf\u00fcgung stellen, \u00fcber den Sie Ihre Bestellung online verfolgen k\u00f6nnen.<\/p>\n<p><strong>12. ANWENDBARES RECHT UND GERICHTSBARKEIT<\/strong><\/p>\n<p>Die vorliegenden Bedingungen unterliegen in allen nicht ausdr\u00fccklich geregelten Fragen dem spanischen Recht und sind entsprechend auszulegen. Der ANBIETER und der BENUTZER vereinbaren, alle Streitigkeiten, die sich aus der Bereitstellung der unter diese Bedingungen fallenden Produkte oder Dienstleistungen ergeben k\u00f6nnten, den Gerichten am Wohnsitz des BENUTZERS zu unterbreiten.<\/p>\n<p>F\u00fcr den Fall, dass der BENUTZER seinen Wohnsitz au\u00dferhalb Spaniens hat, verzichten der ANBIETER und der BENUTZER ausdr\u00fccklich auf ihr Recht, einen anderen Gerichtsstand zu w\u00e4hlen, und unterwerfen sich den Gerichten, die der Stadt Vigo, Pontevedra (Spanien) am n\u00e4chsten liegen.<\/p>\n\n","protected":false},"excerpt":{"rendered":"","protected":false},"author":1,"featured_media":0,"parent":0,"menu_order":0,"comment_status":"closed","ping_status":"closed","template":"","meta":{"_joinchat":[],"footnotes":""},"class_list":["post-944","page","type-page","status-publish","hentry"],"yoast_head":"<!-- This site is optimized with the Yoast SEO plugin v22.5 - https:\/\/yoast.com\/wordpress\/plugins\/seo\/ -->\n<title>Bedingungen f\u00fcr den Kauf - Arvicacao<\/title>\n<meta name=\"robots\" content=\"index, follow, max-snippet:-1, max-image-preview:large, max-video-preview:-1\" \/>\n<link rel=\"canonical\" href=\"https:\/\/arvicacao.com\/de\/bedingungen-fuer-den-kauf\" \/>\n<meta property=\"og:locale\" content=\"de_DE\" \/>\n<meta property=\"og:type\" content=\"article\" \/>\n<meta property=\"og:title\" content=\"Bedingungen f\u00fcr den Kauf - Arvicacao\" \/>\n<meta property=\"og:url\" content=\"https:\/\/arvicacao.com\/de\/bedingungen-fuer-den-kauf\" \/>\n<meta property=\"og:site_name\" content=\"Arvicacao\" \/>\n<meta property=\"article:publisher\" content=\"https:\/\/www.facebook.com\/Arvichocolate\" \/>\n<meta property=\"article:modified_time\" content=\"2023-09-01T10:38:29+00:00\" \/>\n<meta name=\"twitter:card\" content=\"summary_large_image\" \/>\n<meta name=\"twitter:label1\" content=\"Gesch\u00e4tzte Lesezeit\" \/>\n\t<meta name=\"twitter:data1\" content=\"9\u00a0Minuten\" \/>\n<script type=\"application\/ld+json\" class=\"yoast-schema-graph\">{\"@context\":\"https:\/\/schema.org\",\"@graph\":[{\"@type\":\"WebPage\",\"@id\":\"https:\/\/arvicacao.com\/de\/bedingungen-fuer-den-kauf\",\"url\":\"https:\/\/arvicacao.com\/de\/bedingungen-fuer-den-kauf\",\"name\":\"Bedingungen f\u00fcr den Kauf - Arvicacao\",\"isPartOf\":{\"@id\":\"https:\/\/arvicacao.com\/#website\"},\"datePublished\":\"2022-05-09T14:42:23+00:00\",\"dateModified\":\"2023-09-01T10:38:29+00:00\",\"breadcrumb\":{\"@id\":\"https:\/\/arvicacao.com\/de\/bedingungen-fuer-den-kauf#breadcrumb\"},\"inLanguage\":\"de\",\"potentialAction\":[{\"@type\":\"ReadAction\",\"target\":[\"https:\/\/arvicacao.com\/de\/bedingungen-fuer-den-kauf\"]}]},{\"@type\":\"BreadcrumbList\",\"@id\":\"https:\/\/arvicacao.com\/de\/bedingungen-fuer-den-kauf#breadcrumb\",\"itemListElement\":[{\"@type\":\"ListItem\",\"position\":1,\"name\":\"Portada\",\"item\":\"https:\/\/arvicacao.com\/de\"},{\"@type\":\"ListItem\",\"position\":2,\"name\":\"Bedingungen f\u00fcr den Kauf\"}]},{\"@type\":\"WebSite\",\"@id\":\"https:\/\/arvicacao.com\/#website\",\"url\":\"https:\/\/arvicacao.com\/\",\"name\":\"Arvicacao\",\"description\":\"Desde el origen a tu f\u00e1brica\",\"publisher\":{\"@id\":\"https:\/\/arvicacao.com\/#organization\"},\"potentialAction\":[{\"@type\":\"SearchAction\",\"target\":{\"@type\":\"EntryPoint\",\"urlTemplate\":\"https:\/\/arvicacao.com\/?s={search_term_string}\"},\"query-input\":\"required name=search_term_string\"}],\"inLanguage\":\"de\"},{\"@type\":\"Organization\",\"@id\":\"https:\/\/arvicacao.com\/#organization\",\"name\":\"Arvicacao\",\"url\":\"https:\/\/arvicacao.com\/\",\"logo\":{\"@type\":\"ImageObject\",\"inLanguage\":\"de\",\"@id\":\"https:\/\/arvicacao.com\/#\/schema\/logo\/image\/\",\"url\":\"https:\/\/arvicacao.com\/wp-content\/uploads\/2021\/09\/arvicacao-chocolate-logo.png\",\"contentUrl\":\"https:\/\/arvicacao.com\/wp-content\/uploads\/2021\/09\/arvicacao-chocolate-logo.png\",\"width\":500,\"height\":500,\"caption\":\"Arvicacao\"},\"image\":{\"@id\":\"https:\/\/arvicacao.com\/#\/schema\/logo\/image\/\"},\"sameAs\":[\"https:\/\/www.facebook.com\/Arvichocolate\",\"https:\/\/www.instagram.com\/arvicacao\",\"https:\/\/es.linkedin.com\/company\/arvicacao\"]}]}<\/script>\n<!-- \/ Yoast SEO plugin. -->","yoast_head_json":{"title":"Bedingungen f\u00fcr den Kauf - Arvicacao","robots":{"index":"index","follow":"follow","max-snippet":"max-snippet:-1","max-image-preview":"max-image-preview:large","max-video-preview":"max-video-preview:-1"},"canonical":"https:\/\/arvicacao.com\/de\/bedingungen-fuer-den-kauf","og_locale":"de_DE","og_type":"article","og_title":"Bedingungen f\u00fcr den Kauf - Arvicacao","og_url":"https:\/\/arvicacao.com\/de\/bedingungen-fuer-den-kauf","og_site_name":"Arvicacao","article_publisher":"https:\/\/www.facebook.com\/Arvichocolate","article_modified_time":"2023-09-01T10:38:29+00:00","twitter_card":"summary_large_image","twitter_misc":{"Gesch\u00e4tzte Lesezeit":"9\u00a0Minuten"},"schema":{"@context":"https:\/\/schema.org","@graph":[{"@type":"WebPage","@id":"https:\/\/arvicacao.com\/de\/bedingungen-fuer-den-kauf","url":"https:\/\/arvicacao.com\/de\/bedingungen-fuer-den-kauf","name":"Bedingungen f\u00fcr den Kauf - Arvicacao","isPartOf":{"@id":"https:\/\/arvicacao.com\/#website"},"datePublished":"2022-05-09T14:42:23+00:00","dateModified":"2023-09-01T10:38:29+00:00","breadcrumb":{"@id":"https:\/\/arvicacao.com\/de\/bedingungen-fuer-den-kauf#breadcrumb"},"inLanguage":"de","potentialAction":[{"@type":"ReadAction","target":["https:\/\/arvicacao.com\/de\/bedingungen-fuer-den-kauf"]}]},{"@type":"BreadcrumbList","@id":"https:\/\/arvicacao.com\/de\/bedingungen-fuer-den-kauf#breadcrumb","itemListElement":[{"@type":"ListItem","position":1,"name":"Portada","item":"https:\/\/arvicacao.com\/de"},{"@type":"ListItem","position":2,"name":"Bedingungen f\u00fcr den Kauf"}]},{"@type":"WebSite","@id":"https:\/\/arvicacao.com\/#website","url":"https:\/\/arvicacao.com\/","name":"Arvicacao","description":"Desde el origen a tu f\u00e1brica","publisher":{"@id":"https:\/\/arvicacao.com\/#organization"},"potentialAction":[{"@type":"SearchAction","target":{"@type":"EntryPoint","urlTemplate":"https:\/\/arvicacao.com\/?s={search_term_string}"},"query-input":"required name=search_term_string"}],"inLanguage":"de"},{"@type":"Organization","@id":"https:\/\/arvicacao.com\/#organization","name":"Arvicacao","url":"https:\/\/arvicacao.com\/","logo":{"@type":"ImageObject","inLanguage":"de","@id":"https:\/\/arvicacao.com\/#\/schema\/logo\/image\/","url":"https:\/\/arvicacao.com\/wp-content\/uploads\/2021\/09\/arvicacao-chocolate-logo.png","contentUrl":"https:\/\/arvicacao.com\/wp-content\/uploads\/2021\/09\/arvicacao-chocolate-logo.png","width":500,"height":500,"caption":"Arvicacao"},"image":{"@id":"https:\/\/arvicacao.com\/#\/schema\/logo\/image\/"},"sameAs":["https:\/\/www.facebook.com\/Arvichocolate","https:\/\/www.instagram.com\/arvicacao","https:\/\/es.linkedin.com\/company\/arvicacao"]}]}},"_links":{"self":[{"href":"https:\/\/arvicacao.com\/de\/wp-json\/wp\/v2\/pages\/944","targetHints":{"allow":["GET"]}}],"collection":[{"href":"https:\/\/arvicacao.com\/de\/wp-json\/wp\/v2\/pages"}],"about":[{"href":"https:\/\/arvicacao.com\/de\/wp-json\/wp\/v2\/types\/page"}],"author":[{"embeddable":true,"href":"https:\/\/arvicacao.com\/de\/wp-json\/wp\/v2\/users\/1"}],"replies":[{"embeddable":true,"href":"https:\/\/arvicacao.com\/de\/wp-json\/wp\/v2\/comments?post=944"}],"version-history":[{"count":1,"href":"https:\/\/arvicacao.com\/de\/wp-json\/wp\/v2\/pages\/944\/revisions"}],"predecessor-version":[{"id":945,"href":"https:\/\/arvicacao.com\/de\/wp-json\/wp\/v2\/pages\/944\/revisions\/945"}],"wp:attachment":[{"href":"https:\/\/arvicacao.com\/de\/wp-json\/wp\/v2\/media?parent=944"}],"curies":[{"name":"wp","href":"https:\/\/api.w.org\/{rel}","templated":true}]}}