{"id":938,"date":"2022-05-09T16:00:53","date_gmt":"2022-05-09T15:00:53","guid":{"rendered":"https:\/\/arvicacao.com\/rechtlicher-hinweis"},"modified":"2024-04-23T14:09:04","modified_gmt":"2024-04-23T13:09:04","slug":"rechtlicher-hinweis","status":"publish","type":"page","link":"https:\/\/arvicacao.com\/de\/rechtlicher-hinweis","title":{"rendered":"Rechtlicher Hinweis"},"content":{"rendered":"\n<h2><strong>GESETZ \u00dcBER DIENSTE DER INFORMATIONSGESELLSCHAFT (LSSI)<\/strong><\/h2>\n<p><strong>ARVICACAO S.L.<\/strong> der Verantwortliche f\u00fcr die Website, im Folgenden VERANTWORTLICHER genannt, stellt den Nutzern dieses Dokument zur Verf\u00fcgung, mit dem er die im Gesetz 34\/2002 vom 11. Juli \u00fcber die Dienste der Informationsgesellschaft und den elektronischen Handel (LSSICE), BOE Nr. 166, festgelegten Verpflichtungen erf\u00fcllen und alle Nutzer der Website \u00fcber die Nutzungsbedingungen informieren m\u00f6chte.<\/p>\n<p><br>Jede Person, die auf diese Website zugreift, \u00fcbernimmt die Rolle des Nutzers und verpflichtet sich zur Einhaltung und strikten Befolgung der hierin enthaltenen Bestimmungen sowie aller anderen m\u00f6glicherweise anwendbaren gesetzlichen Bestimmungen.<br><strong>ARVICACAO S.L.<\/strong> beh\u00e4lt sich das Recht vor, jede Art von Informationen, die auf der Website erscheinen k\u00f6nnen, zu \u00e4ndern, ohne dass eine Verpflichtung zur vorherigen Ank\u00fcndigung oder Information der Nutzer besteht, wobei die Ver\u00f6ffentlichung auf der Website als ausreichend angesehen wird. <strong>ARVICACAO S.L.<\/strong><\/p>\n<p> <\/p>\n<h3><br>1. IDENTIFIKATIONSDATEN<\/h3>\n<p><br>Dom\u00e4nenname:<a href=\"https:\/\/arvicacao.com\/de\">https:\/\/arvicacao.com\/<\/a><br>Handelsname: ARVICACAO<br>Name des Unternehmens: ARVICACAO S.L.<br>NIF: ESB27851922<br>Eingetragener Sitz: Cl Triunfo N\u00ba2, 2\u00ba Vigo 36202, Pontevedra, Spanien<br>Telefon: +34 630 933 117<br>e-mail: info@arvicacao.com<br><br><\/p>\n<p> <\/p>\n<p><br>2. RECHTE AN GEISTIGEM UND GEWERBLICHEM EIGENTUM<\/p>\n<p><br>Die Website, einschlie\u00dflich, aber nicht beschr\u00e4nkt auf ihre Programmierung, Bearbeitung, Zusammenstellung und andere f\u00fcr ihren Betrieb notwendige Elemente, Designs, Logos, Texte und\/oder Grafiken, sind Eigentum der VERANTWORTLICHEN PARTEI oder verf\u00fcgen gegebenenfalls \u00fcber eine Lizenz oder ausdr\u00fcckliche Genehmigung der Urheber. Der gesamte Inhalt der Website ist durch die Vorschriften \u00fcber geistiges und gewerbliches Eigentum ordnungsgem\u00e4\u00df gesch\u00fctzt und in den entsprechenden \u00f6ffentlichen Registern eingetragen.<\/p>\n<p><br>Ungeachtet des Zwecks, f\u00fcr den sie bestimmt sind, bedarf die vollst\u00e4ndige oder teilweise Vervielf\u00e4ltigung, Nutzung, Verwertung, Verbreitung und Vermarktung in jedem Fall der vorherigen schriftlichen Genehmigung durch<br>Teil der VERANTWORTLICHEN. Jede unerlaubte Nutzung wird als schwerwiegende Verletzung der geistigen oder gewerblichen Eigentumsrechte des Urhebers angesehen.<\/p>\n<p><br>Die Designs, Logos, Texte und\/oder Grafiken, die nicht dem VERANTWORTLICHEN geh\u00f6ren und die auf der Website erscheinen k\u00f6nnen, geh\u00f6ren ihren jeweiligen Eigent\u00fcmern, die selbst f\u00fcr eventuelle Kontroversen verantwortlich sind, die in Bezug auf sie entstehen k\u00f6nnen. Der VERANTWORTLICHE gestattet Dritten ausdr\u00fccklich, direkt auf die spezifischen Inhalte der Website zu verweisen und in jedem Fall auf die Hauptwebsite von .<\/p>\n<p><br>Der VERANTWORTLICHE erkennt die entsprechenden Rechte an geistigem und gewerblichem Eigentum zugunsten ihrer Eigent\u00fcmer an, und ihre blo\u00dfe Erw\u00e4hnung oder ihr Erscheinen auf der Website impliziert weder das Vorhandensein von Rechten oder Verantwortung an ihnen noch eine Bef\u00fcrwortung, Unterst\u00fctzung oder Empfehlung durch denselben.<\/p>\n<p>Wenn Sie sich zu m\u00f6glichen Verletzungen von Rechten an geistigem oder gewerblichem Eigentum sowie zu Inhalten der Website \u00e4u\u00dfern m\u00f6chten, k\u00f6nnen Sie dies per E-Mail an info@arvicacaco.com tun.<\/p>\n<p> <\/p>\n<h2>3. HAFTUNGSAUSSCHLUSS<\/h2>\n<p><br>Der VERANTWORTLICHE lehnt jede Haftung f\u00fcr die auf seiner Website ver\u00f6ffentlichten Informationen ab, sofern diese Informationen von einem Dritten au\u00dferhalb der Website manipuliert oder eingegeben wurden.<\/p>\n<p> <\/p>\n<p><br><strong>Verwendung von Cookies<\/strong><\/p>\n<p>Diese Website kann technische Cookies (kleine Informationsdateien, die der Server an den Computer der Person sendet, die auf die Seite zugreift) verwenden, um bestimmte Funktionen auszuf\u00fchren, die f\u00fcr das korrekte Funktionieren und die Darstellung der Website als wesentlich angesehen werden. Die verwendeten Cookies sind in jedem Fall vor\u00fcbergehender Natur und dienen ausschlie\u00dflich dem Zweck, das Surfen effizienter zu gestalten, und verschwinden am Ende der Sitzung des Nutzers. In keinem Fall liefern diese Cookies selbst personenbezogene Daten, und sie werden auch nicht zur Sammlung solcher Daten verwendet.<\/p>\n<p><br>Durch die Verwendung von Cookies ist es auch m\u00f6glich, dass der Server, auf dem sich die Website befindet, den vom Nutzer verwendeten Browser erkennt, um das Surfen zu erleichtern,<br>z. B. den Zugang von Nutzern, die sich zuvor registriert haben, zu Bereichen, Diensten, Werbeaktionen oder Wettbewerben, die ausschlie\u00dflich ihnen vorbehalten sind, ohne dass sie sich bei jedem Besuch neu registrieren m\u00fcssen.<\/p>\n<p><br>Sie k\u00f6nnen auch zur Messung der Besucherzahlen, der Verkehrsparameter, zur Kontrolle des Verlaufs und der Anzahl der Eintr\u00e4ge usw. verwendet werden, wobei es sich in diesen F\u00e4llen um technisch entbehrliche, aber f\u00fcr den Nutzer n\u00fctzliche Cookies handelt. Auf dieser Website werden keine entbehrlichen Cookies ohne die vorherige Zustimmung des Nutzers installiert.<\/p>\n<p><br>Der Nutzer hat die M\u00f6glichkeit, seinen Browser so zu konfigurieren, dass er vor dem Empfang von Cookies gewarnt wird und deren Installation auf seinem Ger\u00e4t verhindert. Weitere Informationen entnehmen Sie bitte der Anleitung Ihres Browsers.<\/p>\n<p> <\/p>\n<p> <\/p>\n<p><strong>Verkn\u00fcpfungspolitik<\/strong><\/p>\n<p><br>Von der Website k\u00f6nnen Sie zu Inhalten auf Websites Dritter weitergeleitet werden. Da der VERANTWORTLICHE die von Dritten auf ihren jeweiligen Websites eingestellten Inhalte nicht immer kontrollieren kann, \u00fcbernimmt der VERANTWORTLICHE keine Haftung f\u00fcr diese Inhalte. In jedem Fall werden Inhalte, die gegen die nationale oder internationale Gesetzgebung, die guten Sitten oder die \u00f6ffentliche Ordnung versto\u00dfen k\u00f6nnten, unverz\u00fcglich entfernt, die Weiterleitung zu dieser Website unverz\u00fcglich aufgehoben und die zust\u00e4ndigen Beh\u00f6rden \u00fcber den betreffenden Inhalt informiert.<\/p>\n<p><br>Der VERANTWORTLICHE ist nicht f\u00fcr die Informationen und Inhalte verantwortlich, die in Foren, Chats, Bloggeneratoren, Kommentaren, sozialen Netzwerken oder anderen Medien gespeichert werden, die es Dritten erm\u00f6glichen, Inhalte unabh\u00e4ngig auf der Website des VERANTWORTLICHEN zu ver\u00f6ffentlichen. In \u00dcbereinstimmung mit den Bestimmungen der Artikel 11 und 16 des LSSICE stellt es sich jedoch allen Nutzern, Beh\u00f6rden und Sicherheitskr\u00e4ften zur Verf\u00fcgung und arbeitet aktiv an der Entfernung oder gegebenenfalls Sperrung aller Inhalte mit, die die nationale oder internationale Gesetzgebung, die Rechte Dritter oder die Moral und die \u00f6ffentliche Ordnung beeintr\u00e4chtigen oder verletzen k\u00f6nnten. Sollte der Nutzer der Ansicht sein, dass es auf der Website Inhalte gibt, die f\u00fcr diese Einstufung in Frage kommen k\u00f6nnten, benachrichtigen Sie bitte unverz\u00fcglich den Administrator der Website.<\/p>\n<p><br>Diese Website wurde \u00fcberpr\u00fcft und getestet, um sicherzustellen, dass sie korrekt funktioniert. Im Prinzip kann der ordnungsgem\u00e4\u00dfe Betrieb 365 Tage im Jahr, 24 Stunden am Tag gew\u00e4hrleistet werden. Die VERANTWORTLICHE PARTEI schlie\u00dft jedoch nicht aus, dass bestimmte Programmierfehler auftreten k\u00f6nnen oder dass h\u00f6here Gewalt, Naturkatastrophen, Streiks oder \u00e4hnliche Umst\u00e4nde den Zugang zur Website unm\u00f6glich machen.<\/p>\n<p> <\/p>\n<p> <\/p>\n<p><strong>IP-Adressen<\/strong><\/p>\n<p><br>Die Server der Website k\u00f6nnen die vom Nutzer verwendete IP-Adresse und den Dom\u00e4nennamen automatisch erkennen. Eine IP-Adresse ist eine Nummer, die einem Computer automatisch zugewiesen wird, wenn er sich mit dem Internet verbindet. Alle diese Informationen werden in einer ordnungsgem\u00e4\u00df registrierten Server-Aktivit\u00e4tsdatei gespeichert, die eine sp\u00e4tere Verarbeitung der Daten erm\u00f6glicht, um rein statistische Messungen zu erhalten, die es erm\u00f6glichen, die Anzahl der Seitenaufrufe, die Anzahl der Besuche auf den Webservern, die Reihenfolge der Besuche, den Zugangspunkt usw. zu ermitteln.<\/p>\n<p> <\/p>\n<h2><br>4. VERSAND- UND R\u00dcCKGABERICHTLINIEN<\/h2>\n<p><br>F\u00fcr die Beilegung aller Streitigkeiten oder Fragen im Zusammenhang mit dieser Website oder den auf ihr durchgef\u00fchrten Aktivit\u00e4ten gilt die spanische Gesetzgebung, der sich die Parteien ausdr\u00fccklich unterwerfen, und die Gerichte, die VIGO am n\u00e4chsten liegen, sind f\u00fcr die Beilegung aller Streitigkeiten, die sich aus der Nutzung dieser Website ergeben oder mit ihr zusammenh\u00e4ngen, zust\u00e4ndig.<\/p>\n<p> <\/p>\n<p><strong>SHIPMENTS<\/strong><\/p>\n<p> <\/p>\n<p>Ihre Eink\u00e4ufe werden an die Lieferadresse versandt, die Sie bei der Erstellung Ihres Kontos angegeben haben. Es ist daher wichtig, dass Sie diese Angaben sorgf\u00e4ltig ausf\u00fcllen. Wir liefern an alle Bestimmungsorte auf dem spanischen Festland. Wir liefern nicht an Postf\u00e4cher.<br><br><strong>Wie lange dauert es, bis meine Bestellung ankommt?<\/strong><\/p>\n<p> <\/p>\n<p>Der Transport wird von einem Transportunternehmen durchgef\u00fchrt, das den T\u00fcr-zu-T\u00fcr-Service innerhalb von 48\/72 Stunden ab unserer Versandbest\u00e4tigung \u00fcbernimmt.<strong>.<\/strong> Sobald die Bestellung unser Lager verl\u00e4sst, erhalten Sie eine E-Mail, die Sie dar\u00fcber informiert, dass die Bestellung angenommen und versandt wurde.<\/p>\n<p> <\/p>\n<p>Bitte beachten Sie, dass lokale Feiertage die Auslieferung von Bestellungen beeintr\u00e4chtigen k\u00f6nnen.<\/p>\n<p> <\/p>\n<p>Sie k\u00f6nnen den Status Ihrer Bestellungen \u00fcber &#8222;Meine Bestellungen&#8220; im Bereich &#8222;Mein Konto&#8220; auf unserer Website verfolgen.<br><br><\/p>\n<p> <\/p>\n<p><strong> <\/strong><\/p>\n<p><strong>Wie werde ich meine Bestellung erhalten?<\/strong><\/p>\n<p> <\/p>\n<p>Wenn Ihre Bestellung geliefert wird, sollten Sie \u00fcberpr\u00fcfen, ob alles mit Ihrer Bestellung \u00fcbereinstimmt. Wenn es irgendeine Unstimmigkeit oder ein Problem mit der Bestellung gibt, vermerken Sie dies bitte auf dem Lieferschein des Spediteurs, und Sie m\u00fcssen uns kontaktieren.<\/p>\n<p> <\/p>\n<p><strong>R\u00dcCKGABE<\/strong><\/p>\n<p><strong> <\/strong><\/p>\n<p><strong>Wie kann ich meine Bestellung zur\u00fcckgeben?<\/strong><\/p>\n<p><br>Sie k\u00f6nnen Ihre Bestellung innerhalb von 7 Tagen nach Erhalt zur\u00fccksenden, sofern es sich nicht um ein frisches oder verderbliches Produkt handelt. Wir akzeptieren keine R\u00fccksendungen von Produkten, die nicht in ihrer Originalverpackung oder mit gebrochenem Siegel geliefert werden, es sei denn, es handelt sich um defekte Produkte.<br><br>Wenn Sie eine Bestellung erhalten, finden Sie in der Anlage ein Formular, das Sie ausf\u00fcllen m\u00fcssen, wenn Sie eine R\u00fccksendung vornehmen m\u00f6chten, und das Sie dem R\u00fccksendeauftrag beif\u00fcgen. Die Kosten gehen zu Ihren Lasten und die Lieferadresse ist:<\/p>\n<p> <\/p>\n<p><strong>ARVICACAO S.L.<\/strong><\/p>\n<p><strong>Cl Triunfo N\u00ba2, 2\u00ba Vigo 36202, Pontevedra, Spanien<\/strong><\/p>\n<p><strong>NIF ESB27851922<\/strong>und mit einer Telefonnummer f\u00fcr den Kundendienst<strong>+34 630 933 117.<\/strong><\/p>\n<p><br>Wir werden die zur\u00fcckgesandten Produkte \u00fcberpr\u00fcfen, um sicherzustellen, dass sie in einem optimalen Zustand ankommen, bevor wir die Betr\u00e4ge zur\u00fcckerstatten, wobei die Versandkosten nicht erstattet werden. Wenn Sie Ihre Bestellung an eine andere Person geschickt haben und diese eine R\u00fccksendung vornehmen m\u00f6chte, erstatten wir den Betrag auf dieselbe Zahlungsmethode und dasselbe Konto, von dem aus die Bestellung get\u00e4tigt wurde. Wir werden die R\u00fccksendung innerhalb von 30 Kalendertagen nach Eingang des R\u00fccksendeauftrags bearbeiten.<\/p>\n<p><br>Die R\u00fcckgabe oder der Umtausch von Artikeln, die online in unseren Gesch\u00e4ften gekauft wurden, ist nicht m\u00f6glich.<\/p>\n<p><br><strong>Was kann ich tun, wenn ich eine falsche oder fehlerhafte Bestellung erhalte?<\/strong><\/p>\n<p> <\/p>\n<p>In diesem Fall bitten wir Sie, uns innerhalb von 24 Stunden nach Erhalt Ihrer Bestellung per E-Mail zu kontaktieren und uns den Fehler oder Defekt zusammen mit Ihren pers\u00f6nlichen Daten mitzuteilen. Wir werden die R\u00fccksendung oder den Ersatz (falls zutreffend) so schnell wie m\u00f6glich innerhalb von 30 Tagen nach Erhalt unserer Best\u00e4tigungs-E-Mail vornehmen.<br><br>Die Betr\u00e4ge, die f\u00fcr die Produkte gezahlt wurden, die wegen eines Defekts oder Fehlers zur\u00fcckgeschickt werden, wenn dieser tats\u00e4chlich vorliegt, werden vollst\u00e4ndig auf die gleiche Weise zur\u00fcckerstattet, auf die die Zahlung erfolgt ist, einschlie\u00dflich der Lieferkosten, die Sie zuvor bezahlt haben, und der Kosten f\u00fcr die R\u00fccksendung. Wenn der Fehler auf den Transport zur\u00fcckzuf\u00fchren ist oder die Verpackung nicht in gutem Zustand ankommt, m\u00fcssen Sie dies auf dem Lieferschein vermerken, den Sie vom Spediteur unterschreiben lassen.<\/p>\n<p> <\/p>\n<p> <\/p>\n<h2><br>5. ANWENDBARES RECHT UND GERICHTSBARKEIT<\/h2>\n<p><br>F\u00fcr die Beilegung aller Streitigkeiten oder Fragen im Zusammenhang mit dieser Website oder den auf ihr durchgef\u00fchrten Aktivit\u00e4ten gilt die spanische Gesetzgebung, der sich die Parteien ausdr\u00fccklich unterwerfen, und die Gerichte, die VIGO am n\u00e4chsten liegen, sind f\u00fcr die Beilegung aller Streitigkeiten, die sich aus der Nutzung dieser Website ergeben oder mit ihr zusammenh\u00e4ngen, zust\u00e4ndig.<\/p>\n\n","protected":false},"excerpt":{"rendered":"","protected":false},"author":1,"featured_media":0,"parent":0,"menu_order":0,"comment_status":"closed","ping_status":"closed","template":"","meta":{"_joinchat":[],"footnotes":""},"class_list":["post-938","page","type-page","status-publish","hentry"],"yoast_head":"<!-- This site is optimized with the Yoast SEO plugin v22.5 - https:\/\/yoast.com\/wordpress\/plugins\/seo\/ -->\n<title>Rechtlicher Hinweis - Arvicacao<\/title>\n<meta name=\"robots\" content=\"index, follow, max-snippet:-1, max-image-preview:large, max-video-preview:-1\" \/>\n<link rel=\"canonical\" href=\"https:\/\/arvicacao.com\/de\/rechtlicher-hinweis\" \/>\n<meta property=\"og:locale\" content=\"de_DE\" \/>\n<meta property=\"og:type\" content=\"article\" \/>\n<meta property=\"og:title\" content=\"Rechtlicher Hinweis - Arvicacao\" \/>\n<meta property=\"og:url\" content=\"https:\/\/arvicacao.com\/de\/rechtlicher-hinweis\" \/>\n<meta property=\"og:site_name\" content=\"Arvicacao\" \/>\n<meta property=\"article:publisher\" content=\"https:\/\/www.facebook.com\/Arvichocolate\" \/>\n<meta property=\"article:modified_time\" content=\"2024-04-23T13:09:04+00:00\" \/>\n<meta name=\"twitter:card\" content=\"summary_large_image\" \/>\n<meta name=\"twitter:label1\" content=\"Gesch\u00e4tzte Lesezeit\" \/>\n\t<meta name=\"twitter:data1\" content=\"9\u00a0Minuten\" \/>\n<script type=\"application\/ld+json\" class=\"yoast-schema-graph\">{\"@context\":\"https:\/\/schema.org\",\"@graph\":[{\"@type\":\"WebPage\",\"@id\":\"https:\/\/arvicacao.com\/de\/rechtlicher-hinweis\",\"url\":\"https:\/\/arvicacao.com\/de\/rechtlicher-hinweis\",\"name\":\"Rechtlicher Hinweis - Arvicacao\",\"isPartOf\":{\"@id\":\"https:\/\/arvicacao.com\/#website\"},\"datePublished\":\"2022-05-09T15:00:53+00:00\",\"dateModified\":\"2024-04-23T13:09:04+00:00\",\"breadcrumb\":{\"@id\":\"https:\/\/arvicacao.com\/de\/rechtlicher-hinweis#breadcrumb\"},\"inLanguage\":\"de\",\"potentialAction\":[{\"@type\":\"ReadAction\",\"target\":[\"https:\/\/arvicacao.com\/de\/rechtlicher-hinweis\"]}]},{\"@type\":\"BreadcrumbList\",\"@id\":\"https:\/\/arvicacao.com\/de\/rechtlicher-hinweis#breadcrumb\",\"itemListElement\":[{\"@type\":\"ListItem\",\"position\":1,\"name\":\"Portada\",\"item\":\"https:\/\/arvicacao.com\/de\"},{\"@type\":\"ListItem\",\"position\":2,\"name\":\"Rechtlicher Hinweis\"}]},{\"@type\":\"WebSite\",\"@id\":\"https:\/\/arvicacao.com\/#website\",\"url\":\"https:\/\/arvicacao.com\/\",\"name\":\"Arvicacao\",\"description\":\"Desde el origen a tu f\u00e1brica\",\"publisher\":{\"@id\":\"https:\/\/arvicacao.com\/#organization\"},\"potentialAction\":[{\"@type\":\"SearchAction\",\"target\":{\"@type\":\"EntryPoint\",\"urlTemplate\":\"https:\/\/arvicacao.com\/?s={search_term_string}\"},\"query-input\":\"required name=search_term_string\"}],\"inLanguage\":\"de\"},{\"@type\":\"Organization\",\"@id\":\"https:\/\/arvicacao.com\/#organization\",\"name\":\"Arvicacao\",\"url\":\"https:\/\/arvicacao.com\/\",\"logo\":{\"@type\":\"ImageObject\",\"inLanguage\":\"de\",\"@id\":\"https:\/\/arvicacao.com\/#\/schema\/logo\/image\/\",\"url\":\"https:\/\/arvicacao.com\/wp-content\/uploads\/2021\/09\/arvicacao-chocolate-logo.png\",\"contentUrl\":\"https:\/\/arvicacao.com\/wp-content\/uploads\/2021\/09\/arvicacao-chocolate-logo.png\",\"width\":500,\"height\":500,\"caption\":\"Arvicacao\"},\"image\":{\"@id\":\"https:\/\/arvicacao.com\/#\/schema\/logo\/image\/\"},\"sameAs\":[\"https:\/\/www.facebook.com\/Arvichocolate\",\"https:\/\/www.instagram.com\/arvicacao\",\"https:\/\/es.linkedin.com\/company\/arvicacao\"]}]}<\/script>\n<!-- \/ Yoast SEO plugin. -->","yoast_head_json":{"title":"Rechtlicher Hinweis - Arvicacao","robots":{"index":"index","follow":"follow","max-snippet":"max-snippet:-1","max-image-preview":"max-image-preview:large","max-video-preview":"max-video-preview:-1"},"canonical":"https:\/\/arvicacao.com\/de\/rechtlicher-hinweis","og_locale":"de_DE","og_type":"article","og_title":"Rechtlicher Hinweis - Arvicacao","og_url":"https:\/\/arvicacao.com\/de\/rechtlicher-hinweis","og_site_name":"Arvicacao","article_publisher":"https:\/\/www.facebook.com\/Arvichocolate","article_modified_time":"2024-04-23T13:09:04+00:00","twitter_card":"summary_large_image","twitter_misc":{"Gesch\u00e4tzte Lesezeit":"9\u00a0Minuten"},"schema":{"@context":"https:\/\/schema.org","@graph":[{"@type":"WebPage","@id":"https:\/\/arvicacao.com\/de\/rechtlicher-hinweis","url":"https:\/\/arvicacao.com\/de\/rechtlicher-hinweis","name":"Rechtlicher Hinweis - Arvicacao","isPartOf":{"@id":"https:\/\/arvicacao.com\/#website"},"datePublished":"2022-05-09T15:00:53+00:00","dateModified":"2024-04-23T13:09:04+00:00","breadcrumb":{"@id":"https:\/\/arvicacao.com\/de\/rechtlicher-hinweis#breadcrumb"},"inLanguage":"de","potentialAction":[{"@type":"ReadAction","target":["https:\/\/arvicacao.com\/de\/rechtlicher-hinweis"]}]},{"@type":"BreadcrumbList","@id":"https:\/\/arvicacao.com\/de\/rechtlicher-hinweis#breadcrumb","itemListElement":[{"@type":"ListItem","position":1,"name":"Portada","item":"https:\/\/arvicacao.com\/de"},{"@type":"ListItem","position":2,"name":"Rechtlicher Hinweis"}]},{"@type":"WebSite","@id":"https:\/\/arvicacao.com\/#website","url":"https:\/\/arvicacao.com\/","name":"Arvicacao","description":"Desde el origen a tu f\u00e1brica","publisher":{"@id":"https:\/\/arvicacao.com\/#organization"},"potentialAction":[{"@type":"SearchAction","target":{"@type":"EntryPoint","urlTemplate":"https:\/\/arvicacao.com\/?s={search_term_string}"},"query-input":"required name=search_term_string"}],"inLanguage":"de"},{"@type":"Organization","@id":"https:\/\/arvicacao.com\/#organization","name":"Arvicacao","url":"https:\/\/arvicacao.com\/","logo":{"@type":"ImageObject","inLanguage":"de","@id":"https:\/\/arvicacao.com\/#\/schema\/logo\/image\/","url":"https:\/\/arvicacao.com\/wp-content\/uploads\/2021\/09\/arvicacao-chocolate-logo.png","contentUrl":"https:\/\/arvicacao.com\/wp-content\/uploads\/2021\/09\/arvicacao-chocolate-logo.png","width":500,"height":500,"caption":"Arvicacao"},"image":{"@id":"https:\/\/arvicacao.com\/#\/schema\/logo\/image\/"},"sameAs":["https:\/\/www.facebook.com\/Arvichocolate","https:\/\/www.instagram.com\/arvicacao","https:\/\/es.linkedin.com\/company\/arvicacao"]}]}},"_links":{"self":[{"href":"https:\/\/arvicacao.com\/de\/wp-json\/wp\/v2\/pages\/938","targetHints":{"allow":["GET"]}}],"collection":[{"href":"https:\/\/arvicacao.com\/de\/wp-json\/wp\/v2\/pages"}],"about":[{"href":"https:\/\/arvicacao.com\/de\/wp-json\/wp\/v2\/types\/page"}],"author":[{"embeddable":true,"href":"https:\/\/arvicacao.com\/de\/wp-json\/wp\/v2\/users\/1"}],"replies":[{"embeddable":true,"href":"https:\/\/arvicacao.com\/de\/wp-json\/wp\/v2\/comments?post=938"}],"version-history":[{"count":1,"href":"https:\/\/arvicacao.com\/de\/wp-json\/wp\/v2\/pages\/938\/revisions"}],"predecessor-version":[{"id":939,"href":"https:\/\/arvicacao.com\/de\/wp-json\/wp\/v2\/pages\/938\/revisions\/939"}],"wp:attachment":[{"href":"https:\/\/arvicacao.com\/de\/wp-json\/wp\/v2\/media?parent=938"}],"curies":[{"name":"wp","href":"https:\/\/api.w.org\/{rel}","templated":true}]}}